

{"id":5126,"date":"2025-07-01T11:34:13","date_gmt":"2025-07-01T11:34:13","guid":{"rendered":"https:\/\/www.autobuseslaunion.com\/?page_id=5126"},"modified":"2025-07-01T11:34:15","modified_gmt":"2025-07-01T11:34:15","slug":"a3700","status":"publish","type":"page","link":"https:\/\/www.autobuseslaunion.com\/eu\/a3700\/","title":{"rendered":"Descarga de horarios"},"content":{"rendered":"<p>[vc_row][vc_column][title type=&#8221;h2&#8243;]Descarga de horarios[\/title][vc_column_text el_class=&#8221;descarga-horarios&#8221;]Descargue el horario de la l\u00ednea que desee, en formato PDF.<\/p>\n<div class=\"overflow-tabla\">\n<table>\n<tbody>\n<tr>\n<th>L\u00edneas\/Recorridos<\/th>\n<th>Compa\u00f1\u00edas<\/th>\n<th>Horarios<\/th>\n<th>M\u00e1s informaci\u00f3n<\/th>\n<\/tr>\n<tr>\n<td>BILBAO \u2013 VITORIA\/GASTEIZ Invierno<\/td>\n<td>La Uni\u00f3n, S.A<\/td>\n<td><a class=\"download\" href=\"https:\/\/www.autobuseslaunion.com\/wp-content\/uploads\/2019\/09\/2019_oto\u00f1o_bilbao-gasteiz-bilbao_WEB-convertido.pdf\" target=\"_blank\" rel=\"noopener\">PDF<\/a><\/td>\n<td>&#8211;<\/td>\n<\/tr>\n<tr>\n<td>BILBAO \u2013 VITORIA\/GASTEIZ Verano<\/td>\n<td>La Uni\u00f3n, S.A<\/td>\n<td><a class=\"download\" href=\"https:\/\/www.autobuseslaunion.com\/wp-content\/uploads\/2019\/07\/20190719_verano_bilbao-gasteiz-bilbao_WEB.pdf\" target=\"_blank\" rel=\"noopener\">PDF<\/a><\/td>\n<td>&#8211;<\/td>\n<\/tr>\n<tr>\n<td>BILBAO \u2013 PAMPLONA<\/td>\n<td>La Uni\u00f3n, S.A<br \/>\nLa Burundesa, S.A.U<\/td>\n<td><a class=\"download\" href=\"https:\/\/www.autobuseslaunion.com\/wp-content\/uploads\/2019\/11\/PAMPLONA-BILBAO-12-11-2019-PDF.pdf\" target=\"_blank\" rel=\"noopener\">PDF<\/a><\/td>\n<td>&#8211;<\/td>\n<\/tr>\n<tr>\n<td>BILBAO &#8211; ALSASUA La Uni\u00f3n, S.A<\/td>\n<td>La Uni\u00f3n, S.A<br \/>\nLa Burundesa, S.A.U.<\/td>\n<td><a class=\"download\" href=\"https:\/\/www.autobuseslaunion.com\/wp-content\/uploads\/2018\/05\/Bilbao-Alsasua.pdf\" target=\"_blank\" rel=\"noopener\">PDF<\/a><\/td>\n<td>&#8211;<\/td>\n<\/tr>\n<tr>\n<td>VITORIA\/GASTEIZ &#8211; LEIOA(UPV) Invierno<\/td>\n<td>La Uni\u00f3n, S.A<\/td>\n<td><a class=\"download\" href=\"https:\/\/www.autobuseslaunion.com\/wp-content\/uploads\/2019\/07\/2019_oto\u00f1o_bilbao-gasteiz-bilbao_WEB.pdf\" target=\"_blank\" rel=\"noopener\">PDF<\/a><\/td>\n<td>&#8211;<\/td>\n<\/tr>\n<tr>\n<td>VITORIA\/GASTEIZ &#8211; LEIOA(UPV) Verano<\/td>\n<td>La Uni\u00f3n, S.A<\/td>\n<td><a href=\"https:\/\/www.autobuseslaunion.com\/wp-content\/uploads\/2019\/07\/20190719_verano_bilbao-gasteiz-bilbao_WEB.pdf\">PDF<\/a><\/td>\n<td>&#8211;<\/td>\n<\/tr>\n<tr>\n<td>GALLARTA &#8211; VITORIA\/GASTEIZ Invierno<\/td>\n<td>La Uni\u00f3n, S.A<\/td>\n<td><a class=\"download\" href=\"https:\/\/www.autobuseslaunion.com\/wp-content\/uploads\/2018\/05\/Gallarta-VitoriaInvierno.pdf\" target=\"_blank\" rel=\"noopener\">PDF<\/a><\/td>\n<td>&#8211;<\/td>\n<\/tr>\n<tr>\n<td>GALLARTA &#8211; VITORIA\/GASTEIZ Verano<\/td>\n<td>La Uni\u00f3n, S.A<\/td>\n<td><!--<a class=\"download\" href=\"https:\/\/www.autobuseslaunion.com\/wp-content\/uploads\/2018\/05\/MargenesVerano-1.pdf\" target=\"_blank\" rel=\"noopener\">PDF<\/a>--><a href=\"https:\/\/www.autobuseslaunion.com\/wp-content\/uploads\/2019\/07\/H.MARGEN-IZDA-VERANO-2019.pdf\">PDF<\/a><\/td>\n<td>&#8211;<\/td>\n<\/tr>\n<tr>\n<td>ALGORTA &#8211; VITORIA\/GASTEIZ Invierno<\/td>\n<td>La Uni\u00f3n, S.A<\/td>\n<td><a class=\"download\" href=\"https:\/\/www.autobuseslaunion.com\/wp-content\/uploads\/2018\/05\/Algorta-VitoriaInvierno.pdf\" target=\"_blank\" rel=\"noopener\">PDF<\/a><\/td>\n<td>&#8211;<\/td>\n<\/tr>\n<tr>\n<td>ALGORTA &#8211; VITORIA\/GASTEIZ Verano<\/td>\n<td>La Uni\u00f3n, S.A<\/td>\n<td><a href=\"https:\/\/www.autobuseslaunion.com\/wp-content\/uploads\/2019\/07\/H.MARGEN-DRCHA-VERANO-2019.pdf\">PDF<\/a><\/td>\n<td>&#8211;<\/td>\n<\/tr>\n<tr>\n<td>VALLE DE AYALA<\/td>\n<td>La Uni\u00f3n, S.A<\/td>\n<td><a class=\"download\" href=\"https:\/\/www.autobuseslaunion.com\/wp-content\/uploads\/2018\/12\/horarios_Ayala.pdf\" target=\"_blank\" rel=\"noopener\">PDF<\/a><\/td>\n<td>&#8211;<\/td>\n<\/tr>\n<tr>\n<td>PAMPLONA \u2013 ARBIZU<\/td>\n<td>La Burundesa, S.A.U.<\/td>\n<td><a class=\"download\" href=\"https:\/\/www.autobuseslaunion.com\/wp-content\/uploads\/2019\/11\/ARBIZU-14-11-2019-PDF.pdf\" target=\"_blank\" rel=\"noopener\">PDF<\/a><\/td>\n<td><a class=\"download\" href=\"https:\/\/laburundesa.com\/pamplona-arbizu\/\" target=\"_blank\" rel=\"noopener\">Ver<\/a><\/td>\n<\/tr>\n<tr>\n<td>PAMPLONA \u2013 ETXARRI<\/td>\n<td>La Burundesa, S.A.U.<\/td>\n<td><a class=\"download\" href=\"https:\/\/www.autobuseslaunion.com\/wp-content\/uploads\/2019\/11\/ETXARRI-14-11-2019-PDF.pdf\" target=\"_blank\" rel=\"noopener\">PDF<\/a><\/td>\n<td><a class=\"download\" href=\"https:\/\/laburundesa.com\/pamplona-etxarri\/\" target=\"_blank\" rel=\"noopener\">Ver<\/a><\/td>\n<\/tr>\n<tr>\n<td>PAMPLONA \u2013 UHARTE ARAKIL<\/td>\n<td>La Burundesa, S.A.U.<\/td>\n<td><a class=\"download\" href=\"https:\/\/www.autobuseslaunion.com\/wp-content\/uploads\/2019\/11\/PAMPLONA-HUARTE-14-11-2019-PDF.pdf\" target=\"_blank\" rel=\"noopener\">PDF<\/a><\/td>\n<td><a class=\"download\" href=\"https:\/\/laburundesa.com\/lineas-regulares\/pamplona-uharte-arakil\/\" target=\"_blank\" rel=\"noopener\">Ver<\/a><\/td>\n<\/tr>\n<tr>\n<td>PAMPLONA \u2013 LESAKA &#8211; SAN SEBASTIAN<\/td>\n<td>La Burundesa, S.A.U.<\/td>\n<td><a class=\"download\" href=\"https:\/\/www.autobuseslaunion.com\/wp-content\/uploads\/2018\/05\/Pamplona-Lesaka-Donosti.pdf\" target=\"_blank\" rel=\"noopener\">PDF<\/a><\/td>\n<td>&#8211;<\/td>\n<\/tr>\n<tr>\n<td>PAMPLONA \u2013 IRURTZUN<\/td>\n<td>La Burundesa, S.A.U.<\/td>\n<td><a class=\"download\" href=\"https:\/\/www.autobuseslaunion.com\/wp-content\/uploads\/2019\/11\/PAMPLONA-IRURZUN-24-09-2018-PDF.pdf\" target=\"_blank\" rel=\"noopener\">PDF<\/a><\/td>\n<td><a class=\"download\" href=\"https:\/\/laburundesa.com\/lineas-regulares\/pamplona-irurtzun-2\/\" target=\"_blank\" rel=\"noopener\">Ver<\/a><\/td>\n<\/tr>\n<tr>\n<td>PAMPLONA \u2013 LAKUNTZA<\/td>\n<td>La Burundesa, S.A.U.<\/td>\n<td><a class=\"download\" href=\"https:\/\/www.autobuseslaunion.com\/wp-content\/uploads\/2019\/11\/PAMPLONA-LACUNZA-24-09-2018-PDF.pdf\" target=\"_blank\" rel=\"noopener\">PDF<\/a><\/td>\n<td><a class=\"download\" href=\"https:\/\/laburundesa.com\/pamplona-lakuntza\/\" target=\"_blank\" rel=\"noopener\">Ver<\/a><\/td>\n<\/tr>\n<tr>\n<td>PAMPLONA \u2013 OLAZTIA<\/td>\n<td>La Burundesa, S.A.U.<\/td>\n<td><a class=\"download\" href=\"https:\/\/www.autobuseslaunion.com\/wp-content\/uploads\/2019\/11\/PAMPLONA-OLAZTI-24-09-2018-PDF.pdf\" target=\"_blank\" rel=\"noopener\">PDF<\/a><\/td>\n<td><a class=\"download\" href=\"https:\/\/laburundesa.com\/pamplona-olazti\/\" target=\"_blank\" rel=\"noopener\">Ver<\/a><\/td>\n<\/tr>\n<tr>\n<td>VITORIA\/GASTEIZ &#8211; SALVATIERRA<\/td>\n<td>La Burundesa, S.A.U.<\/td>\n<td><a class=\"download\" href=\"https:\/\/www.autobuseslaunion.com\/wp-content\/uploads\/2019\/05\/MODIFICACION-HORARIOS-AGURAIN-VITORIA.pdf\" target=\"_blank\" rel=\"noopener\">PDF<\/a><\/td>\n<td>&#8211;<\/td>\n<\/tr>\n<tr>\n<td>VITORIA\/GASTEIZ &#8211; ALSASUA<\/td>\n<td>La Burundesa, S.A.U.<\/td>\n<td><a class=\"download\" href=\"https:\/\/www.autobuseslaunion.com\/wp-content\/uploads\/2018\/12\/VITORIA-ALSASUA-24-09-2018-1.pdf\" target=\"_blank\" rel=\"noopener\">PDF<\/a><\/td>\n<td><a class=\"download\" href=\"http:\/\/laburundesa.com\/la-burundesa-autobus-vitoria-alsasua\/\" target=\"_blank\" rel=\"noopener\">Ver<\/a><\/td>\n<\/tr>\n<tr>\n<td>VITORIA\/GASTEIZ &#8211; ARBIZU<\/td>\n<td>La Burundesa, S.A.U.<\/td>\n<td><a class=\"download\" href=\"https:\/\/www.autobuseslaunion.com\/wp-content\/uploads\/2019\/11\/VITORIA-ARBIZU-14-11-2019-PDF.pdf\" target=\"_blank\" rel=\"noopener\">PDF<\/a><\/td>\n<td><a class=\"download\" href=\"http:\/\/laburundesa.com\/vitoria-arbizu\/\" target=\"_blank\" rel=\"noopener\">Ver<\/a><\/td>\n<\/tr>\n<tr>\n<td>VITORIA\/GASTEIZ &#8211; ETXARRI<\/td>\n<td>La Burundesa, S.A.U.<\/td>\n<td><a class=\"download\" href=\"https:\/\/www.autobuseslaunion.com\/wp-content\/uploads\/2019\/11\/ETXARRI-VITORIA-14-11-2019-PDF.pdf\" target=\"_blank\" rel=\"noopener\">PDF<\/a><\/td>\n<td><a class=\"download\" href=\"http:\/\/laburundesa.com\/vitoria-etxarri\/\" target=\"_blank\" rel=\"noopener\">Ver<\/a><\/td>\n<\/tr>\n<tr>\n<td>VITORIA\/GASTEIZ &#8211; UHARTE ARAKIL<\/td>\n<td>La Burundesa, S.A.U.<\/td>\n<td><a class=\"download\" href=\"https:\/\/www.autobuseslaunion.com\/wp-content\/uploads\/2019\/11\/VITORIA-UHARTE-14-11-2019-PDF.pdf\" target=\"_blank\" rel=\"noopener\">PDF<\/a><\/td>\n<td><a class=\"download\" href=\"http:\/\/laburundesa.com\/vitoria-uharte-arakil\/\" target=\"_blank\" rel=\"noopener\">Ver<\/a><\/td>\n<\/tr>\n<tr>\n<td>VITORIA\/GASTEIZ &#8211; IRURTZUN<\/td>\n<td>La Burundesa, S.A.U.<\/td>\n<td><a class=\"download\" href=\"https:\/\/www.autobuseslaunion.com\/wp-content\/uploads\/2019\/11\/VITORIA-IRURZUN-24-09-2018-PDF.pdf\" target=\"_blank\" rel=\"noopener\">PDF<\/a><\/td>\n<td><a class=\"download\" href=\"http:\/\/laburundesa.com\/vitoria-irurtzun\/\" target=\"_blank\" rel=\"noopener\">Ver<\/a><\/td>\n<\/tr>\n<tr>\n<td>VITORIA\/GASTEIZ &#8211; LAKUNTZA<\/td>\n<td>La Burundesa, S.A.U.<\/td>\n<td><a class=\"download\" href=\"https:\/\/laburundesa.com\/wp-content\/uploads\/2019\/11\/VITORIA-LAKUNTZA-24-09-2018-PDF.pdf\" target=\"_blank\" rel=\"noopener\">PDF<\/a><\/td>\n<td><a class=\"download\" href=\"http:\/\/laburundesa.com\/vitoria-lakuntza\/\" target=\"_blank\" rel=\"noopener\">Ver<\/a><\/td>\n<\/tr>\n<tr>\n<td>VITORIA\/GASTEIZ &#8211; OLAZTI<\/td>\n<td>La Burundesa, S.A.U.<\/td>\n<td><a class=\"download\" href=\"https:\/\/laburundesa.com\/wp-content\/uploads\/2019\/11\/VITORIA-OLAZTI-24-09-2018-PDF.pdf\" target=\"_blank\" rel=\"noopener\">PDF<\/a><\/td>\n<td><a class=\"download\" href=\"http:\/\/laburundesa.com\/vitoria-olazti\/\" target=\"_blank\" rel=\"noopener\">Ver<\/a><\/td>\n<\/tr>\n<tr>\n<td>PAMPLONA &#8211; ALSASUA<\/td>\n<td>La Burundesa, S.A.U.<\/td>\n<td><a class=\"download\" href=\"https:\/\/www.autobuseslaunion.com\/wp-content\/uploads\/2018\/12\/PAMPLONA-ALSASUA-24-09-2018-1.pdf\" target=\"_blank\" rel=\"noopener\">PDF<\/a><\/td>\n<td><a class=\"download\" href=\"http:\/\/laburundesa.com\/pamplona-alsasua\/\" target=\"_blank\" rel=\"noopener\">Ver<\/a><\/td>\n<\/tr>\n<tr>\n<td>VITORIA\/GASTEIZ &#8211; PAMPLONA<\/td>\n<td>La Burundesa, S.A.U.<\/td>\n<td><a class=\"download\" href=\"https:\/\/www.autobuseslaunion.com\/wp-content\/uploads\/2019\/11\/Pamplona-Vitoria-24-09-2018-PDF.pdf\" target=\"_blank\" rel=\"noopener\">PDF<\/a><\/td>\n<td>&#8211;<\/td>\n<\/tr>\n<tr>\n<td>CLINICA UBARMIN<\/td>\n<td>La Burundesa, S.A.U.<\/td>\n<td><a class=\"download\" href=\"https:\/\/www.autobuseslaunion.com\/wp-content\/uploads\/2018\/05\/Ubarmin.pdf\" target=\"_blank\" rel=\"noopener\">PDF<\/a><\/td>\n<td><a class=\"download\" href=\"http:\/\/laburundesa.com\/pamplona-clinica-ubarmin\/\" target=\"_blank\" rel=\"noopener\">Ver<\/a><\/td>\n<\/tr>\n<tr>\n<td>PAMPLONA &#8211; ZARAUTZ<\/td>\n<td>La Burundesa, S.A.U.<\/td>\n<td><a class=\"download\" href=\"https:\/\/www.autobuseslaunion.com\/wp-content\/uploads\/2018\/05\/Pamplona-Zarauz.pdf\" target=\"_blank\" rel=\"noopener\">PDF<\/a><\/td>\n<td><a class=\"download\" href=\"http:\/\/laburundesa.com\/pamplona-zarautz\/\" target=\"_blank\" rel=\"noopener\">Ver<\/a><\/td>\n<\/tr>\n<tr>\n<td>PAMPLONA &#8211; SANTANDER<\/td>\n<td>La Burundesa, S.A.U.<\/td>\n<td><a class=\"download\" href=\"https:\/\/www.autobuseslaunion.com\/wp-content\/uploads\/2019\/11\/SANTANDER-INVIERNO-PDF.pdf\" target=\"_blank\" rel=\"noopener\">PDF<\/a><\/td>\n<td><a class=\"download\" href=\"http:\/\/laburundesa.com\/pamplona-santander-2\/\" target=\"_blank\" rel=\"noopener\">Ver<\/a><\/td>\n<\/tr>\n<tr>\n<td>PAMPLONA &#8211; JACA<\/td>\n<td>La Burundesa, S.A.U.<\/td>\n<td><a class=\"download\" href=\"https:\/\/www.autobuseslaunion.com\/wp-content\/uploads\/2018\/05\/Jaca.pdf\" target=\"_blank\" rel=\"noopener\">PDF<\/a><\/td>\n<td><a class=\"download\" href=\"http:\/\/laburundesa.com\/pamplona-jaca\/\" target=\"_blank\" rel=\"noopener\">Ver<\/a><\/td>\n<\/tr>\n<tr>\n<td><\/td>\n<td><\/td>\n<td><\/td>\n<td><\/td>\n<\/tr>\n<\/tbody>\n<\/table>\n<\/div>\n<p>[\/vc_column_text][\/vc_column][\/vc_row]<\/p>\n","protected":false},"excerpt":{"rendered":"<p>[vc_row][vc_column][title type=&#8221;h2&#8243;]Descarga de horarios[\/title][vc_column_text el_class=&#8221;descarga-horarios&#8221;]Descargue el horario de la l\u00ednea que desee, en formato PDF. L\u00edneas\/Recorridos Compa\u00f1\u00edas Horarios M\u00e1s informaci\u00f3n BILBAO \u2013 VITORIA\/GASTEIZ Invierno La Uni\u00f3n, S.A PDF &#8211; BILBAO \u2013 VITORIA\/GASTEIZ Verano La Uni\u00f3n, S.A PDF &#8211; BILBAO \u2013 PAMPLONA La Uni\u00f3n, S.A La Burundesa, S.A.U PDF &#8211; BILBAO &#8211; ALSASUA La Uni\u00f3n, S.A<\/p>\n","protected":false},"author":1,"featured_media":0,"parent":0,"menu_order":0,"comment_status":"closed","ping_status":"closed","template":"","meta":{"footnotes":""},"class_list":["post-5126","page","type-page","status-publish","hentry"],"yoast_head":"<!-- This site is optimized with the Yoast SEO plugin v27.4 - https:\/\/yoast.com\/product\/yoast-seo-wordpress\/ -->\r\n<title>Descarga de horarios de autob\u00fas | Autobuses La Uni\u00f3n<\/title>\r\n<meta name=\"description\" content=\"Consulta y descarga los horarios de autob\u00fas de las l\u00edneas de Autobuses La Uni\u00f3n en formato PDF de las l\u00edneas que desees\" \/>\r\n<meta name=\"robots\" content=\"index, follow, max-snippet:-1, max-image-preview:large, max-video-preview:-1\" \/>\r\n<link rel=\"canonical\" href=\"https:\/\/www.autobuseslaunion.com\/a3700\/\" \/>\r\n<meta property=\"og:locale\" content=\"eu_ES\" \/>\r\n<meta property=\"og:type\" content=\"article\" \/>\r\n<meta property=\"og:title\" content=\"Descarga de horarios de autob\u00fas | Autobuses La Uni\u00f3n\" \/>\r\n<meta property=\"og:description\" content=\"Consulta y descarga los horarios de autob\u00fas de las l\u00edneas de Autobuses La Uni\u00f3n en formato PDF de las l\u00edneas que desees\" \/>\r\n<meta property=\"og:url\" content=\"https:\/\/www.autobuseslaunion.com\/a3700\/\" \/>\r\n<meta property=\"og:site_name\" content=\"Autobuses la Uni\u00f3n\" \/>\r\n<meta property=\"article:publisher\" content=\"https:\/\/www.facebook.com\/AutobusesLaUnion\" \/>\r\n<meta property=\"article:modified_time\" content=\"2025-07-01T11:34:15+00:00\" \/>\r\n<meta name=\"twitter:card\" content=\"summary_large_image\" \/>\r\n<meta name=\"twitter:site\" content=\"@BusesLaUnion\" \/>\r\n<meta name=\"twitter:label1\" content=\"Est. reading time\" \/>\n\t<meta name=\"twitter:data1\" content=\"2 minutes\" \/>\r\n<script type=\"application\/ld+json\" class=\"yoast-schema-graph\">{\"@context\":\"https:\\\/\\\/schema.org\",\"@graph\":[{\"@type\":\"WebPage\",\"@id\":\"https:\\\/\\\/www.autobuseslaunion.com\\\/a3700\\\/\",\"url\":\"https:\\\/\\\/www.autobuseslaunion.com\\\/a3700\\\/\",\"name\":\"Descarga de horarios de autob\u00fas | Autobuses La Uni\u00f3n\",\"isPartOf\":{\"@id\":\"https:\\\/\\\/www.autobuseslaunion.com\\\/#website\"},\"datePublished\":\"2025-07-01T11:34:13+00:00\",\"dateModified\":\"2025-07-01T11:34:15+00:00\",\"description\":\"Consulta y descarga los horarios de autob\u00fas de las l\u00edneas de Autobuses La Uni\u00f3n en formato PDF de las l\u00edneas que desees\",\"breadcrumb\":{\"@id\":\"https:\\\/\\\/www.autobuseslaunion.com\\\/a3700\\\/#breadcrumb\"},\"inLanguage\":\"eu-ES\",\"potentialAction\":[{\"@type\":\"ReadAction\",\"target\":[\"https:\\\/\\\/www.autobuseslaunion.com\\\/a3700\\\/\"]}]},{\"@type\":\"BreadcrumbList\",\"@id\":\"https:\\\/\\\/www.autobuseslaunion.com\\\/a3700\\\/#breadcrumb\",\"itemListElement\":[{\"@type\":\"ListItem\",\"position\":1,\"name\":\"Portada\",\"item\":\"https:\\\/\\\/www.autobuseslaunion.com\\\/eu\\\/\"},{\"@type\":\"ListItem\",\"position\":2,\"name\":\"Descarga de horarios\"}]},{\"@type\":\"WebSite\",\"@id\":\"https:\\\/\\\/www.autobuseslaunion.com\\\/#website\",\"url\":\"https:\\\/\\\/www.autobuseslaunion.com\\\/\",\"name\":\"Autobuses la Uni\u00f3n\",\"description\":\"\",\"publisher\":{\"@id\":\"https:\\\/\\\/www.autobuseslaunion.com\\\/#organization\"},\"potentialAction\":[{\"@type\":\"SearchAction\",\"target\":{\"@type\":\"EntryPoint\",\"urlTemplate\":\"https:\\\/\\\/www.autobuseslaunion.com\\\/?s={search_term_string}\"},\"query-input\":{\"@type\":\"PropertyValueSpecification\",\"valueRequired\":true,\"valueName\":\"search_term_string\"}}],\"inLanguage\":\"eu-ES\"},{\"@type\":\"Organization\",\"@id\":\"https:\\\/\\\/www.autobuseslaunion.com\\\/#organization\",\"name\":\"Autobuses la Uni\u00f3n\",\"url\":\"https:\\\/\\\/www.autobuseslaunion.com\\\/\",\"logo\":{\"@type\":\"ImageObject\",\"inLanguage\":\"eu-ES\",\"@id\":\"https:\\\/\\\/www.autobuseslaunion.com\\\/#\\\/schema\\\/logo\\\/image\\\/\",\"url\":\"https:\\\/\\\/www.autobuseslaunion.com\\\/wp-content\\\/uploads\\\/2025\\\/04\\\/launion.png\",\"contentUrl\":\"https:\\\/\\\/www.autobuseslaunion.com\\\/wp-content\\\/uploads\\\/2025\\\/04\\\/launion.png\",\"width\":717,\"height\":276,\"caption\":\"Autobuses la Uni\u00f3n\"},\"image\":{\"@id\":\"https:\\\/\\\/www.autobuseslaunion.com\\\/#\\\/schema\\\/logo\\\/image\\\/\"},\"sameAs\":[\"https:\\\/\\\/www.facebook.com\\\/AutobusesLaUnion\",\"https:\\\/\\\/x.com\\\/BusesLaUnion\",\"https:\\\/\\\/www.instagram.com\\\/autobuseslaunion\\\/\"]}]}<\/script>\r\n<!-- \/ Yoast SEO plugin. -->","yoast_head_json":{"title":"Descarga de horarios de autob\u00fas | Autobuses La Uni\u00f3n","description":"Consulta y descarga los horarios de autob\u00fas de las l\u00edneas de Autobuses La Uni\u00f3n en formato PDF de las l\u00edneas que desees","robots":{"index":"index","follow":"follow","max-snippet":"max-snippet:-1","max-image-preview":"max-image-preview:large","max-video-preview":"max-video-preview:-1"},"canonical":"https:\/\/www.autobuseslaunion.com\/a3700\/","og_locale":"eu_ES","og_type":"article","og_title":"Descarga de horarios de autob\u00fas | Autobuses La Uni\u00f3n","og_description":"Consulta y descarga los horarios de autob\u00fas de las l\u00edneas de Autobuses La Uni\u00f3n en formato PDF de las l\u00edneas que desees","og_url":"https:\/\/www.autobuseslaunion.com\/a3700\/","og_site_name":"Autobuses la Uni\u00f3n","article_publisher":"https:\/\/www.facebook.com\/AutobusesLaUnion","article_modified_time":"2025-07-01T11:34:15+00:00","twitter_card":"summary_large_image","twitter_site":"@BusesLaUnion","twitter_misc":{"Est. reading time":"2 minutes"},"schema":{"@context":"https:\/\/schema.org","@graph":[{"@type":"WebPage","@id":"https:\/\/www.autobuseslaunion.com\/a3700\/","url":"https:\/\/www.autobuseslaunion.com\/a3700\/","name":"Descarga de horarios de autob\u00fas | Autobuses La Uni\u00f3n","isPartOf":{"@id":"https:\/\/www.autobuseslaunion.com\/#website"},"datePublished":"2025-07-01T11:34:13+00:00","dateModified":"2025-07-01T11:34:15+00:00","description":"Consulta y descarga los horarios de autob\u00fas de las l\u00edneas de Autobuses La Uni\u00f3n en formato PDF de las l\u00edneas que desees","breadcrumb":{"@id":"https:\/\/www.autobuseslaunion.com\/a3700\/#breadcrumb"},"inLanguage":"eu-ES","potentialAction":[{"@type":"ReadAction","target":["https:\/\/www.autobuseslaunion.com\/a3700\/"]}]},{"@type":"BreadcrumbList","@id":"https:\/\/www.autobuseslaunion.com\/a3700\/#breadcrumb","itemListElement":[{"@type":"ListItem","position":1,"name":"Portada","item":"https:\/\/www.autobuseslaunion.com\/eu\/"},{"@type":"ListItem","position":2,"name":"Descarga de horarios"}]},{"@type":"WebSite","@id":"https:\/\/www.autobuseslaunion.com\/#website","url":"https:\/\/www.autobuseslaunion.com\/","name":"Autobuses la Uni\u00f3n","description":"","publisher":{"@id":"https:\/\/www.autobuseslaunion.com\/#organization"},"potentialAction":[{"@type":"SearchAction","target":{"@type":"EntryPoint","urlTemplate":"https:\/\/www.autobuseslaunion.com\/?s={search_term_string}"},"query-input":{"@type":"PropertyValueSpecification","valueRequired":true,"valueName":"search_term_string"}}],"inLanguage":"eu-ES"},{"@type":"Organization","@id":"https:\/\/www.autobuseslaunion.com\/#organization","name":"Autobuses la Uni\u00f3n","url":"https:\/\/www.autobuseslaunion.com\/","logo":{"@type":"ImageObject","inLanguage":"eu-ES","@id":"https:\/\/www.autobuseslaunion.com\/#\/schema\/logo\/image\/","url":"https:\/\/www.autobuseslaunion.com\/wp-content\/uploads\/2025\/04\/launion.png","contentUrl":"https:\/\/www.autobuseslaunion.com\/wp-content\/uploads\/2025\/04\/launion.png","width":717,"height":276,"caption":"Autobuses la Uni\u00f3n"},"image":{"@id":"https:\/\/www.autobuseslaunion.com\/#\/schema\/logo\/image\/"},"sameAs":["https:\/\/www.facebook.com\/AutobusesLaUnion","https:\/\/x.com\/BusesLaUnion","https:\/\/www.instagram.com\/autobuseslaunion\/"]}]}},"_links":{"self":[{"href":"https:\/\/www.autobuseslaunion.com\/eu\/wp-json\/wp\/v2\/pages\/5126","targetHints":{"allow":["GET"]}}],"collection":[{"href":"https:\/\/www.autobuseslaunion.com\/eu\/wp-json\/wp\/v2\/pages"}],"about":[{"href":"https:\/\/www.autobuseslaunion.com\/eu\/wp-json\/wp\/v2\/types\/page"}],"author":[{"embeddable":true,"href":"https:\/\/www.autobuseslaunion.com\/eu\/wp-json\/wp\/v2\/users\/1"}],"replies":[{"embeddable":true,"href":"https:\/\/www.autobuseslaunion.com\/eu\/wp-json\/wp\/v2\/comments?post=5126"}],"version-history":[{"count":1,"href":"https:\/\/www.autobuseslaunion.com\/eu\/wp-json\/wp\/v2\/pages\/5126\/revisions"}],"predecessor-version":[{"id":10586,"href":"https:\/\/www.autobuseslaunion.com\/eu\/wp-json\/wp\/v2\/pages\/5126\/revisions\/10586"}],"wp:attachment":[{"href":"https:\/\/www.autobuseslaunion.com\/eu\/wp-json\/wp\/v2\/media?parent=5126"}],"curies":[{"name":"wp","href":"https:\/\/api.w.org\/{rel}","templated":true}]}}