

{"id":3284,"date":"2019-01-11T13:49:13","date_gmt":"2019-01-11T13:49:13","guid":{"rendered":"http:\/\/www.autobuseslaunion.com\/gasteiztik-durangora-eta-mirandara\/l18\/"},"modified":"2025-09-15T09:17:52","modified_gmt":"2025-09-15T09:17:52","slug":"l18","status":"publish","type":"page","link":"https:\/\/www.autobuseslaunion.com\/eu\/gasteiztik-durangora-eta-mirandara\/l18\/","title":{"rendered":"L-18 Vitoria-Gasteiz>Durango"},"content":{"rendered":"<p>[vc_row][vc_column][title type=&#8221;h2&#8243;]Geralekuen eskema[\/title][vc_row_inner][vc_column_inner width=&#8221;1\/2&#8243;][vc_column_text el_class=&#8221;tabla-linea&#8221;]<em>Astelehenetik ostiralera lanegunetan<\/em><\/p>\n<table>\n<tbody>\n<tr>\n<th>L\u00ednea 18<\/th>\n<th>Durangotik Gazteizera<\/th>\n<\/tr>\n<tr>\n<td class=\"origen\">Abiapuntua<\/td>\n<td>DURANGO-Landako, 7<\/td>\n<\/tr>\n<tr>\n<td rowspan=\"21\"><\/td>\n<td>IURRETA-Maspe,74<\/td>\n<\/tr>\n<tr>\n<td>IZURTZA-Eleizalde-front\u00f3n BI 623<\/td>\n<\/tr>\n<tr>\n<td>IZURTZA-Ortuzar-BI 623,2<\/td>\n<\/tr>\n<tr>\n<td>MA\u00d1ARIA<\/td>\n<\/tr>\n<tr>\n<td>MA\u00d1ARIA, Aldabarrena<\/td>\n<\/tr>\n<tr>\n<td>URKIOLA-Puerto-BI 623<\/td>\n<\/tr>\n<tr>\n<td>URKIOLA-Santuario<\/td>\n<\/tr>\n<tr>\n<td>AMAITERMIN-BI 623<\/td>\n<\/tr>\n<tr>\n<td>OTXANDIO-Anteparaluzeta<\/td>\n<\/tr>\n<tr>\n<td>OTXANDIO-Hospital n\u00ba1<\/td>\n<\/tr>\n<tr>\n<td>LEGUTIO- Santa Engracia n\u00ba2<\/td>\n<\/tr>\n<tr>\n<td>Poligono Industrial GOJAIN- San Blas n\u00ba2<\/td>\n<\/tr>\n<tr>\n<td>URBINA- Urbina Entitatea, 8<\/td>\n<\/tr>\n<tr>\n<td>LUKO-3A 4016<\/td>\n<\/tr>\n<tr>\n<td>DURANA- Bergara n\u00ba9<\/td>\n<\/tr>\n<tr>\n<td>VITORIA\/GASTEIZ -Portal Gamarra 17<\/td>\n<\/tr>\n<tr>\n<td>VITORIA\/GASTEIZ -Zaramaga, 17<\/td>\n<\/tr>\n<tr>\n<td>VITORIA\/GASTEIZ &#8211; Autobus Geltokia<\/td>\n<\/tr>\n<tr>\n<td>VITORIA\/GASTEIZ-Bastiturri, avenida gasteiz 45<\/td>\n<\/tr>\n<tr>\n<td>VITORIA\/GASTEIZ-Epaitegiak\/ avenida gasteiz 19<\/td>\n<\/tr>\n<tr>\n<td>VITORIA\/GASTEIZ-Universitatea<\/td>\n<\/tr>\n<\/tbody>\n<\/table>\n<p>[\/vc_column_text][\/vc_column_inner][vc_column_inner width=&#8221;1\/2&#8243;][vc_column_text el_class=&#8221;tabla-linea&#8221;]<em>Astelehenetik ostiralera lanegunetan<\/em><\/p>\n<table>\n<tbody>\n<tr>\n<th>L\u00ednea 18<\/th>\n<th>Gasteiztik Durangora<\/th>\n<\/tr>\n<tr>\n<td class=\"origen\">Abiapuntua<\/td>\n<td>VITORIA\/GASTEIZ-Univertsitatea-Parque Maria de Maestu, c\/Alava<\/td>\n<\/tr>\n<tr>\n<td rowspan=\"21\"><\/td>\n<td>VITORIA\/GASTEIZ-Epaitegiak, avenida gasteiz 18<\/td>\n<\/tr>\n<tr>\n<td>VITORIA\/GASTEIZ-avenida gasteiz\/bastiturri<\/td>\n<\/tr>\n<tr>\n<td>VITORIA\/GASTEIZ &#8211; Autobus Geltokia<\/td>\n<\/tr>\n<tr>\n<td>VITORIA\/GASTEIZ -Boulevard<\/td>\n<\/tr>\n<tr>\n<td>VITORIA\/GASTEIZ -Portal Gamarra 46<\/td>\n<\/tr>\n<tr>\n<td>DURANA- Bergara n\u00ba7<\/td>\n<\/tr>\n<tr>\n<td>LUKO-A 4016 3-1<\/td>\n<\/tr>\n<tr>\n<td>URBINA- Urbina Entitatea, 15<\/td>\n<\/tr>\n<tr>\n<td>Poligono Industrial GOJAIN- San Blas<\/td>\n<\/tr>\n<tr>\n<td>LEGUTIO- Santa Engracia n\u00ba2<\/td>\n<\/tr>\n<tr>\n<td>OTXANDIO-Hospital n\u00ba1<\/td>\n<\/tr>\n<tr>\n<td>OTXANDIO-Anteparaluzeta<\/td>\n<\/tr>\n<tr>\n<td>AMAITERMIN-barrio Urikiola n\u00ba12<\/td>\n<\/tr>\n<tr>\n<td>URKIOLA-Santutegia<\/td>\n<\/tr>\n<tr>\n<td>URKIOLA-Barrio Urkiola , 1B<\/td>\n<\/tr>\n<tr>\n<td>MA\u00d1ARIA<\/td>\n<\/tr>\n<tr>\n<td>MA\u00d1ARIA, Aldabarrena<\/td>\n<\/tr>\n<tr>\n<td>IZURTZA-Ortuzar-BI 623,43<\/td>\n<\/tr>\n<tr>\n<td>IZURTZA-Eleizalde-front\u00f3n BI 623<\/td>\n<\/tr>\n<tr>\n<td>IURRETA-Maspe 6<\/td>\n<\/tr>\n<tr>\n<td>DURANGO-Landako<\/td>\n<\/tr>\n<\/tbody>\n<\/table>\n<p>[\/vc_column_text][\/vc_column_inner][\/vc_row_inner][vc_column_text]*Autobusen igarotze ordutegiak gutxi gorabeherakoak dira * begiratu ordutegiak<\/p>\n<p>Linea honek bere araudia du. <strong><i>&#8220;Arabako Foru Aldundiaren titulartasunekoa den errepideetako erabilera orokorreko bidaiarien garraio publiko erregularreko lineetako zerbitzuen araudia&#8221;<\/i><\/strong>[\/vc_column_text][title type=&#8221;h2&#8243;]Ordutegiak eta tarifak[\/title][vc_column_text el_class=&#8221;descarga-horarios&#8221;]<\/p>\n<table>\n<tbody>\n<tr>\n<th>Lineak\/Ibilbideak<\/th>\n<th>Autobusa enpresa<\/th>\n<th>Ordutegiak<\/th>\n<\/tr>\n<tr>\n<td>L-18 Gasteiztik Durangora<\/td>\n<td>La Uni\u00f3n, S.A<\/td>\n<td><a class=\"download\" href=\"https:\/\/www.autobuseslaunion.com\/wp-content\/uploads\/2022\/04\/L-18.pdf\" target=\"_blank\" rel=\"noopener\">PDF<\/a><\/td>\n<\/tr>\n<\/tbody>\n<\/table>\n<p>[\/vc_column_text][title type=&#8221;h2&#8243;]Erreserba ezazu BAT txartela[\/title][vc_row_inner][vc_column_inner width=&#8221;1\/2&#8243;][vc_btn title=&#8221;Sartu&#8221; style=&#8221;classic&#8221; color=&#8221;primary&#8221; align=&#8221;center&#8221; el_class=&#8221;cta-button&#8221; link=&#8221;url:https%3A%2F%2Fregular.autobusing.com%2Fbat_tarjeta%2Flogin%3Fempresa%3Dlaunion||target:%20_blank|&#8221;][\/vc_column_inner][vc_column_inner width=&#8221;1\/2&#8243;][vc_btn title=&#8221;Alta eman&#8221; style=&#8221;classic&#8221; color=&#8221;primary&#8221; align=&#8221;center&#8221; el_class=&#8221;cta-button&#8221; link=&#8221;url:https%3A%2F%2Fregular.autobusing.com%2Fbat_tarjeta%2Fregistro%3F_eid%3DBAhpBg%253D%253D%250A||target:%20_blank|&#8221;][\/vc_column_inner][\/vc_row_inner][title type=&#8221;h2&#8243;]Garraio tituluak eta ordaintzeko moduak:[\/title][vc_column_text]<\/p>\n<ul>\n<li>Garraio titulu baliodunak Bat txartela eta txartel arruntak dira. Bat txartela Euskotrenen Santxo Jakitunaren kaleko bulegoan erosten da edo Euskotrenen makinetan birkargatzen da. Gasteizko Autobus Geltokian badago bat.<\/li>\n<li>Txartel arrunta autobusean bertan erosten da. Eskudiruzko ordainketa. Ez da onartzen 20 euro baino gehiagoko ordainketarik.<\/li>\n<li>Bost urtetik beherako umeek doan bidaiatzen dute, baina txartela izan behar dute (gidariek 0 euroko txartela emango die). Doan bidaiatuko dute ikusmen desgaitasuna dutenei edo mugikortasun mugatua izanik lekualdatzeetarako laguntza behar izaten dutenei laguntzen doazenak ere. Begiratu adin txikikoen garraioa. <em><strong>Begiratu Araudiaren 10. artikulua<\/strong><\/em><\/li>\n<li>Irisgarritasuna: Garraioko enpresa operadoreak irisgarritasunari buruzko araudia bete behar du garraio publikoetan.<span id=\"tgt_sent_0\"><span class=\"interactive\">Plaza<\/span> <span class=\"interactive\">nahi<\/span> <span class=\"interactive\">den<\/span> <span class=\"interactive\">ordutegian<\/span> <span class=\"interactive\">bermatzeko,<\/span> <span class=\"interactive\">enpresak<\/span> <span class=\"interactive\">plaza<\/span> <span class=\"interactive\">24<\/span> <span class=\"interactive\">ordu<\/span> <span class=\"interactive\">lehenago<\/span> <span class=\"interactive\">erreserbatzea<\/span> <span class=\"interactive\">gomendatzen<\/span> <span class=\"interactive\">du.<\/span><\/span> <span id=\"tgt_sent_1\"><span class=\"interactive\">Jakinarazpen<\/span> <span class=\"interactive\">hori<\/span> <span class=\"interactive\">telefonoz<\/span> <span class=\"interactive\">egin<\/span> <span class=\"interactive\">dezakezu<\/span> <span class=\"interactive\">Bezeroarentzako<\/span> <span class=\"interactive\">Arreta<\/span> <span class=\"interactive\">Zerbitzuan<\/span> <span class=\"interactive\">(945<\/span> <span class=\"interactive\">26<\/span> <span class=\"interactive\">46<\/span> <span class=\"interactive\">26)<\/span> <span class=\"interactive\">edo<\/span> <span class=\"interactive\">Gasteizko<\/span> <span class=\"interactive\">autobus-geltokiko<\/span> <span class=\"interactive\">leihatilan<\/span> <span class=\"interactive\">bertan.<\/span><\/span> <span class=\"interactive\">Bi<\/span> <span class=\"interactive\">kasuetan,<\/span> <span class=\"interactive\">ordutegia<\/span> <span class=\"interactive\">hau<\/span> <span class=\"interactive\">da:<\/span> <span class=\"interactive\">astelehenetik<\/span> <span class=\"interactive\">ostiralera,<\/span> <span class=\"interactive\">6:15etik<\/span> <span class=\"interactive\">21:55era,<\/span> <span class=\"interactive\">etenik<\/span> <span class=\"interactive\">gabe;<\/span> <span class=\"interactive\">larunbatetan,<\/span> <span class=\"interactive\">8:00-13:30<\/span> <span class=\"interactive\">eta<\/span> <span class=\"interactive\">15:30-19:30;<\/span> <span class=\"interactive\">igande\/jaiegunetan,<\/span> <span class=\"interactive\">8:00\/13:45<\/span> <span class=\"interactive\">eta<\/span> <span class=\"interactive\">14:30\/21:45.<\/span><span id=\"tgt_sent_0\"><span class=\"interactive\">Era<\/span> <span class=\"interactive\">berean,<\/span> <span class=\"interactive\">bidaiariak<\/span> <span class=\"interactive\">gurpil-aulkia<\/span> <span class=\"interactive\">behar<\/span> <span class=\"interactive\">badu,<\/span> <span class=\"interactive\">bide<\/span> <span class=\"interactive\">beretik<\/span> <span class=\"interactive\">edo<\/span> <span class=\"interactive\">Gasteizko<\/span> <span class=\"interactive\">leihatilan<\/span> <span class=\"interactive\">eska<\/span> <span class=\"interactive\">dezake.<\/span><\/span><\/li>\n<li>Bidaia autobusa abian jarri baino lehen bertan behera geratzen bada, soilik horretan, itzuliko da txartelaren zenbatekoa. <em><strong>Begiratu Araudiaren 9. artikulua.<\/strong><\/em><\/li>\n<li>Taldeen garraioa: hamar lagun edo gehiagok txartelak aurretik erosteko aukerarik ez duten linea erregularretan bidaiatu nahi dutenean, zerbitzua ematen duen enpresari jakinarazi beharko diote, gutxienez, astebete lehenago.<em><strong> Begiratu Araudiaren 11. artikulua.<\/strong><\/em><\/li>\n<li>Fardelak eta ekipajeak<em>. Begiratu Araudiaren 12. artikulua.<\/em><\/li>\n<li>Haurren gurdien eta aulkien garraioa, umeentzako kotxeak edo aulkiak autobusaren beheko aldean joan behar dute derrigorrez. Bidaiariak ez du inolako errekargurik ordainduko kotxe edo aulki horiek eramateagatik.<em><strong> Begiratu Araudiaren 13. artikulua.<\/strong><\/em><\/li>\n<li>Bizikleten garraioa: Bizikletak autobusaren beheko aldean eraman ahalko dira, bidaiatu nahi den dataren bezperan zerbitzua ematen duen enpresari egin beharreko jakinarazpena eman bazaio eta joan-etorri horretan ibilgailuaren baldintzek hala ahalbidetzen badute. Bizikleta bat bakarrik eraman ahalko da bidaiari bakoitzeko. Garraio hori doan egingo da. <em><strong>Begiratu Araudiaren 14. artikulua.<\/strong><\/em><\/li>\n<li>Animaliak sartzea, soilik itsu txakurrak eta laguntzeko txakurrak sartu ahalko dira autobusera, eta zeregin horiek egiteko zentro homologatuek emandako baimen egiaztatua izan behar dute. <em><strong>Gainerakoa begiratu Araudiaren 15. artikulua.<\/strong><\/em><\/li>\n<li><strong>Alavabus lineen ordutegi-liburuxketan * batekin eta &#8220;Hurbiltzea&#8221;<\/strong> testuarekin adierazitako geldialdietan, erabiltzaileek bidaiaren aurreko eguneko 19:00ak baino lehen jarri behar dute harremanetan konpainiarekin, eskatutako herrirako sarrera erreserbatu ahal izateko.<br \/>\nEnpresak egindako erreserba SMS edo WhatsApp bidez baieztatuko du, linearen datuak, jatorria\/helmuga, bidalketaren data eta ordua adieraziz, eta datuak gidariei helaraziko dizkie, erreserba bete dezaten eta herrira sar daitezen. OHARRA: &#8211; Bidaiariek <strong>NAHITAEZKOA<\/strong> dute, azkenean bidaiatuko ez badute, konpainiari gutxienez bidaia baino ordubete lehenago jakinaraztea. <em><strong>14, 15, 16 (Ayala) eta 18 (Gasteiz&gt;Durango) lineak<\/strong><\/em>: La Union autobusen <strong>telefonoak<\/strong>: 94 427 11 11 eta 945 26 46 26, eta Whatsapp bidez 691 40 45 94.<\/li>\n<\/ul>\n<p>[\/vc_column_text][vc_btn title=&#8221;Bidaiarientzako informazio baliagarri gehiago.&#8221; style=&#8221;classic&#8221; color=&#8221;primary&#8221; align=&#8221;center&#8221; el_class=&#8221;cta-button&#8221; link=&#8221;url:http%3A%2F%2Fwww.autobuseslaunion.com%2Feu%2Fbaldintza-orokorrak%2F|||&#8221;][\/vc_column][\/vc_row]<\/p>\n","protected":false},"excerpt":{"rendered":"<p>[vc_row][vc_column][title type=&#8221;h2&#8243;]Geralekuen eskema[\/title][vc_row_inner][vc_column_inner width=&#8221;1\/2&#8243;][vc_column_text el_class=&#8221;tabla-linea&#8221;]Astelehenetik ostiralera lanegunetan L\u00ednea 18 Durangotik Gazteizera Abiapuntua DURANGO-Landako, 7 IURRETA-Maspe,74 IZURTZA-Eleizalde-front\u00f3n BI 623 IZURTZA-Ortuzar-BI 623,2 MA\u00d1ARIA MA\u00d1ARIA, Aldabarrena URKIOLA-Puerto-BI 623 URKIOLA-Santuario AMAITERMIN-BI 623 OTXANDIO-Anteparaluzeta OTXANDIO-Hospital n\u00ba1 LEGUTIO- Santa Engracia n\u00ba2 Poligono Industrial GOJAIN- San Blas n\u00ba2 URBINA- Urbina Entitatea, 8 LUKO-3A 4016 DURANA- Bergara n\u00ba9 VITORIA\/GASTEIZ -Portal Gamarra 17 VITORIA\/GASTEIZ<\/p>\n","protected":false},"author":1,"featured_media":0,"parent":3253,"menu_order":0,"comment_status":"closed","ping_status":"closed","template":"","meta":{"footnotes":""},"class_list":["post-3284","page","type-page","status-publish","hentry"],"yoast_head":"<!-- This site is optimized with the Yoast SEO plugin v27.3 - https:\/\/yoast.com\/product\/yoast-seo-wordpress\/ -->\r\n<title>L-18 Vitoria-Gasteiz&gt;Durango<\/title>\r\n<meta name=\"robots\" content=\"index, follow, max-snippet:-1, max-image-preview:large, max-video-preview:-1\" \/>\r\n<link rel=\"canonical\" href=\"https:\/\/www.autobuseslaunion.com\/eu\/gasteiztik-durangora-eta-mirandara\/l18\/\" \/>\r\n<meta property=\"og:locale\" content=\"eu_ES\" \/>\r\n<meta property=\"og:type\" content=\"article\" \/>\r\n<meta property=\"og:title\" content=\"L-18 Vitoria-Gasteiz&gt;Durango\" \/>\r\n<meta property=\"og:description\" content=\"[vc_row][vc_column][title type=&#8221;h2&#8243;]Geralekuen eskema[\/title][vc_row_inner][vc_column_inner width=&#8221;1\/2&#8243;][vc_column_text el_class=&#8221;tabla-linea&#8221;]Astelehenetik ostiralera lanegunetan L\u00ednea 18 Durangotik Gazteizera Abiapuntua DURANGO-Landako, 7 IURRETA-Maspe,74 IZURTZA-Eleizalde-front\u00f3n BI 623 IZURTZA-Ortuzar-BI 623,2 MA\u00d1ARIA MA\u00d1ARIA, Aldabarrena URKIOLA-Puerto-BI 623 URKIOLA-Santuario AMAITERMIN-BI 623 OTXANDIO-Anteparaluzeta OTXANDIO-Hospital n\u00ba1 LEGUTIO- Santa Engracia n\u00ba2 Poligono Industrial GOJAIN- San Blas n\u00ba2 URBINA- Urbina Entitatea, 8 LUKO-3A 4016 DURANA- Bergara n\u00ba9 VITORIA\/GASTEIZ -Portal Gamarra 17 VITORIA\/GASTEIZ\" \/>\r\n<meta property=\"og:url\" content=\"https:\/\/www.autobuseslaunion.com\/eu\/gasteiztik-durangora-eta-mirandara\/l18\/\" \/>\r\n<meta property=\"og:site_name\" content=\"Autobuses la Uni\u00f3n\" \/>\r\n<meta property=\"article:publisher\" content=\"https:\/\/www.facebook.com\/AutobusesLaUnion\" \/>\r\n<meta property=\"article:modified_time\" content=\"2025-09-15T09:17:52+00:00\" \/>\r\n<meta name=\"twitter:card\" content=\"summary_large_image\" \/>\r\n<meta name=\"twitter:site\" content=\"@BusesLaUnion\" \/>\r\n<meta name=\"twitter:label1\" content=\"Est. reading time\" \/>\n\t<meta name=\"twitter:data1\" content=\"4 minutes\" \/>\r\n<script type=\"application\/ld+json\" class=\"yoast-schema-graph\">{\"@context\":\"https:\\\/\\\/schema.org\",\"@graph\":[{\"@type\":\"WebPage\",\"@id\":\"https:\\\/\\\/www.autobuseslaunion.com\\\/eu\\\/gasteiztik-durangora-eta-mirandara\\\/l18\\\/\",\"url\":\"https:\\\/\\\/www.autobuseslaunion.com\\\/eu\\\/gasteiztik-durangora-eta-mirandara\\\/l18\\\/\",\"name\":\"L-18 Vitoria-Gasteiz>Durango\",\"isPartOf\":{\"@id\":\"https:\\\/\\\/www.autobuseslaunion.com\\\/#website\"},\"datePublished\":\"2019-01-11T13:49:13+00:00\",\"dateModified\":\"2025-09-15T09:17:52+00:00\",\"breadcrumb\":{\"@id\":\"https:\\\/\\\/www.autobuseslaunion.com\\\/eu\\\/gasteiztik-durangora-eta-mirandara\\\/l18\\\/#breadcrumb\"},\"inLanguage\":\"eu-ES\",\"potentialAction\":[{\"@type\":\"ReadAction\",\"target\":[\"https:\\\/\\\/www.autobuseslaunion.com\\\/eu\\\/gasteiztik-durangora-eta-mirandara\\\/l18\\\/\"]}]},{\"@type\":\"BreadcrumbList\",\"@id\":\"https:\\\/\\\/www.autobuseslaunion.com\\\/eu\\\/gasteiztik-durangora-eta-mirandara\\\/l18\\\/#breadcrumb\",\"itemListElement\":[{\"@type\":\"ListItem\",\"position\":1,\"name\":\"Portada\",\"item\":\"https:\\\/\\\/www.autobuseslaunion.com\\\/eu\\\/\"},{\"@type\":\"ListItem\",\"position\":2,\"name\":\"C-01 Gasteiztik Durangora eta Mirandara\",\"item\":\"https:\\\/\\\/www.autobuseslaunion.com\\\/eu\\\/gasteiztik-durangora-eta-mirandara\\\/\"},{\"@type\":\"ListItem\",\"position\":3,\"name\":\"L-18 Vitoria-Gasteiz>Durango\"}]},{\"@type\":\"WebSite\",\"@id\":\"https:\\\/\\\/www.autobuseslaunion.com\\\/#website\",\"url\":\"https:\\\/\\\/www.autobuseslaunion.com\\\/\",\"name\":\"Autobuses la Uni\u00f3n\",\"description\":\"\",\"publisher\":{\"@id\":\"https:\\\/\\\/www.autobuseslaunion.com\\\/#organization\"},\"potentialAction\":[{\"@type\":\"SearchAction\",\"target\":{\"@type\":\"EntryPoint\",\"urlTemplate\":\"https:\\\/\\\/www.autobuseslaunion.com\\\/?s={search_term_string}\"},\"query-input\":{\"@type\":\"PropertyValueSpecification\",\"valueRequired\":true,\"valueName\":\"search_term_string\"}}],\"inLanguage\":\"eu-ES\"},{\"@type\":\"Organization\",\"@id\":\"https:\\\/\\\/www.autobuseslaunion.com\\\/#organization\",\"name\":\"Autobuses la Uni\u00f3n\",\"url\":\"https:\\\/\\\/www.autobuseslaunion.com\\\/\",\"logo\":{\"@type\":\"ImageObject\",\"inLanguage\":\"eu-ES\",\"@id\":\"https:\\\/\\\/www.autobuseslaunion.com\\\/#\\\/schema\\\/logo\\\/image\\\/\",\"url\":\"https:\\\/\\\/www.autobuseslaunion.com\\\/wp-content\\\/uploads\\\/2025\\\/04\\\/launion.png\",\"contentUrl\":\"https:\\\/\\\/www.autobuseslaunion.com\\\/wp-content\\\/uploads\\\/2025\\\/04\\\/launion.png\",\"width\":717,\"height\":276,\"caption\":\"Autobuses la Uni\u00f3n\"},\"image\":{\"@id\":\"https:\\\/\\\/www.autobuseslaunion.com\\\/#\\\/schema\\\/logo\\\/image\\\/\"},\"sameAs\":[\"https:\\\/\\\/www.facebook.com\\\/AutobusesLaUnion\",\"https:\\\/\\\/x.com\\\/BusesLaUnion\",\"https:\\\/\\\/www.instagram.com\\\/autobuseslaunion\\\/\"]}]}<\/script>\r\n<!-- \/ Yoast SEO plugin. -->","yoast_head_json":{"title":"L-18 Vitoria-Gasteiz>Durango","robots":{"index":"index","follow":"follow","max-snippet":"max-snippet:-1","max-image-preview":"max-image-preview:large","max-video-preview":"max-video-preview:-1"},"canonical":"https:\/\/www.autobuseslaunion.com\/eu\/gasteiztik-durangora-eta-mirandara\/l18\/","og_locale":"eu_ES","og_type":"article","og_title":"L-18 Vitoria-Gasteiz>Durango","og_description":"[vc_row][vc_column][title type=&#8221;h2&#8243;]Geralekuen eskema[\/title][vc_row_inner][vc_column_inner width=&#8221;1\/2&#8243;][vc_column_text el_class=&#8221;tabla-linea&#8221;]Astelehenetik ostiralera lanegunetan L\u00ednea 18 Durangotik Gazteizera Abiapuntua DURANGO-Landako, 7 IURRETA-Maspe,74 IZURTZA-Eleizalde-front\u00f3n BI 623 IZURTZA-Ortuzar-BI 623,2 MA\u00d1ARIA MA\u00d1ARIA, Aldabarrena URKIOLA-Puerto-BI 623 URKIOLA-Santuario AMAITERMIN-BI 623 OTXANDIO-Anteparaluzeta OTXANDIO-Hospital n\u00ba1 LEGUTIO- Santa Engracia n\u00ba2 Poligono Industrial GOJAIN- San Blas n\u00ba2 URBINA- Urbina Entitatea, 8 LUKO-3A 4016 DURANA- Bergara n\u00ba9 VITORIA\/GASTEIZ -Portal Gamarra 17 VITORIA\/GASTEIZ","og_url":"https:\/\/www.autobuseslaunion.com\/eu\/gasteiztik-durangora-eta-mirandara\/l18\/","og_site_name":"Autobuses la Uni\u00f3n","article_publisher":"https:\/\/www.facebook.com\/AutobusesLaUnion","article_modified_time":"2025-09-15T09:17:52+00:00","twitter_card":"summary_large_image","twitter_site":"@BusesLaUnion","twitter_misc":{"Est. reading time":"4 minutes"},"schema":{"@context":"https:\/\/schema.org","@graph":[{"@type":"WebPage","@id":"https:\/\/www.autobuseslaunion.com\/eu\/gasteiztik-durangora-eta-mirandara\/l18\/","url":"https:\/\/www.autobuseslaunion.com\/eu\/gasteiztik-durangora-eta-mirandara\/l18\/","name":"L-18 Vitoria-Gasteiz>Durango","isPartOf":{"@id":"https:\/\/www.autobuseslaunion.com\/#website"},"datePublished":"2019-01-11T13:49:13+00:00","dateModified":"2025-09-15T09:17:52+00:00","breadcrumb":{"@id":"https:\/\/www.autobuseslaunion.com\/eu\/gasteiztik-durangora-eta-mirandara\/l18\/#breadcrumb"},"inLanguage":"eu-ES","potentialAction":[{"@type":"ReadAction","target":["https:\/\/www.autobuseslaunion.com\/eu\/gasteiztik-durangora-eta-mirandara\/l18\/"]}]},{"@type":"BreadcrumbList","@id":"https:\/\/www.autobuseslaunion.com\/eu\/gasteiztik-durangora-eta-mirandara\/l18\/#breadcrumb","itemListElement":[{"@type":"ListItem","position":1,"name":"Portada","item":"https:\/\/www.autobuseslaunion.com\/eu\/"},{"@type":"ListItem","position":2,"name":"C-01 Gasteiztik Durangora eta Mirandara","item":"https:\/\/www.autobuseslaunion.com\/eu\/gasteiztik-durangora-eta-mirandara\/"},{"@type":"ListItem","position":3,"name":"L-18 Vitoria-Gasteiz>Durango"}]},{"@type":"WebSite","@id":"https:\/\/www.autobuseslaunion.com\/#website","url":"https:\/\/www.autobuseslaunion.com\/","name":"Autobuses la Uni\u00f3n","description":"","publisher":{"@id":"https:\/\/www.autobuseslaunion.com\/#organization"},"potentialAction":[{"@type":"SearchAction","target":{"@type":"EntryPoint","urlTemplate":"https:\/\/www.autobuseslaunion.com\/?s={search_term_string}"},"query-input":{"@type":"PropertyValueSpecification","valueRequired":true,"valueName":"search_term_string"}}],"inLanguage":"eu-ES"},{"@type":"Organization","@id":"https:\/\/www.autobuseslaunion.com\/#organization","name":"Autobuses la Uni\u00f3n","url":"https:\/\/www.autobuseslaunion.com\/","logo":{"@type":"ImageObject","inLanguage":"eu-ES","@id":"https:\/\/www.autobuseslaunion.com\/#\/schema\/logo\/image\/","url":"https:\/\/www.autobuseslaunion.com\/wp-content\/uploads\/2025\/04\/launion.png","contentUrl":"https:\/\/www.autobuseslaunion.com\/wp-content\/uploads\/2025\/04\/launion.png","width":717,"height":276,"caption":"Autobuses la Uni\u00f3n"},"image":{"@id":"https:\/\/www.autobuseslaunion.com\/#\/schema\/logo\/image\/"},"sameAs":["https:\/\/www.facebook.com\/AutobusesLaUnion","https:\/\/x.com\/BusesLaUnion","https:\/\/www.instagram.com\/autobuseslaunion\/"]}]}},"_links":{"self":[{"href":"https:\/\/www.autobuseslaunion.com\/eu\/wp-json\/wp\/v2\/pages\/3284","targetHints":{"allow":["GET"]}}],"collection":[{"href":"https:\/\/www.autobuseslaunion.com\/eu\/wp-json\/wp\/v2\/pages"}],"about":[{"href":"https:\/\/www.autobuseslaunion.com\/eu\/wp-json\/wp\/v2\/types\/page"}],"author":[{"embeddable":true,"href":"https:\/\/www.autobuseslaunion.com\/eu\/wp-json\/wp\/v2\/users\/1"}],"replies":[{"embeddable":true,"href":"https:\/\/www.autobuseslaunion.com\/eu\/wp-json\/wp\/v2\/comments?post=3284"}],"version-history":[{"count":11,"href":"https:\/\/www.autobuseslaunion.com\/eu\/wp-json\/wp\/v2\/pages\/3284\/revisions"}],"predecessor-version":[{"id":10967,"href":"https:\/\/www.autobuseslaunion.com\/eu\/wp-json\/wp\/v2\/pages\/3284\/revisions\/10967"}],"up":[{"embeddable":true,"href":"https:\/\/www.autobuseslaunion.com\/eu\/wp-json\/wp\/v2\/pages\/3253"}],"wp:attachment":[{"href":"https:\/\/www.autobuseslaunion.com\/eu\/wp-json\/wp\/v2\/media?parent=3284"}],"curies":[{"name":"wp","href":"https:\/\/api.w.org\/{rel}","templated":true}]}}