

{"id":1509,"date":"2018-08-07T08:38:29","date_gmt":"2018-08-07T08:38:29","guid":{"rendered":"http:\/\/www.autobuseslaunion.com\/history\/"},"modified":"2018-09-26T14:27:18","modified_gmt":"2018-09-26T14:27:18","slug":"historia","status":"publish","type":"page","link":"https:\/\/www.autobuseslaunion.com\/eu\/historia\/","title":{"rendered":"Historia"},"content":{"rendered":"<p>[vc_row][vc_column][vc_column_text]<\/p>\n<h2>La Union Autobusak, historia luzeko enpresa<\/h2>\n<p>1924ko azaroaren 15ean, Miguel Atxa Egileorrek eta Martin Intxaurbe Aldekoak, biak ere orozkoarrak, Bilbo eta Gasteiz artean bidaiariak eta salgaiak eramango zituen konpainia sortzea erabaki zuten, \u00abAcha Inchaurbe\u00bb izen sozialarekin baina \u00abLa Uni\u00f3n Servicio de Autom\u00f3viles\u00bb izena erabiltzeko aukerarekin.<\/p>\n<p>80.000 pezetako kapital soziala eratu zuten, bi bazkideok emandako ondasunez osatuta. Zehazki: Saurer markako hiru autobus, VI 346, VI 366 eta VI 406 matrikularekin; Hispano Suiza markako bi autobus, VI 213 eta B 3805 matrikulekin eta konponketa tailer bat Gasteizeko Foruen kaleko 7.ean.<\/p>\n<p>Urte batzuk geroago, 1933ko abenduaren 22an, Acha Inchaurbe y Compa\u00f1ia Limitada sozietatea eratu zen, Cia. Autom\u00f3viles de \u00c1lava enpresako bazkide berriak sartuta. Azken horiek Murgia zeharkatzen zuen Bilbo-Gasteiz linearen gaineko eskubideak ekarri zizkioten konpainiari.<\/p>\n<p>1957ko otsailaren 1ean, sozietate mugatu hori \u00abAcha Inchaurbe y Compa\u00f1\u00eda, Sociedad An\u00f3nima\u00bb bihurtu zen, \u00abLa Uni\u00f3n\u00bb izena erabiltzeko aukerarekin. Hala, sozietate mugatuko partaidetzak sozietate anonimoko partaidetza bihurtu zituzten.<\/p>\n<p>Gaur egun, La Union autobusetan 60 langile, 50 autobusetik gorako flota eta esperientzia zabala lortu du bidaiarien errepidezko garraioan. Egoitza nagusia Bizkaiko Lutxana-Erandion dago, eta bertatik jorratu eta koordinatzen du konpainiaren plangintza estrategikoa.<\/p>\n<p><img loading=\"lazy\" decoding=\"async\" width=\"488\" height=\"161\" class=\"alignnone size-full wp-image-1271\" src=\"https:\/\/www.autobuseslaunion.com\/wp-content\/uploads\/2018\/08\/historia.jpg\" alt=\"\" srcset=\"https:\/\/www.autobuseslaunion.com\/wp-content\/uploads\/2018\/08\/historia.jpg 488w, https:\/\/www.autobuseslaunion.com\/wp-content\/uploads\/2018\/08\/historia-300x99.jpg 300w, https:\/\/www.autobuseslaunion.com\/wp-content\/uploads\/2018\/08\/historia-100x33.jpg 100w\" sizes=\"auto, (max-width: 488px) 100vw, 488px\" \/><\/p>\n<h2>Burundesa<\/h2>\n<p>1925ean, Altsasua eta Iru\u00f1ea lotzen zituen linearen babesean, Nafarroako Urdiain herrian sortu zen Burundesa autobus enpresa. Izenak Burunda bailara zekarren gogora, bertan jarduten baitzuen.<\/p>\n<p>Burundesaren hurrengo lineak Gasteiz eta Iru\u00f1a lotu zituen eta, gerora, Iru\u00f1a-Gasteiz-Bilbo linea inauguratu zuen, Araban ibilgailu aldaketa eginez. Bidaiariek, elkarren artean, \u00abLa Bilbaina\u00bb esaten zioten.<\/p>\n<p>1955ean, hiru ordu eta erdi behar ziren ibilbide hori (baina zuzenean Dimako mendatea zeharkatuz) hasi ziren batera ustiatzen La Union eta Burundesa enpresek, gaur egun arte iraun duen lotura sortuz.<\/p>\n<p>Gaur egun Burundesak ezin hobeki hornitutako 50 ibilgailu eta 70 profesionaletako taldea ditu, gure bezeroei ahalik eta joan-etorri erosoena eta seguruena eskaintzeko prest.<br \/>\nOrain urte asko bi enpresek elkarri bostekoa emanez egin zuten lankidetza hura, denboraz, batasun enpresarial bihurtu zen 2003an, La Unionek Burundesaren ia akzio guztiak erosi zituenenean. Hala ere beti bi sozietateen independentziari eta harremanari eutsi diote.<\/p>\n<p>[\/vc_column_text][\/vc_column][\/vc_row]<\/p>\n","protected":false},"excerpt":{"rendered":"<p>[vc_row][vc_column][vc_column_text] La Union Autobusak, historia luzeko enpresa 1924ko azaroaren 15ean, Miguel Atxa Egileorrek eta Martin Intxaurbe Aldekoak, biak ere orozkoarrak, Bilbo eta Gasteiz artean bidaiariak eta salgaiak eramango zituen konpainia sortzea erabaki zuten, \u00abAcha Inchaurbe\u00bb izen sozialarekin baina \u00abLa Uni\u00f3n Servicio de Autom\u00f3viles\u00bb izena erabiltzeko aukerarekin. 80.000 pezetako kapital soziala eratu zuten, bi bazkideok emandako<\/p>\n","protected":false},"author":1,"featured_media":0,"parent":0,"menu_order":0,"comment_status":"closed","ping_status":"closed","template":"","meta":{"footnotes":""},"class_list":["post-1509","page","type-page","status-publish","hentry"],"yoast_head":"<!-- This site is optimized with the Yoast SEO plugin v27.5 - https:\/\/yoast.com\/product\/yoast-seo-wordpress\/ -->\r\n<title>Historia luzeko enpresa | Autobuses La Uni\u00f3n<\/title>\r\n<meta name=\"description\" content=\"La Uni\u00f3n Autobusak 50 autobusetik gorako flota modernoa eta esperientzia zabala lortu du bidaiarien errepidezko garraioan.\" \/>\r\n<meta name=\"robots\" content=\"index, follow, max-snippet:-1, max-image-preview:large, max-video-preview:-1\" \/>\r\n<link rel=\"canonical\" href=\"https:\/\/www.autobuseslaunion.com\/eu\/historia\/\" \/>\r\n<meta property=\"og:locale\" content=\"eu_ES\" \/>\r\n<meta property=\"og:type\" content=\"article\" \/>\r\n<meta property=\"og:title\" content=\"Historia luzeko enpresa | Autobuses La Uni\u00f3n\" \/>\r\n<meta property=\"og:description\" content=\"La Uni\u00f3n Autobusak 50 autobusetik gorako flota modernoa eta esperientzia zabala lortu du bidaiarien errepidezko garraioan.\" \/>\r\n<meta property=\"og:url\" content=\"https:\/\/www.autobuseslaunion.com\/eu\/historia\/\" \/>\r\n<meta property=\"og:site_name\" content=\"Autobuses la Uni\u00f3n\" \/>\r\n<meta property=\"article:publisher\" content=\"https:\/\/www.facebook.com\/AutobusesLaUnion\" \/>\r\n<meta property=\"article:modified_time\" content=\"2018-09-26T14:27:18+00:00\" \/>\r\n<meta property=\"og:image\" content=\"https:\/\/www.autobuseslaunion.com\/wp-content\/uploads\/2018\/08\/historia.jpg\" \/>\r\n\t<meta property=\"og:image:width\" content=\"488\" \/>\r\n\t<meta property=\"og:image:height\" content=\"161\" \/>\r\n\t<meta property=\"og:image:type\" content=\"image\/jpeg\" \/>\r\n<meta name=\"twitter:card\" content=\"summary_large_image\" \/>\r\n<meta name=\"twitter:site\" content=\"@BusesLaUnion\" \/>\r\n<meta name=\"twitter:label1\" content=\"Est. reading time\" \/>\n\t<meta name=\"twitter:data1\" content=\"2 minutes\" \/>\r\n<script type=\"application\/ld+json\" class=\"yoast-schema-graph\">{\"@context\":\"https:\\\/\\\/schema.org\",\"@graph\":[{\"@type\":\"WebPage\",\"@id\":\"https:\\\/\\\/www.autobuseslaunion.com\\\/eu\\\/historia\\\/\",\"url\":\"https:\\\/\\\/www.autobuseslaunion.com\\\/eu\\\/historia\\\/\",\"name\":\"Historia luzeko enpresa | Autobuses La Uni\u00f3n\",\"isPartOf\":{\"@id\":\"https:\\\/\\\/www.autobuseslaunion.com\\\/#website\"},\"primaryImageOfPage\":{\"@id\":\"https:\\\/\\\/www.autobuseslaunion.com\\\/eu\\\/historia\\\/#primaryimage\"},\"image\":{\"@id\":\"https:\\\/\\\/www.autobuseslaunion.com\\\/eu\\\/historia\\\/#primaryimage\"},\"thumbnailUrl\":\"https:\\\/\\\/www.autobuseslaunion.com\\\/wp-content\\\/uploads\\\/2018\\\/08\\\/historia.jpg\",\"datePublished\":\"2018-08-07T08:38:29+00:00\",\"dateModified\":\"2018-09-26T14:27:18+00:00\",\"description\":\"La Uni\u00f3n Autobusak 50 autobusetik gorako flota modernoa eta esperientzia zabala lortu du bidaiarien errepidezko garraioan.\",\"breadcrumb\":{\"@id\":\"https:\\\/\\\/www.autobuseslaunion.com\\\/eu\\\/historia\\\/#breadcrumb\"},\"inLanguage\":\"eu-ES\",\"potentialAction\":[{\"@type\":\"ReadAction\",\"target\":[\"https:\\\/\\\/www.autobuseslaunion.com\\\/eu\\\/historia\\\/\"]}]},{\"@type\":\"ImageObject\",\"inLanguage\":\"eu-ES\",\"@id\":\"https:\\\/\\\/www.autobuseslaunion.com\\\/eu\\\/historia\\\/#primaryimage\",\"url\":\"https:\\\/\\\/www.autobuseslaunion.com\\\/wp-content\\\/uploads\\\/2018\\\/08\\\/historia.jpg\",\"contentUrl\":\"https:\\\/\\\/www.autobuseslaunion.com\\\/wp-content\\\/uploads\\\/2018\\\/08\\\/historia.jpg\"},{\"@type\":\"BreadcrumbList\",\"@id\":\"https:\\\/\\\/www.autobuseslaunion.com\\\/eu\\\/historia\\\/#breadcrumb\",\"itemListElement\":[{\"@type\":\"ListItem\",\"position\":1,\"name\":\"Portada\",\"item\":\"https:\\\/\\\/www.autobuseslaunion.com\\\/eu\\\/\"},{\"@type\":\"ListItem\",\"position\":2,\"name\":\"Historia\"}]},{\"@type\":\"WebSite\",\"@id\":\"https:\\\/\\\/www.autobuseslaunion.com\\\/#website\",\"url\":\"https:\\\/\\\/www.autobuseslaunion.com\\\/\",\"name\":\"Autobuses la Uni\u00f3n\",\"description\":\"\",\"publisher\":{\"@id\":\"https:\\\/\\\/www.autobuseslaunion.com\\\/#organization\"},\"potentialAction\":[{\"@type\":\"SearchAction\",\"target\":{\"@type\":\"EntryPoint\",\"urlTemplate\":\"https:\\\/\\\/www.autobuseslaunion.com\\\/?s={search_term_string}\"},\"query-input\":{\"@type\":\"PropertyValueSpecification\",\"valueRequired\":true,\"valueName\":\"search_term_string\"}}],\"inLanguage\":\"eu-ES\"},{\"@type\":\"Organization\",\"@id\":\"https:\\\/\\\/www.autobuseslaunion.com\\\/#organization\",\"name\":\"Autobuses la Uni\u00f3n\",\"url\":\"https:\\\/\\\/www.autobuseslaunion.com\\\/\",\"logo\":{\"@type\":\"ImageObject\",\"inLanguage\":\"eu-ES\",\"@id\":\"https:\\\/\\\/www.autobuseslaunion.com\\\/#\\\/schema\\\/logo\\\/image\\\/\",\"url\":\"https:\\\/\\\/www.autobuseslaunion.com\\\/wp-content\\\/uploads\\\/2025\\\/04\\\/launion.png\",\"contentUrl\":\"https:\\\/\\\/www.autobuseslaunion.com\\\/wp-content\\\/uploads\\\/2025\\\/04\\\/launion.png\",\"width\":717,\"height\":276,\"caption\":\"Autobuses la Uni\u00f3n\"},\"image\":{\"@id\":\"https:\\\/\\\/www.autobuseslaunion.com\\\/#\\\/schema\\\/logo\\\/image\\\/\"},\"sameAs\":[\"https:\\\/\\\/www.facebook.com\\\/AutobusesLaUnion\",\"https:\\\/\\\/x.com\\\/BusesLaUnion\",\"https:\\\/\\\/www.instagram.com\\\/autobuseslaunion\\\/\"]}]}<\/script>\r\n<!-- \/ Yoast SEO plugin. -->","yoast_head_json":{"title":"Historia luzeko enpresa | Autobuses La Uni\u00f3n","description":"La Uni\u00f3n Autobusak 50 autobusetik gorako flota modernoa eta esperientzia zabala lortu du bidaiarien errepidezko garraioan.","robots":{"index":"index","follow":"follow","max-snippet":"max-snippet:-1","max-image-preview":"max-image-preview:large","max-video-preview":"max-video-preview:-1"},"canonical":"https:\/\/www.autobuseslaunion.com\/eu\/historia\/","og_locale":"eu_ES","og_type":"article","og_title":"Historia luzeko enpresa | Autobuses La Uni\u00f3n","og_description":"La Uni\u00f3n Autobusak 50 autobusetik gorako flota modernoa eta esperientzia zabala lortu du bidaiarien errepidezko garraioan.","og_url":"https:\/\/www.autobuseslaunion.com\/eu\/historia\/","og_site_name":"Autobuses la Uni\u00f3n","article_publisher":"https:\/\/www.facebook.com\/AutobusesLaUnion","article_modified_time":"2018-09-26T14:27:18+00:00","og_image":[{"width":488,"height":161,"url":"https:\/\/www.autobuseslaunion.com\/wp-content\/uploads\/2018\/08\/historia.jpg","type":"image\/jpeg"}],"twitter_card":"summary_large_image","twitter_site":"@BusesLaUnion","twitter_misc":{"Est. reading time":"2 minutes"},"schema":{"@context":"https:\/\/schema.org","@graph":[{"@type":"WebPage","@id":"https:\/\/www.autobuseslaunion.com\/eu\/historia\/","url":"https:\/\/www.autobuseslaunion.com\/eu\/historia\/","name":"Historia luzeko enpresa | Autobuses La Uni\u00f3n","isPartOf":{"@id":"https:\/\/www.autobuseslaunion.com\/#website"},"primaryImageOfPage":{"@id":"https:\/\/www.autobuseslaunion.com\/eu\/historia\/#primaryimage"},"image":{"@id":"https:\/\/www.autobuseslaunion.com\/eu\/historia\/#primaryimage"},"thumbnailUrl":"https:\/\/www.autobuseslaunion.com\/wp-content\/uploads\/2018\/08\/historia.jpg","datePublished":"2018-08-07T08:38:29+00:00","dateModified":"2018-09-26T14:27:18+00:00","description":"La Uni\u00f3n Autobusak 50 autobusetik gorako flota modernoa eta esperientzia zabala lortu du bidaiarien errepidezko garraioan.","breadcrumb":{"@id":"https:\/\/www.autobuseslaunion.com\/eu\/historia\/#breadcrumb"},"inLanguage":"eu-ES","potentialAction":[{"@type":"ReadAction","target":["https:\/\/www.autobuseslaunion.com\/eu\/historia\/"]}]},{"@type":"ImageObject","inLanguage":"eu-ES","@id":"https:\/\/www.autobuseslaunion.com\/eu\/historia\/#primaryimage","url":"https:\/\/www.autobuseslaunion.com\/wp-content\/uploads\/2018\/08\/historia.jpg","contentUrl":"https:\/\/www.autobuseslaunion.com\/wp-content\/uploads\/2018\/08\/historia.jpg"},{"@type":"BreadcrumbList","@id":"https:\/\/www.autobuseslaunion.com\/eu\/historia\/#breadcrumb","itemListElement":[{"@type":"ListItem","position":1,"name":"Portada","item":"https:\/\/www.autobuseslaunion.com\/eu\/"},{"@type":"ListItem","position":2,"name":"Historia"}]},{"@type":"WebSite","@id":"https:\/\/www.autobuseslaunion.com\/#website","url":"https:\/\/www.autobuseslaunion.com\/","name":"Autobuses la Uni\u00f3n","description":"","publisher":{"@id":"https:\/\/www.autobuseslaunion.com\/#organization"},"potentialAction":[{"@type":"SearchAction","target":{"@type":"EntryPoint","urlTemplate":"https:\/\/www.autobuseslaunion.com\/?s={search_term_string}"},"query-input":{"@type":"PropertyValueSpecification","valueRequired":true,"valueName":"search_term_string"}}],"inLanguage":"eu-ES"},{"@type":"Organization","@id":"https:\/\/www.autobuseslaunion.com\/#organization","name":"Autobuses la Uni\u00f3n","url":"https:\/\/www.autobuseslaunion.com\/","logo":{"@type":"ImageObject","inLanguage":"eu-ES","@id":"https:\/\/www.autobuseslaunion.com\/#\/schema\/logo\/image\/","url":"https:\/\/www.autobuseslaunion.com\/wp-content\/uploads\/2025\/04\/launion.png","contentUrl":"https:\/\/www.autobuseslaunion.com\/wp-content\/uploads\/2025\/04\/launion.png","width":717,"height":276,"caption":"Autobuses la Uni\u00f3n"},"image":{"@id":"https:\/\/www.autobuseslaunion.com\/#\/schema\/logo\/image\/"},"sameAs":["https:\/\/www.facebook.com\/AutobusesLaUnion","https:\/\/x.com\/BusesLaUnion","https:\/\/www.instagram.com\/autobuseslaunion\/"]}]}},"_links":{"self":[{"href":"https:\/\/www.autobuseslaunion.com\/eu\/wp-json\/wp\/v2\/pages\/1509","targetHints":{"allow":["GET"]}}],"collection":[{"href":"https:\/\/www.autobuseslaunion.com\/eu\/wp-json\/wp\/v2\/pages"}],"about":[{"href":"https:\/\/www.autobuseslaunion.com\/eu\/wp-json\/wp\/v2\/types\/page"}],"author":[{"embeddable":true,"href":"https:\/\/www.autobuseslaunion.com\/eu\/wp-json\/wp\/v2\/users\/1"}],"replies":[{"embeddable":true,"href":"https:\/\/www.autobuseslaunion.com\/eu\/wp-json\/wp\/v2\/comments?post=1509"}],"version-history":[{"count":2,"href":"https:\/\/www.autobuseslaunion.com\/eu\/wp-json\/wp\/v2\/pages\/1509\/revisions"}],"predecessor-version":[{"id":1512,"href":"https:\/\/www.autobuseslaunion.com\/eu\/wp-json\/wp\/v2\/pages\/1509\/revisions\/1512"}],"wp:attachment":[{"href":"https:\/\/www.autobuseslaunion.com\/eu\/wp-json\/wp\/v2\/media?parent=1509"}],"curies":[{"name":"wp","href":"https:\/\/api.w.org\/{rel}","templated":true}]}}