

{"id":1426,"date":"2018-06-01T09:35:07","date_gmt":"2018-06-01T09:35:07","guid":{"rendered":"http:\/\/www.autobuseslaunion.com\/puntos-de-venta\/"},"modified":"2025-07-02T08:45:25","modified_gmt":"2025-07-02T08:45:25","slug":"saltokiak","status":"publish","type":"page","link":"https:\/\/www.autobuseslaunion.com\/eu\/saltokiak\/","title":{"rendered":"Saltokiak"},"content":{"rendered":"<p>[vc_row][vc_column][vc_tta_tabs alignment=&#8221;center&#8221; active_section=&#8221;1&#8243;][vc_tta_section title=&#8221;Bilbao&#8221; tab_id=&#8221;1527846876207-c2cd8e17-f2b0&#8243;][title type=&#8221;h2&#8243;]Bilbao: Autobus-geltoki Intermodala (946 54 05 31)[\/title][title type=&#8221;h3&#8243;]Harremanetarako datuak[\/title][vc_column_text el_class=&#8221;punto-venta&#8221;]<\/p>\n<table>\n<tbody>\n<tr>\n<th>Helbidea<\/th>\n<td>Calle Gurtubay n\u00ba 1<\/td>\n<\/tr>\n<tr>\n<th>Herria<\/th>\n<td>Bilbao<\/td>\n<\/tr>\n<tr>\n<th>Posta kodea<\/th>\n<td>48013<\/td>\n<\/tr>\n<tr>\n<th>Telefonoa<\/th>\n<td>94 420 08 69<\/td>\n<\/tr>\n<tr>\n<th>Webgunea<\/th>\n<td>https:\/\/www.bilbaoturismo.net\/BilbaoTurismo\/es\/oficinas-de-turismo<\/td>\n<\/tr>\n<tr>\n<th>Zerbitzuaks<\/th>\n<td>informazioa-zaindegia-fakturazioa<\/td>\n<\/tr>\n<tr>\n<th>Aireporturako autobus geltokia<\/th>\n<td>Bai<\/td>\n<\/tr>\n<tr>\n<th>Taxi geltokia<\/th>\n<td>Bai<\/td>\n<\/tr>\n<tr>\n<th>Metro geltokia<\/th>\n<td>Santimami-San Mames<\/td>\n<\/tr>\n<tr>\n<th>Tranbia geltokia<\/th>\n<td>Zunzunegui<\/td>\n<\/tr>\n<tr>\n<th>RENFE geltokia<\/th>\n<td>San Mames<\/td>\n<\/tr>\n<tr>\n<th>Hurbilen dagoen aparkalekua<\/th>\n<td>Estazioaren barruan<\/td>\n<\/tr>\n<\/tbody>\n<\/table>\n<p>[\/vc_column_text][title type=&#8221;h3&#8243;]Saltokiak[\/title][vc_column_text el_class=&#8221;punto-venta&#8221;]<\/p>\n<table>\n<tbody>\n<tr>\n<th>Saltokiak<\/th>\n<th>Ordua<\/th>\n<th>Telefonoa<\/th>\n<\/tr>\n<tr>\n<td rowspan=\"3\">La Union-Burundesa Txarteldegia<\/td>\n<td>astelehenetik ostiralera, 06:15 &#8211; 20:30<\/td>\n<td rowspan=\"3\">94 427 11 11<\/td>\n<\/tr>\n<tr>\n<td>larunbatetan: 9:00-12:00 \/\/ 15:00-20:30<\/td>\n<\/tr>\n<tr>\n<td>igande eta jaiegunetan: 15:00-20:30abenduaren\u00a025ean\u00a0eta\u00a0urtarrilaren\u00a01ean\u00a0izan\u00a0ezik<\/td>\n<\/tr>\n<tr>\n<td>Tiketak erosteko makinak (3)<\/td>\n<td>24 orduz<\/td>\n<td>Makinetan egon daitezkeen arazoak txarteldegietan, haien ordutegian, bideratuko dira.<\/td>\n<\/tr>\n<\/tbody>\n<\/table>\n<p>[\/vc_column_text][\/vc_tta_section][vc_tta_section title=&#8221;Vitoria-Gasteiz&#8221; tab_id=&#8221;1527846982313-d4107ac0-fa8b&#8221;][title type=&#8221;h2&#8243;]Vitoria-Gasteiz: Autobus Geltokia (946 54 05 31)[\/title][title type=&#8221;h3&#8243;]Harremanetarako datuak[\/title][vc_column_text el_class=&#8221;punto-venta&#8221;]<\/p>\n<table>\n<tbody>\n<tr>\n<th>Helbidea<\/th>\n<td>Plaza Euskaltzaindia<\/td>\n<\/tr>\n<tr>\n<th>Herria<\/th>\n<td>Vitoria &#8211; Gasteiz<\/td>\n<\/tr>\n<tr>\n<th>Posta Kodea<\/th>\n<td>01010<\/td>\n<\/tr>\n<tr>\n<th>Telefonoa<\/th>\n<td>945 16 16 66<\/td>\n<\/tr>\n<tr>\n<th>Webgunea<\/th>\n<td>estaciondeautobusesdevitoria.es<\/td>\n<\/tr>\n<tr>\n<th>Zerbitzuak<\/th>\n<td>informazioa-zaindegia-fakturazioa<\/td>\n<\/tr>\n<tr>\n<th>Aireporturako autobus geltokia<\/th>\n<td>Bai, Ryanair<\/td>\n<\/tr>\n<tr>\n<th>Taxi geltokia<\/th>\n<td>Bai<\/td>\n<\/tr>\n<tr>\n<th>Tranbia geltokia<\/th>\n<td>l\u00ednea Abetxuko\/\/portal de foronda<\/td>\n<\/tr>\n<\/tbody>\n<\/table>\n<p>[\/vc_column_text][title type=&#8221;h3&#8243;]Saltokiak[\/title][vc_column_text el_class=&#8221;punto-venta&#8221;]<\/p>\n<table>\n<tbody>\n<tr>\n<th>Saltokiak<\/th>\n<th>Ordua<\/th>\n<th>Telefonoa<\/th>\n<\/tr>\n<tr>\n<td rowspan=\"3\">La Union-Burundesa Txarteldegia<\/td>\n<td>astelehenetik ostiralera: 06:15-21:55<\/td>\n<td rowspan=\"3\">945 26 46 26<\/td>\n<\/tr>\n<tr>\n<td>Larunbatetan: 08:00-13:30 eta 15:30- 19:30<\/td>\n<\/tr>\n<tr>\n<td>Igande eta jaiegunetan: 8:00 a 13:45 eta 14:30-21:45 abenduaren 25ean eta urtarrilaren 1ean izan ezik<\/td>\n<\/tr>\n<tr>\n<td>Tiketak erosteko makinak (3)<\/td>\n<td>24 orduz<\/td>\n<td>Makinetan egon daitezkeen arazoak txarteldegietan, haien ordutegian, bideratuko dira.<\/td>\n<\/tr>\n<\/tbody>\n<\/table>\n<p>[\/vc_column_text][\/vc_tta_section][vc_tta_section title=&#8221;Pamplona&#8221; tab_id=&#8221;1527846980266-97b60c3a-6b3f&#8221;][title type=&#8221;h2&#8243;]Pamplona: Autobus Geltokia[\/title][title type=&#8221;h3&#8243;]Harremanetarako datuak[\/title][vc_column_text el_class=&#8221;punto-venta&#8221;]<\/p>\n<table>\n<tbody>\n<tr>\n<th>Helbidea<\/th>\n<td>Yanguas y Miranda n\u00ba 2<\/td>\n<\/tr>\n<tr>\n<th>Herria<\/th>\n<td>Pamplona<\/td>\n<\/tr>\n<tr>\n<th>Posta kodea<\/th>\n<td>31003<\/td>\n<\/tr>\n<tr>\n<th>Telefonoa<\/th>\n<td>948 22 19 73<\/td>\n<\/tr>\n<tr>\n<th>Webgunea<\/th>\n<td>www.estaciondeautobusesdepamplona.es<\/td>\n<\/tr>\n<tr>\n<th>Zerbitzuak<\/th>\n<td>informazioa-zaindegia-fakturazioa<\/td>\n<\/tr>\n<tr>\n<th>Aparkalekua<\/th>\n<td>Bai<\/td>\n<\/tr>\n<\/tbody>\n<\/table>\n<p>[\/vc_column_text][title type=&#8221;h3&#8243;]Saltokiak[\/title][vc_column_text el_class=&#8221;punto-venta&#8221;]<\/p>\n<table>\n<tbody>\n<tr>\n<th>Saltokia<\/th>\n<th>Ordua<\/th>\n<th>Telefonoa<\/th>\n<\/tr>\n<tr>\n<td rowspan=\"3\">&gt;Burundesa Txarteldegia<\/td>\n<td>astelehenetik ostiralera 08:30- 13:05 ;14:30 &#8211; 19:00h<\/td>\n<td rowspan=\"3\">948 22 17 66<\/td>\n<\/tr>\n<tr>\n<td>larunbatetan &#8211; igande eta jaiegunetan: 9:00-12:30h<\/td>\n<\/tr>\n<tr>\n<td>25ean eta urtarrilaren 1ean izan ezik<\/td>\n<\/tr>\n<\/tbody>\n<\/table>\n<p>[\/vc_column_text][\/vc_tta_section][\/vc_tta_tabs][\/vc_column][\/vc_row]<\/p>\n","protected":false},"excerpt":{"rendered":"<p>[vc_row][vc_column][vc_tta_tabs alignment=&#8221;center&#8221; active_section=&#8221;1&#8243;][vc_tta_section title=&#8221;Bilbao&#8221; tab_id=&#8221;1527846876207-c2cd8e17-f2b0&#8243;][title type=&#8221;h2&#8243;]Bilbao: Autobus-geltoki Intermodala (946 54 05 31)[\/title][title type=&#8221;h3&#8243;]Harremanetarako datuak[\/title][vc_column_text el_class=&#8221;punto-venta&#8221;] Helbidea Calle Gurtubay n\u00ba 1 Herria Bilbao Posta kodea 48013 Telefonoa 94 420 08 69 Webgunea https:\/\/www.bilbaoturismo.net\/BilbaoTurismo\/es\/oficinas-de-turismo Zerbitzuaks informazioa-zaindegia-fakturazioa Aireporturako autobus geltokia Bai Taxi geltokia Bai Metro geltokia Santimami-San Mames Tranbia geltokia Zunzunegui RENFE geltokia San Mames Hurbilen dagoen aparkalekua<\/p>\n","protected":false},"author":1,"featured_media":0,"parent":0,"menu_order":0,"comment_status":"closed","ping_status":"closed","template":"","meta":{"footnotes":""},"class_list":["post-1426","page","type-page","status-publish","hentry"],"yoast_head":"<!-- This site is optimized with the Yoast SEO plugin v27.5 - https:\/\/yoast.com\/product\/yoast-seo-wordpress\/ -->\r\n<title>Saltokiak Non erosi dezaket nire autobus txartela? | Autobuses La Uni\u00f3n<\/title>\r\n<meta name=\"description\" content=\"Non erosi dezaket nire autobus txartela Autobuses La uni\u00f3n-ekin bidaiatzeko. Bilbo: Termibus, Vitoria-Gasteiz eta Iru\u00f1a: Autobus geltokia\" \/>\r\n<meta name=\"robots\" content=\"index, follow, max-snippet:-1, max-image-preview:large, max-video-preview:-1\" \/>\r\n<link rel=\"canonical\" href=\"https:\/\/www.autobuseslaunion.com\/eu\/saltokiak\/\" \/>\r\n<meta property=\"og:locale\" content=\"eu_ES\" \/>\r\n<meta property=\"og:type\" content=\"article\" \/>\r\n<meta property=\"og:title\" content=\"Saltokiak Non erosi dezaket nire autobus txartela? | Autobuses La Uni\u00f3n\" \/>\r\n<meta property=\"og:description\" content=\"Non erosi dezaket nire autobus txartela Autobuses La uni\u00f3n-ekin bidaiatzeko. Bilbo: Termibus, Vitoria-Gasteiz eta Iru\u00f1a: Autobus geltokia\" \/>\r\n<meta property=\"og:url\" content=\"https:\/\/www.autobuseslaunion.com\/eu\/saltokiak\/\" \/>\r\n<meta property=\"og:site_name\" content=\"Autobuses la Uni\u00f3n\" \/>\r\n<meta property=\"article:publisher\" content=\"https:\/\/www.facebook.com\/AutobusesLaUnion\" \/>\r\n<meta property=\"article:modified_time\" content=\"2025-07-02T08:45:25+00:00\" \/>\r\n<meta name=\"twitter:card\" content=\"summary_large_image\" \/>\r\n<meta name=\"twitter:site\" content=\"@BusesLaUnion\" \/>\r\n<meta name=\"twitter:label1\" content=\"Est. reading time\" \/>\n\t<meta name=\"twitter:data1\" content=\"2 minutes\" \/>\r\n<script type=\"application\/ld+json\" class=\"yoast-schema-graph\">{\"@context\":\"https:\\\/\\\/schema.org\",\"@graph\":[{\"@type\":\"WebPage\",\"@id\":\"https:\\\/\\\/www.autobuseslaunion.com\\\/eu\\\/saltokiak\\\/\",\"url\":\"https:\\\/\\\/www.autobuseslaunion.com\\\/eu\\\/saltokiak\\\/\",\"name\":\"Saltokiak Non erosi dezaket nire autobus txartela? | Autobuses La Uni\u00f3n\",\"isPartOf\":{\"@id\":\"https:\\\/\\\/www.autobuseslaunion.com\\\/#website\"},\"datePublished\":\"2018-06-01T09:35:07+00:00\",\"dateModified\":\"2025-07-02T08:45:25+00:00\",\"description\":\"Non erosi dezaket nire autobus txartela Autobuses La uni\u00f3n-ekin bidaiatzeko. Bilbo: Termibus, Vitoria-Gasteiz eta Iru\u00f1a: Autobus geltokia\",\"breadcrumb\":{\"@id\":\"https:\\\/\\\/www.autobuseslaunion.com\\\/eu\\\/saltokiak\\\/#breadcrumb\"},\"inLanguage\":\"eu-ES\",\"potentialAction\":[{\"@type\":\"ReadAction\",\"target\":[\"https:\\\/\\\/www.autobuseslaunion.com\\\/eu\\\/saltokiak\\\/\"]}]},{\"@type\":\"BreadcrumbList\",\"@id\":\"https:\\\/\\\/www.autobuseslaunion.com\\\/eu\\\/saltokiak\\\/#breadcrumb\",\"itemListElement\":[{\"@type\":\"ListItem\",\"position\":1,\"name\":\"Portada\",\"item\":\"https:\\\/\\\/www.autobuseslaunion.com\\\/eu\\\/\"},{\"@type\":\"ListItem\",\"position\":2,\"name\":\"Saltokiak\"}]},{\"@type\":\"WebSite\",\"@id\":\"https:\\\/\\\/www.autobuseslaunion.com\\\/#website\",\"url\":\"https:\\\/\\\/www.autobuseslaunion.com\\\/\",\"name\":\"Autobuses la Uni\u00f3n\",\"description\":\"\",\"publisher\":{\"@id\":\"https:\\\/\\\/www.autobuseslaunion.com\\\/#organization\"},\"potentialAction\":[{\"@type\":\"SearchAction\",\"target\":{\"@type\":\"EntryPoint\",\"urlTemplate\":\"https:\\\/\\\/www.autobuseslaunion.com\\\/?s={search_term_string}\"},\"query-input\":{\"@type\":\"PropertyValueSpecification\",\"valueRequired\":true,\"valueName\":\"search_term_string\"}}],\"inLanguage\":\"eu-ES\"},{\"@type\":\"Organization\",\"@id\":\"https:\\\/\\\/www.autobuseslaunion.com\\\/#organization\",\"name\":\"Autobuses la Uni\u00f3n\",\"url\":\"https:\\\/\\\/www.autobuseslaunion.com\\\/\",\"logo\":{\"@type\":\"ImageObject\",\"inLanguage\":\"eu-ES\",\"@id\":\"https:\\\/\\\/www.autobuseslaunion.com\\\/#\\\/schema\\\/logo\\\/image\\\/\",\"url\":\"https:\\\/\\\/www.autobuseslaunion.com\\\/wp-content\\\/uploads\\\/2025\\\/04\\\/launion.png\",\"contentUrl\":\"https:\\\/\\\/www.autobuseslaunion.com\\\/wp-content\\\/uploads\\\/2025\\\/04\\\/launion.png\",\"width\":717,\"height\":276,\"caption\":\"Autobuses la Uni\u00f3n\"},\"image\":{\"@id\":\"https:\\\/\\\/www.autobuseslaunion.com\\\/#\\\/schema\\\/logo\\\/image\\\/\"},\"sameAs\":[\"https:\\\/\\\/www.facebook.com\\\/AutobusesLaUnion\",\"https:\\\/\\\/x.com\\\/BusesLaUnion\",\"https:\\\/\\\/www.instagram.com\\\/autobuseslaunion\\\/\"]}]}<\/script>\r\n<!-- \/ Yoast SEO plugin. -->","yoast_head_json":{"title":"Saltokiak Non erosi dezaket nire autobus txartela? | Autobuses La Uni\u00f3n","description":"Non erosi dezaket nire autobus txartela Autobuses La uni\u00f3n-ekin bidaiatzeko. Bilbo: Termibus, Vitoria-Gasteiz eta Iru\u00f1a: Autobus geltokia","robots":{"index":"index","follow":"follow","max-snippet":"max-snippet:-1","max-image-preview":"max-image-preview:large","max-video-preview":"max-video-preview:-1"},"canonical":"https:\/\/www.autobuseslaunion.com\/eu\/saltokiak\/","og_locale":"eu_ES","og_type":"article","og_title":"Saltokiak Non erosi dezaket nire autobus txartela? | Autobuses La Uni\u00f3n","og_description":"Non erosi dezaket nire autobus txartela Autobuses La uni\u00f3n-ekin bidaiatzeko. Bilbo: Termibus, Vitoria-Gasteiz eta Iru\u00f1a: Autobus geltokia","og_url":"https:\/\/www.autobuseslaunion.com\/eu\/saltokiak\/","og_site_name":"Autobuses la Uni\u00f3n","article_publisher":"https:\/\/www.facebook.com\/AutobusesLaUnion","article_modified_time":"2025-07-02T08:45:25+00:00","twitter_card":"summary_large_image","twitter_site":"@BusesLaUnion","twitter_misc":{"Est. reading time":"2 minutes"},"schema":{"@context":"https:\/\/schema.org","@graph":[{"@type":"WebPage","@id":"https:\/\/www.autobuseslaunion.com\/eu\/saltokiak\/","url":"https:\/\/www.autobuseslaunion.com\/eu\/saltokiak\/","name":"Saltokiak Non erosi dezaket nire autobus txartela? | Autobuses La Uni\u00f3n","isPartOf":{"@id":"https:\/\/www.autobuseslaunion.com\/#website"},"datePublished":"2018-06-01T09:35:07+00:00","dateModified":"2025-07-02T08:45:25+00:00","description":"Non erosi dezaket nire autobus txartela Autobuses La uni\u00f3n-ekin bidaiatzeko. Bilbo: Termibus, Vitoria-Gasteiz eta Iru\u00f1a: Autobus geltokia","breadcrumb":{"@id":"https:\/\/www.autobuseslaunion.com\/eu\/saltokiak\/#breadcrumb"},"inLanguage":"eu-ES","potentialAction":[{"@type":"ReadAction","target":["https:\/\/www.autobuseslaunion.com\/eu\/saltokiak\/"]}]},{"@type":"BreadcrumbList","@id":"https:\/\/www.autobuseslaunion.com\/eu\/saltokiak\/#breadcrumb","itemListElement":[{"@type":"ListItem","position":1,"name":"Portada","item":"https:\/\/www.autobuseslaunion.com\/eu\/"},{"@type":"ListItem","position":2,"name":"Saltokiak"}]},{"@type":"WebSite","@id":"https:\/\/www.autobuseslaunion.com\/#website","url":"https:\/\/www.autobuseslaunion.com\/","name":"Autobuses la Uni\u00f3n","description":"","publisher":{"@id":"https:\/\/www.autobuseslaunion.com\/#organization"},"potentialAction":[{"@type":"SearchAction","target":{"@type":"EntryPoint","urlTemplate":"https:\/\/www.autobuseslaunion.com\/?s={search_term_string}"},"query-input":{"@type":"PropertyValueSpecification","valueRequired":true,"valueName":"search_term_string"}}],"inLanguage":"eu-ES"},{"@type":"Organization","@id":"https:\/\/www.autobuseslaunion.com\/#organization","name":"Autobuses la Uni\u00f3n","url":"https:\/\/www.autobuseslaunion.com\/","logo":{"@type":"ImageObject","inLanguage":"eu-ES","@id":"https:\/\/www.autobuseslaunion.com\/#\/schema\/logo\/image\/","url":"https:\/\/www.autobuseslaunion.com\/wp-content\/uploads\/2025\/04\/launion.png","contentUrl":"https:\/\/www.autobuseslaunion.com\/wp-content\/uploads\/2025\/04\/launion.png","width":717,"height":276,"caption":"Autobuses la Uni\u00f3n"},"image":{"@id":"https:\/\/www.autobuseslaunion.com\/#\/schema\/logo\/image\/"},"sameAs":["https:\/\/www.facebook.com\/AutobusesLaUnion","https:\/\/x.com\/BusesLaUnion","https:\/\/www.instagram.com\/autobuseslaunion\/"]}]}},"_links":{"self":[{"href":"https:\/\/www.autobuseslaunion.com\/eu\/wp-json\/wp\/v2\/pages\/1426","targetHints":{"allow":["GET"]}}],"collection":[{"href":"https:\/\/www.autobuseslaunion.com\/eu\/wp-json\/wp\/v2\/pages"}],"about":[{"href":"https:\/\/www.autobuseslaunion.com\/eu\/wp-json\/wp\/v2\/types\/page"}],"author":[{"embeddable":true,"href":"https:\/\/www.autobuseslaunion.com\/eu\/wp-json\/wp\/v2\/users\/1"}],"replies":[{"embeddable":true,"href":"https:\/\/www.autobuseslaunion.com\/eu\/wp-json\/wp\/v2\/comments?post=1426"}],"version-history":[{"count":18,"href":"https:\/\/www.autobuseslaunion.com\/eu\/wp-json\/wp\/v2\/pages\/1426\/revisions"}],"predecessor-version":[{"id":10610,"href":"https:\/\/www.autobuseslaunion.com\/eu\/wp-json\/wp\/v2\/pages\/1426\/revisions\/10610"}],"wp:attachment":[{"href":"https:\/\/www.autobuseslaunion.com\/eu\/wp-json\/wp\/v2\/media?parent=1426"}],"curies":[{"name":"wp","href":"https:\/\/api.w.org\/{rel}","templated":true}]}}