

{"id":9327,"date":"2024-06-13T09:40:05","date_gmt":"2024-06-13T09:40:05","guid":{"rendered":"https:\/\/www.autobuseslaunion.com\/?page_id=9327"},"modified":"2025-09-15T08:18:15","modified_gmt":"2025-09-15T08:18:15","slug":"l16-artziniega-amurrio-laudio-llodio","status":"publish","type":"page","link":"https:\/\/www.autobuseslaunion.com\/en\/valle-de-ayala\/l16-artziniega-amurrio-laudio-llodio\/","title":{"rendered":"L16- Artziniega &#8211; Amurrio &#8211; Laudio\/Llodio"},"content":{"rendered":"<p>[vc_row][vc_column][title type=&#8221;h2&#8243;]Esquema de paradas[\/title][vc_row_inner][vc_column_inner width=&#8221;1\/2&#8243;][vc_column_text el_class=&#8221;tabla-linea&#8221;]<em>lunes a viernes laborables-<\/em><\/p>\n<table>\n<tbody>\n<tr>\n<th>L\u00ednea 16<\/th>\n<th>De Artziniaga&gt;Amurrio&gt;Llodio&gt;Okendo<\/th>\n<\/tr>\n<tr>\n<td class=\"origen\">Origen<\/td>\n<td>ARTZINEGA, Ayuntamiento<\/td>\n<\/tr>\n<tr>\n<td rowspan=\"21\"><\/td>\n<td>ARTZINIEGA, Gasolinera direcci\u00f3n Amurrio<\/td>\n<\/tr>\n<tr>\n<td>LLANTENO, ctera general direcc. Amurrio Caserio<\/td>\n<\/tr>\n<tr>\n<td>MENAGARAI, dentro Pueblo direcc. Amurrio<\/td>\n<\/tr>\n<tr>\n<td>IBAGUEN, Cruce Zuhatza<\/td>\n<\/tr>\n<tr>\n<td>RESPALDIZA, frente Toboso direccion Amurrio<\/td>\n<\/tr>\n<tr>\n<td>MURGA, Poligono, Jatetxe<\/td>\n<\/tr>\n<tr>\n<td>IZORIA, Olmos cruce de los Olmos direc. Amurrio<\/td>\n<\/tr>\n<tr>\n<td>AMURRIO, gasolinera bar Bodeguilla direc.Vitoria<\/td>\n<\/tr>\n<tr>\n<td>AMURRIO, rotonda Iglesia<\/td>\n<\/tr>\n<tr>\n<td>AMURRIO, San Jose direccion Amurrio<\/td>\n<\/tr>\n<tr>\n<td>LLODIO, Cruz Roja direccion Amurrio<\/td>\n<\/tr>\n<tr>\n<td>LLODIO, Ayuntamiento direcc. Areta<\/td>\n<\/tr>\n<tr>\n<td>LLODIO, UGARTE colegio La Milagrosa direccion Okendo<\/td>\n<\/tr>\n<tr>\n<td>OKENDO, monumento PASTOR direcc. Okendo<\/td>\n<\/tr>\n<tr>\n<td>OKENDO, Ventilla direccion Okendo<\/td>\n<\/tr>\n<tr>\n<td>OKENDO, Zudibiarte direccion Okendo<\/td>\n<\/tr>\n<tr>\n<td>OKENDO, residencia 3edad, direccion Zuhatza<\/td>\n<\/tr>\n<tr>\n<td>OKENDO, Caja Vital direccion Zuhatza<\/td>\n<\/tr>\n<\/tbody>\n<\/table>\n<p>[\/vc_column_text][\/vc_column_inner][vc_column_inner width=&#8221;1\/2&#8243;][vc_column_text el_class=&#8221;tabla-linea&#8221;]<em>lunes a viernes laborables-<\/em><\/p>\n<table>\n<tbody>\n<tr>\n<th>L\u00ednea 16<\/th>\n<th>De Okend&gt;Llodio&gt;Amurrio&gt;Artziniaga<\/th>\n<\/tr>\n<tr>\n<td class=\"origen\">Origen<\/td>\n<td>OKENDO, Bar Txaparro direccion Llodio<\/td>\n<\/tr>\n<tr>\n<td rowspan=\"21\"><\/td>\n<td>OKENDO, Caja Vital direccion Llodio<\/td>\n<\/tr>\n<tr>\n<td>OKENDO, residencia 3edad, direccion Llodio<\/td>\n<\/tr>\n<tr>\n<td>OKENDO, Zudibiarte direccion Llodio<\/td>\n<\/tr>\n<tr>\n<td>OKENDO, Ventilla direccion Llodio<\/td>\n<\/tr>\n<tr>\n<td>OKENDO, monumento PASTOR direcc.Llodio<\/td>\n<\/tr>\n<tr>\n<td>LLODIO UGARTE, panaderia direcc. Llodio<\/td>\n<\/tr>\n<tr>\n<td>LLODIO, Instituto direccion Amurrio<\/td>\n<\/tr>\n<tr>\n<td>LLODIO, Cruz Roja direccion Amurrio<\/td>\n<\/tr>\n<tr>\n<td>AMURRIO, Iglesia SAN JOSE direccion Amurrio<\/td>\n<\/tr>\n<tr>\n<td>AMURRIO, Rotonda Iglesia<\/td>\n<\/tr>\n<tr>\n<td>IZORIA, Olmos cruce de los Olmos direc. Respaldiza<\/td>\n<\/tr>\n<tr>\n<td>MURGA, Poligono, Jatetxe<\/td>\n<\/tr>\n<tr>\n<td>RESPALDIZA, frente rest. Toboso direccion Artziniaga<\/td>\n<\/tr>\n<tr>\n<td>IBAGUEN, Ikastola Etxaurren<\/td>\n<\/tr>\n<tr>\n<td>MENAGARAI, carretera dentro Pueblo direc. Artziniaga<\/td>\n<\/tr>\n<tr>\n<td>LLANTENO, carretera general direc Artziniaga caserio<\/td>\n<\/tr>\n<tr>\n<td>ARTZINIEGA, Gasolinera junto al surtidor<\/td>\n<\/tr>\n<tr>\n<td>ARTZINEGA, Ayuntamiento<\/td>\n<\/tr>\n<\/tbody>\n<\/table>\n<p>[\/vc_column_text][\/vc_column_inner][\/vc_row_inner][vc_column_text]* los\u00a0 horarios de paso son aproximados (consultar horarios)<\/p>\n<p>Esta l\u00ednea dispone de su propio reglamento. <strong><em>\u201cReglamento de servicios de las l\u00edneas de transporte regular de viajeros por carretera de uso general titularidad de la Diputaci\u00f3n Foral de Alava \u201d<\/em><\/strong>[\/vc_column_text][title type=&#8221;h2&#8243;]Horarios y tarifas[\/title][vc_column_text el_class=&#8221;descarga-horarios&#8221;]<\/p>\n<table>\n<tbody>\n<tr>\n<th>L\u00edneas\/Recorridos<\/th>\n<th>Compa\u00f1\u00eda<\/th>\n<th>Horarios<\/th>\n<\/tr>\n<tr>\n<td>L15-Laudio\/Llodio &#8211; Vitoria-Gasteiz<\/td>\n<td>La Uni\u00f3n, S.A<\/td>\n<td><a href=\"https:\/\/www.autobuseslaunion.com\/wp-content\/uploads\/2025\/03\/L-16.pdf\" target=\"_blank\" rel=\"noopener\">PDF<\/a><\/td>\n<\/tr>\n<\/tbody>\n<\/table>\n<p>[\/vc_column_text][title type=&#8221;h2&#8243;]Reserva la Tarjeta BAT[\/title][vc_row_inner][vc_column_inner width=&#8221;1\/2&#8243;][vc_btn title=&#8221;Entrar&#8221; style=&#8221;classic&#8221; color=&#8221;primary&#8221; align=&#8221;center&#8221; el_class=&#8221;cta-button&#8221; link=&#8221;url:https%3A%2F%2Fregular.autobusing.com%2Fbat_tarjeta%2Flogin%3Fempresa%3Dlaunion||target:%20_blank|&#8221;][\/vc_column_inner][vc_column_inner width=&#8221;1\/2&#8243;][vc_btn title=&#8221;Registrarse&#8221; style=&#8221;classic&#8221; color=&#8221;primary&#8221; align=&#8221;center&#8221; el_class=&#8221;cta-button&#8221; link=&#8221;url:https%3A%2F%2Fregular.autobusing.com%2Fbat_tarjeta%2Fregistro%3F_eid%3DBAhpBg%253D%253D%250A||target:%20_blank|&#8221;][\/vc_column_inner][\/vc_row_inner][title type=&#8221;h2&#8243;]T\u00edtulos de transporte y formas de pago[\/title][vc_column_text]<\/p>\n<ul>\n<li>Los t\u00edtulos de transporte v\u00e1lidos son la Tarjeta Bat y el billete ocasional. La tarjeta Bat se adquiere en las oficinas de Euskotren en la calle Sancho el Sabio o se recarga en las m\u00e1quinas de Euskotren, hay una en la Estaci\u00f3n de Autobuses de Vitoria-Gasteiz.<\/li>\n<li>El billete ocasional se compra en el propio autob\u00fas. Pago en met\u00e1lico. No se admiten importes superiores a 20 euros.<\/li>\n<li>Los ni\u00f1os y ni\u00f1as menores de cinco a\u00f1os viajan de forma gratuita, deber\u00e1n disponer de billete (que facilitar\u00e1 el conductor por importe cero). Asimismo viajar\u00e1n de forma gratuita las personas acompa\u00f1antes de viajeros con discapacidad visual o con movilidad reducida que requieran de asistencia personal para sus desplazamientos. Ver transporte de menores. <strong><em>Ver art\u00edculo 10 del Reglamento<\/em><\/strong><\/li>\n<li>Accesibilidad: la empresa operadora estar\u00e1 obligada al cumplimiento de la normativa sobre accesibilidad en los transportes p\u00fablicos. Con el fin de garantizar la plaza en el horario deseado la empresa recomienda realizar la reserva de plaza con un antelaci\u00f3n de 24 horas. Dicha notificaci\u00f3n la puede realizar por tel\u00e9fono en el Servicio de\u00a0 Atenci\u00f3n al cliente 945 26 46 26 o de manera presencial en la taquilla de la Estaci\u00f3n de autobuses de Vitoria-Gasteiz. En ambos casos el horario es \u00a0de lunes a viernes de 6:15 a 21:55 de manera ininterrumpida, los s\u00e1bados de 8:00-13:30 y 15:30-19:30 horas y los Domingos\/festivos de 8:00\/13:45 y 14:30\/21:45 horas.Igualmente si el viajero requiere de una silla de ruedas la puede solicitar por el mismo canal o de manera presencial en la Taquilla de Vitoria-Gasteiz.<\/li>\n<li>\u00danicamente se proceder\u00e1 a la devoluci\u00f3n del importe del billete cuando se suspenda un servicio antes de su inicio. <strong><em>Ver art\u00edculo 9 del Reglamento.<\/em><\/strong><\/li>\n<li>Transporte de grupos, los grupos de diez o m\u00e1s personas que deseen viajar en las l\u00edneas regulares donde no exista venta anticipada de billetes, deber\u00e1n avisar a la empresa prestataria del servicio con una antelaci\u00f3n m\u00ednima de una semana.<strong><em> Ver art\u00edculo 11 del Reglamento.<\/em><\/strong><\/li>\n<li>Bultos y equipajes<strong><em>, ver art\u00edculo 12 del Reglamento<\/em><\/strong><\/li>\n<li>Transporte de coches y sillas infantiles, los coches o sillas infantiles deber\u00e1n ir obligatoriamente en la bodega. No se abonar\u00e1 por el viajero recargo alguno por portar coches o sillas.<strong><em> Ver art\u00edculo 13 del Reglamento<\/em><\/strong><\/li>\n<li>Transporte de bicicletas, previo aviso a la compa\u00f1\u00eda de autobuses adjudicataria de cada concesi\u00f3n realizado en la v\u00edspera de la fecha en la que se desee viajar y las condiciones del veh\u00edculo as\u00ed lo permiten para el trayecto correspondiente, se podr\u00e1n transportar bicicletas \u00fanicamente en la bodega del autob\u00fas. \u00danicamente se admitir\u00e1 el transporte de una \u00fanica bicicleta por pasajero. Este transporte se realizar\u00e1 de forma gratuita. <strong><em>Ver art\u00edculo 14 del Reglamento<\/em><\/strong><\/li>\n<li>Acceso de animales, \u00fanicamente a bordo del autob\u00fas los perros gu\u00eda y de asistenca que acrediten estar autorizados para estas funciones por centros homologados.<strong><em> Resto consultar art\u00edculo 15 del Reglamento<\/em><\/strong><\/li>\n<li>En las <strong>paradas se\u00f1aladas con un *<\/strong> y el texto <strong>\u201cAcercamiento\u201d<\/strong> en los folletos de horarios de las l\u00edneas de Alavabus, las personas usuarias deben <strong>ponerse en contacto, antes de las 19:00 horas del d\u00eda anterior al del viaje<\/strong> con la compa\u00f1\u00eda para poder reservar la entrada a la localidad solicitada. La empresa confirmar\u00e1 la reserva realizada v\u00eda SMS o WhatsApp, indicando los datos de l\u00ednea, origen\/destino, fecha y hora de la expedici\u00f3n, y trasladar\u00e1 los datos al personal de conducci\u00f3n para que se cumpla con dicha reserva y entre a la localidad.\n<p>Es <strong>OBLIGATORIO<\/strong> para la persona viajera que si finalmente no va a viajar, notifique a la compa\u00f1\u00eda como m\u00ednimo 1 hora antes de la expedici\u00f3n.<\/p>\n<p><em>Para las l\u00edneas L 14- L 15 \u2013 L 16 (Valle de Ayala), L 18 (Vitoria-Gasteiz&gt;Durango)<\/em> los <strong>tel\u00e9fonos<\/strong> de la compa\u00f1\u00eda son 94 427 11 11 y 945 26 46 26, por WhatsApp 691 40 45 94<\/li>\n<\/ul>\n<p>[\/vc_column_text][vc_btn title=&#8221;Otra informaci\u00f3n \u00fatil para el viajero&#8221; style=&#8221;classic&#8221; color=&#8221;primary&#8221; align=&#8221;center&#8221; el_class=&#8221;cta-button&#8221; link=&#8221;url:http%3A%2F%2Fwww.autobuseslaunion.com%2Fwp-content%2Fuploads%2F2018%2F08%2FReglamento-de-Servicios-DFA.pdf|||&#8221;][\/vc_column][\/vc_row]<\/p>\n","protected":false},"excerpt":{"rendered":"<p>[vc_row][vc_column][title type=&#8221;h2&#8243;]Esquema de paradas[\/title][vc_row_inner][vc_column_inner width=&#8221;1\/2&#8243;][vc_column_text el_class=&#8221;tabla-linea&#8221;]lunes a viernes laborables- L\u00ednea 16 De Artziniaga&gt;Amurrio&gt;Llodio&gt;Okendo Origen ARTZINEGA, Ayuntamiento ARTZINIEGA, Gasolinera direcci\u00f3n Amurrio LLANTENO, ctera general direcc. Amurrio Caserio MENAGARAI, dentro Pueblo direcc. Amurrio IBAGUEN, Cruce Zuhatza RESPALDIZA, frente Toboso direccion Amurrio MURGA, Poligono, Jatetxe IZORIA, Olmos cruce de los Olmos direc. Amurrio AMURRIO, gasolinera bar Bodeguilla direc.Vitoria<\/p>\n","protected":false},"author":1,"featured_media":0,"parent":1116,"menu_order":0,"comment_status":"closed","ping_status":"closed","template":"","meta":{"footnotes":""},"class_list":["post-9327","page","type-page","status-publish","hentry"],"yoast_head":"<!-- This site is optimized with the Yoast SEO plugin v27.3 - https:\/\/yoast.com\/product\/yoast-seo-wordpress\/ -->\r\n<title>L15-Laudio\/Llodio \u2013 Vitoria-Gasteiz<\/title>\r\n<meta name=\"robots\" content=\"index, follow, max-snippet:-1, max-image-preview:large, max-video-preview:-1\" \/>\r\n<link rel=\"canonical\" href=\"https:\/\/www.autobuseslaunion.com\/valle-de-ayala\/l16-artziniega-amurrio-laudio-llodio\/\" \/>\r\n<meta property=\"og:locale\" content=\"en_US\" \/>\r\n<meta property=\"og:type\" content=\"article\" \/>\r\n<meta property=\"og:title\" content=\"L15-Laudio\/Llodio \u2013 Vitoria-Gasteiz\" \/>\r\n<meta property=\"og:description\" content=\"[vc_row][vc_column][title type=&#8221;h2&#8243;]Esquema de paradas[\/title][vc_row_inner][vc_column_inner width=&#8221;1\/2&#8243;][vc_column_text el_class=&#8221;tabla-linea&#8221;]lunes a viernes laborables- L\u00ednea 16 De Artziniaga&gt;Amurrio&gt;Llodio&gt;Okendo Origen ARTZINEGA, Ayuntamiento ARTZINIEGA, Gasolinera direcci\u00f3n Amurrio LLANTENO, ctera general direcc. Amurrio Caserio MENAGARAI, dentro Pueblo direcc. Amurrio IBAGUEN, Cruce Zuhatza RESPALDIZA, frente Toboso direccion Amurrio MURGA, Poligono, Jatetxe IZORIA, Olmos cruce de los Olmos direc. Amurrio AMURRIO, gasolinera bar Bodeguilla direc.Vitoria\" \/>\r\n<meta property=\"og:url\" content=\"https:\/\/www.autobuseslaunion.com\/valle-de-ayala\/l16-artziniega-amurrio-laudio-llodio\/\" \/>\r\n<meta property=\"og:site_name\" content=\"Autobuses la Uni\u00f3n\" \/>\r\n<meta property=\"article:publisher\" content=\"https:\/\/www.facebook.com\/AutobusesLaUnion\" \/>\r\n<meta property=\"article:modified_time\" content=\"2025-09-15T08:18:15+00:00\" \/>\r\n<meta name=\"twitter:card\" content=\"summary_large_image\" \/>\r\n<meta name=\"twitter:site\" content=\"@BusesLaUnion\" \/>\r\n<meta name=\"twitter:label1\" content=\"Est. reading time\" \/>\n\t<meta name=\"twitter:data1\" content=\"4 minutes\" \/>\r\n<script type=\"application\/ld+json\" class=\"yoast-schema-graph\">{\"@context\":\"https:\\\/\\\/schema.org\",\"@graph\":[{\"@type\":\"WebPage\",\"@id\":\"https:\\\/\\\/www.autobuseslaunion.com\\\/valle-de-ayala\\\/l16-artziniega-amurrio-laudio-llodio\\\/\",\"url\":\"https:\\\/\\\/www.autobuseslaunion.com\\\/valle-de-ayala\\\/l16-artziniega-amurrio-laudio-llodio\\\/\",\"name\":\"L15-Laudio\\\/Llodio \u2013 Vitoria-Gasteiz\",\"isPartOf\":{\"@id\":\"https:\\\/\\\/www.autobuseslaunion.com\\\/#website\"},\"datePublished\":\"2024-06-13T09:40:05+00:00\",\"dateModified\":\"2025-09-15T08:18:15+00:00\",\"breadcrumb\":{\"@id\":\"https:\\\/\\\/www.autobuseslaunion.com\\\/valle-de-ayala\\\/l16-artziniega-amurrio-laudio-llodio\\\/#breadcrumb\"},\"inLanguage\":\"en-US\",\"potentialAction\":[{\"@type\":\"ReadAction\",\"target\":[\"https:\\\/\\\/www.autobuseslaunion.com\\\/valle-de-ayala\\\/l16-artziniega-amurrio-laudio-llodio\\\/\"]}]},{\"@type\":\"BreadcrumbList\",\"@id\":\"https:\\\/\\\/www.autobuseslaunion.com\\\/valle-de-ayala\\\/l16-artziniega-amurrio-laudio-llodio\\\/#breadcrumb\",\"itemListElement\":[{\"@type\":\"ListItem\",\"position\":1,\"name\":\"Portada\",\"item\":\"https:\\\/\\\/www.autobuseslaunion.com\\\/en\\\/\"},{\"@type\":\"ListItem\",\"position\":2,\"name\":\"Valle de Ayala\",\"item\":\"https:\\\/\\\/www.autobuseslaunion.com\\\/valle-de-ayala\\\/\"},{\"@type\":\"ListItem\",\"position\":3,\"name\":\"L16- Artziniega &#8211; Amurrio &#8211; Laudio\\\/Llodio\"}]},{\"@type\":\"WebSite\",\"@id\":\"https:\\\/\\\/www.autobuseslaunion.com\\\/#website\",\"url\":\"https:\\\/\\\/www.autobuseslaunion.com\\\/\",\"name\":\"Autobuses la Uni\u00f3n\",\"description\":\"\",\"publisher\":{\"@id\":\"https:\\\/\\\/www.autobuseslaunion.com\\\/#organization\"},\"potentialAction\":[{\"@type\":\"SearchAction\",\"target\":{\"@type\":\"EntryPoint\",\"urlTemplate\":\"https:\\\/\\\/www.autobuseslaunion.com\\\/?s={search_term_string}\"},\"query-input\":{\"@type\":\"PropertyValueSpecification\",\"valueRequired\":true,\"valueName\":\"search_term_string\"}}],\"inLanguage\":\"en-US\"},{\"@type\":\"Organization\",\"@id\":\"https:\\\/\\\/www.autobuseslaunion.com\\\/#organization\",\"name\":\"Autobuses la Uni\u00f3n\",\"url\":\"https:\\\/\\\/www.autobuseslaunion.com\\\/\",\"logo\":{\"@type\":\"ImageObject\",\"inLanguage\":\"en-US\",\"@id\":\"https:\\\/\\\/www.autobuseslaunion.com\\\/#\\\/schema\\\/logo\\\/image\\\/\",\"url\":\"https:\\\/\\\/www.autobuseslaunion.com\\\/wp-content\\\/uploads\\\/2025\\\/04\\\/launion.png\",\"contentUrl\":\"https:\\\/\\\/www.autobuseslaunion.com\\\/wp-content\\\/uploads\\\/2025\\\/04\\\/launion.png\",\"width\":717,\"height\":276,\"caption\":\"Autobuses la Uni\u00f3n\"},\"image\":{\"@id\":\"https:\\\/\\\/www.autobuseslaunion.com\\\/#\\\/schema\\\/logo\\\/image\\\/\"},\"sameAs\":[\"https:\\\/\\\/www.facebook.com\\\/AutobusesLaUnion\",\"https:\\\/\\\/x.com\\\/BusesLaUnion\",\"https:\\\/\\\/www.instagram.com\\\/autobuseslaunion\\\/\"]}]}<\/script>\r\n<!-- \/ Yoast SEO plugin. -->","yoast_head_json":{"title":"L15-Laudio\/Llodio \u2013 Vitoria-Gasteiz","robots":{"index":"index","follow":"follow","max-snippet":"max-snippet:-1","max-image-preview":"max-image-preview:large","max-video-preview":"max-video-preview:-1"},"canonical":"https:\/\/www.autobuseslaunion.com\/valle-de-ayala\/l16-artziniega-amurrio-laudio-llodio\/","og_locale":"en_US","og_type":"article","og_title":"L15-Laudio\/Llodio \u2013 Vitoria-Gasteiz","og_description":"[vc_row][vc_column][title type=&#8221;h2&#8243;]Esquema de paradas[\/title][vc_row_inner][vc_column_inner width=&#8221;1\/2&#8243;][vc_column_text el_class=&#8221;tabla-linea&#8221;]lunes a viernes laborables- L\u00ednea 16 De Artziniaga&gt;Amurrio&gt;Llodio&gt;Okendo Origen ARTZINEGA, Ayuntamiento ARTZINIEGA, Gasolinera direcci\u00f3n Amurrio LLANTENO, ctera general direcc. Amurrio Caserio MENAGARAI, dentro Pueblo direcc. Amurrio IBAGUEN, Cruce Zuhatza RESPALDIZA, frente Toboso direccion Amurrio MURGA, Poligono, Jatetxe IZORIA, Olmos cruce de los Olmos direc. Amurrio AMURRIO, gasolinera bar Bodeguilla direc.Vitoria","og_url":"https:\/\/www.autobuseslaunion.com\/valle-de-ayala\/l16-artziniega-amurrio-laudio-llodio\/","og_site_name":"Autobuses la Uni\u00f3n","article_publisher":"https:\/\/www.facebook.com\/AutobusesLaUnion","article_modified_time":"2025-09-15T08:18:15+00:00","twitter_card":"summary_large_image","twitter_site":"@BusesLaUnion","twitter_misc":{"Est. reading time":"4 minutes"},"schema":{"@context":"https:\/\/schema.org","@graph":[{"@type":"WebPage","@id":"https:\/\/www.autobuseslaunion.com\/valle-de-ayala\/l16-artziniega-amurrio-laudio-llodio\/","url":"https:\/\/www.autobuseslaunion.com\/valle-de-ayala\/l16-artziniega-amurrio-laudio-llodio\/","name":"L15-Laudio\/Llodio \u2013 Vitoria-Gasteiz","isPartOf":{"@id":"https:\/\/www.autobuseslaunion.com\/#website"},"datePublished":"2024-06-13T09:40:05+00:00","dateModified":"2025-09-15T08:18:15+00:00","breadcrumb":{"@id":"https:\/\/www.autobuseslaunion.com\/valle-de-ayala\/l16-artziniega-amurrio-laudio-llodio\/#breadcrumb"},"inLanguage":"en-US","potentialAction":[{"@type":"ReadAction","target":["https:\/\/www.autobuseslaunion.com\/valle-de-ayala\/l16-artziniega-amurrio-laudio-llodio\/"]}]},{"@type":"BreadcrumbList","@id":"https:\/\/www.autobuseslaunion.com\/valle-de-ayala\/l16-artziniega-amurrio-laudio-llodio\/#breadcrumb","itemListElement":[{"@type":"ListItem","position":1,"name":"Portada","item":"https:\/\/www.autobuseslaunion.com\/en\/"},{"@type":"ListItem","position":2,"name":"Valle de Ayala","item":"https:\/\/www.autobuseslaunion.com\/valle-de-ayala\/"},{"@type":"ListItem","position":3,"name":"L16- Artziniega &#8211; Amurrio &#8211; Laudio\/Llodio"}]},{"@type":"WebSite","@id":"https:\/\/www.autobuseslaunion.com\/#website","url":"https:\/\/www.autobuseslaunion.com\/","name":"Autobuses la Uni\u00f3n","description":"","publisher":{"@id":"https:\/\/www.autobuseslaunion.com\/#organization"},"potentialAction":[{"@type":"SearchAction","target":{"@type":"EntryPoint","urlTemplate":"https:\/\/www.autobuseslaunion.com\/?s={search_term_string}"},"query-input":{"@type":"PropertyValueSpecification","valueRequired":true,"valueName":"search_term_string"}}],"inLanguage":"en-US"},{"@type":"Organization","@id":"https:\/\/www.autobuseslaunion.com\/#organization","name":"Autobuses la Uni\u00f3n","url":"https:\/\/www.autobuseslaunion.com\/","logo":{"@type":"ImageObject","inLanguage":"en-US","@id":"https:\/\/www.autobuseslaunion.com\/#\/schema\/logo\/image\/","url":"https:\/\/www.autobuseslaunion.com\/wp-content\/uploads\/2025\/04\/launion.png","contentUrl":"https:\/\/www.autobuseslaunion.com\/wp-content\/uploads\/2025\/04\/launion.png","width":717,"height":276,"caption":"Autobuses la Uni\u00f3n"},"image":{"@id":"https:\/\/www.autobuseslaunion.com\/#\/schema\/logo\/image\/"},"sameAs":["https:\/\/www.facebook.com\/AutobusesLaUnion","https:\/\/x.com\/BusesLaUnion","https:\/\/www.instagram.com\/autobuseslaunion\/"]}]}},"_links":{"self":[{"href":"https:\/\/www.autobuseslaunion.com\/en\/wp-json\/wp\/v2\/pages\/9327","targetHints":{"allow":["GET"]}}],"collection":[{"href":"https:\/\/www.autobuseslaunion.com\/en\/wp-json\/wp\/v2\/pages"}],"about":[{"href":"https:\/\/www.autobuseslaunion.com\/en\/wp-json\/wp\/v2\/types\/page"}],"author":[{"embeddable":true,"href":"https:\/\/www.autobuseslaunion.com\/en\/wp-json\/wp\/v2\/users\/1"}],"replies":[{"embeddable":true,"href":"https:\/\/www.autobuseslaunion.com\/en\/wp-json\/wp\/v2\/comments?post=9327"}],"version-history":[{"count":4,"href":"https:\/\/www.autobuseslaunion.com\/en\/wp-json\/wp\/v2\/pages\/9327\/revisions"}],"predecessor-version":[{"id":10955,"href":"https:\/\/www.autobuseslaunion.com\/en\/wp-json\/wp\/v2\/pages\/9327\/revisions\/10955"}],"up":[{"embeddable":true,"href":"https:\/\/www.autobuseslaunion.com\/en\/wp-json\/wp\/v2\/pages\/1116"}],"wp:attachment":[{"href":"https:\/\/www.autobuseslaunion.com\/en\/wp-json\/wp\/v2\/media?parent=9327"}],"curies":[{"name":"wp","href":"https:\/\/api.w.org\/{rel}","templated":true}]}}