

{"id":6371,"date":"2021-07-02T11:52:22","date_gmt":"2021-07-02T11:52:22","guid":{"rendered":"https:\/\/www.autobuseslaunion.com\/?page_id=6371"},"modified":"2025-02-20T14:50:12","modified_gmt":"2025-02-20T14:50:12","slug":"vitoria-airport","status":"publish","type":"page","link":"https:\/\/www.autobuseslaunion.com\/en\/vitoria-airport\/","title":{"rendered":"Vitoria airport"},"content":{"rendered":"<p>[vc_row][vc_column][title type=&#8221;h2&#8243;] Vitoria Airport Service[\/title][vc_single_image image=&#8221;7240&#8243; img_size=&#8221;full&#8221; style=&#8221;vc_box_rounded&#8221;][\/vc_column][\/vc_row][vc_row][vc_column width=&#8221;1\/4&#8243;][button link_url=&#8221;https:\/\/www.via.aero\/uploads\/pdf\/guia_practica.pdf&#8221;]Gu\u00eda pr\u00e1ctica[\/button][\/vc_column][vc_column width=&#8221;1\/4&#8243;][button link_url=&#8221;https:\/\/www.via.aero\/uploads\/pdf\/practical_guide.pdf&#8221;]Practical guide[\/button][\/vc_column][vc_column width=&#8221;1\/4&#8243;][button link_url=&#8221;https:\/\/via.aero\/uploads\/pdf\/praktischer_reisefurer.pdf&#8221;]Praktischer reisefurer[\/button][\/vc_column][vc_column width=&#8221;1\/4&#8243;][button link_url=&#8221;https:\/\/via.aero\/uploads\/pdf\/guida_pratica.pdf&#8221;]Guida pratica[\/button][\/vc_column][\/vc_row][vc_row][vc_column][vc_separator][vc_column_text]<\/p>\n<ul>\n<li>The airport of Vitoria is connected by bus from the company Buses La Union with the bus station of Vitoria and the city center (Calle Cadena y Eleta). The price of the trip is 3 euros per person.<\/li>\n<li>The sale of tickets can only be made to passengers who have airline tickets for the regular flight covered at that time. It is expressly prohibited that this passenger transport be used by other users than passengers (of the flight of arrival or departure covered). It is the responsibility of the bus driver to monitor and verify it.<\/li>\n<li>Bus service schedules are subject to flight times from Vitoria-Gasteiz to Ryanair.<\/li>\n<li>The price of tickets for the use of this transport is set at 3 \u20ac per journey. This price is fixed and unique for the whole round trip or round trip. Children from 0 to 2 years old do not pay.<\/li>\n<li>Can be purchased online on the page autobuseslaunion.com, en route and ticket offices of La Uni\u00f3n Buses at the Bus Stations in Vitoria-Gasteiz, and Intermodal Bus Station Bilbao or at the La Burundesa box office at the Pamplona Bus Station.<\/li>\n<li>Buses Timetables depend on Ryanair flights<\/li>\n<li>You can have more information on the phones 94 427 11 11 or 945 26 46 26.<\/li>\n<li>You can buy your ticket at the next link: <a href=\"https:\/\/regular.autobusing.com\/venta\/?empresa=launion\">https:\/\/regular.autobusing.com\/venta\/?empresa=launion<\/a><\/li>\n<\/ul>\n<p><b>TOUR AND STOPS OF THE BUS IN VITORIA<\/b><\/p>\n<ul>\n<li>Departures from downtown Vitoria, 2 hours before the scheduled departure time. Bus stop Cadena and Eleta. (Nearby parking\/ Parking Catedral <a href=\"https:\/\/apk2gestion.com\/es\/parking\/catedral\">https:\/\/apk2gestion.com\/es\/parking\/catedral<\/a><\/li>\n<li>Departure from Vitoria Bus Station, 1 hour and 45 minutes before the scheduled departure time. Nearby parking- Parking Bus station <a href=\"https:\/\/www.vitoria-gasteiz.org\/wb021\/was\/contenidoAction.do?idioma=es&amp;uid=u_7ee06f5a_14b9b1d05ef__7fa6\">https:\/\/www.vitoria-gasteiz.org\/wb021\/was\/contenidoAction.do?idioma=es&amp;uid=u_7ee06f5a_14b9b1d05ef__7fa6<\/a><\/li>\n<li>Arrival at VitoriaGasteiz Airport, 1 hour and 30 minutes before the scheduled departure time.<\/li>\n<\/ul>\n<p><b>RETURN SERVICE ROUTE: FROM VITORIA-GASTEIZ AIRPORT TO VITORIA CITY<\/b><\/p>\n<ul>\n<li>Departure from Vitoria Airport approximately 30 minutes after arrival of the flight. The bus departs from the terminal arrivals door half an hour after the arrival of the flight and once the passengers have collected their luggage.<\/li>\n<li>Arrival at Vitoria Bus Station 15 minutes after departure from Vitoria-Gasteiz Airport (Nearby parking\/: Parking bus Station <a href=\"https:\/\/www.vitoria-gasteiz.org\/wb021\/was\/contenidoAction.do?idioma=es&amp;uid=u_7ee06f5a_14b9b1d05ef__7fa6\">https:\/\/www.vitoria-gasteiz.org\/wb021\/was\/contenidoAction.do?idioma=es&amp;uid=u_7ee06f5a_14b9b1d05ef__7fa6<\/a><\/li>\n<li>Arrival at the Center of Vitoria-Gasteiz 30 minutes after departure from Vitoria-Gasteiz Airport. Bus stop Cadena and Eleta (Nearby parking\/Cathedra parking <a href=\"https:\/\/apk2gestion.com\/es\/parking\/catedral\">https:\/\/apk2gestion.com\/es\/parking\/catedral<\/a><\/li>\n<\/ul>\n<p>For further information- Download documentation<\/p>\n<p>[\/vc_column_text][\/vc_column][\/vc_row][vc_row][vc_column][\/vc_column][\/vc_row]<\/p>\n","protected":false},"excerpt":{"rendered":"<p>[vc_row][vc_column][title type=&#8221;h2&#8243;] Vitoria Airport Service[\/title][vc_single_image image=&#8221;7240&#8243; img_size=&#8221;full&#8221; style=&#8221;vc_box_rounded&#8221;][\/vc_column][\/vc_row][vc_row][vc_column width=&#8221;1\/4&#8243;][button link_url=&#8221;https:\/\/www.via.aero\/uploads\/pdf\/guia_practica.pdf&#8221;]Gu\u00eda pr\u00e1ctica[\/button][\/vc_column][vc_column width=&#8221;1\/4&#8243;][button link_url=&#8221;https:\/\/www.via.aero\/uploads\/pdf\/practical_guide.pdf&#8221;]Practical guide[\/button][\/vc_column][vc_column width=&#8221;1\/4&#8243;][button link_url=&#8221;https:\/\/via.aero\/uploads\/pdf\/praktischer_reisefurer.pdf&#8221;]Praktischer reisefurer[\/button][\/vc_column][vc_column width=&#8221;1\/4&#8243;][button link_url=&#8221;https:\/\/via.aero\/uploads\/pdf\/guida_pratica.pdf&#8221;]Guida pratica[\/button][\/vc_column][\/vc_row][vc_row][vc_column][vc_separator][vc_column_text] The airport of Vitoria is connected by bus from the company Buses La Union with the bus station of Vitoria and the city center (Calle Cadena y Eleta). The price of the trip is 3<\/p>\n","protected":false},"author":1,"featured_media":0,"parent":0,"menu_order":0,"comment_status":"closed","ping_status":"closed","template":"","meta":{"footnotes":""},"class_list":["post-6371","page","type-page","status-publish","hentry"],"yoast_head":"<!-- This site is optimized with the Yoast SEO plugin v27.4 - https:\/\/yoast.com\/product\/yoast-seo-wordpress\/ -->\r\n<title>Bono Bidaide | Autobuses La Uni\u00f3n<\/title>\r\n<meta name=\"description\" content=\"Con los Bonos Bidaide de Autobuses La Uni\u00f3n es la mejor opci\u00f3n si viajas diariamente, de Lunes a Viernes con importantes descuentos.\" \/>\r\n<meta name=\"robots\" content=\"index, follow, max-snippet:-1, max-image-preview:large, max-video-preview:-1\" \/>\r\n<link rel=\"canonical\" href=\"https:\/\/www.autobuseslaunion.com\/en\/vitoria-airport\/\" \/>\r\n<meta property=\"og:locale\" content=\"en_US\" \/>\r\n<meta property=\"og:type\" content=\"article\" \/>\r\n<meta property=\"og:title\" content=\"Bono Bidaide | Autobuses La Uni\u00f3n\" \/>\r\n<meta property=\"og:description\" content=\"Con los Bonos Bidaide de Autobuses La Uni\u00f3n es la mejor opci\u00f3n si viajas diariamente, de Lunes a Viernes con importantes descuentos.\" \/>\r\n<meta property=\"og:url\" content=\"https:\/\/www.autobuseslaunion.com\/en\/vitoria-airport\/\" \/>\r\n<meta property=\"og:site_name\" content=\"Autobuses la Uni\u00f3n\" \/>\r\n<meta property=\"article:publisher\" content=\"https:\/\/www.facebook.com\/AutobusesLaUnion\" \/>\r\n<meta property=\"article:modified_time\" content=\"2025-02-20T14:50:12+00:00\" \/>\r\n<meta name=\"twitter:card\" content=\"summary_large_image\" \/>\r\n<meta name=\"twitter:site\" content=\"@BusesLaUnion\" \/>\r\n<meta name=\"twitter:label1\" content=\"Est. reading time\" \/>\n\t<meta name=\"twitter:data1\" content=\"2 minutes\" \/>\r\n<script type=\"application\/ld+json\" class=\"yoast-schema-graph\">{\"@context\":\"https:\\\/\\\/schema.org\",\"@graph\":[{\"@type\":\"WebPage\",\"@id\":\"https:\\\/\\\/www.autobuseslaunion.com\\\/en\\\/vitoria-airport\\\/\",\"url\":\"https:\\\/\\\/www.autobuseslaunion.com\\\/en\\\/vitoria-airport\\\/\",\"name\":\"Bono Bidaide | Autobuses La Uni\u00f3n\",\"isPartOf\":{\"@id\":\"https:\\\/\\\/www.autobuseslaunion.com\\\/#website\"},\"datePublished\":\"2021-07-02T11:52:22+00:00\",\"dateModified\":\"2025-02-20T14:50:12+00:00\",\"description\":\"Con los Bonos Bidaide de Autobuses La Uni\u00f3n es la mejor opci\u00f3n si viajas diariamente, de Lunes a Viernes con importantes descuentos.\",\"breadcrumb\":{\"@id\":\"https:\\\/\\\/www.autobuseslaunion.com\\\/en\\\/vitoria-airport\\\/#breadcrumb\"},\"inLanguage\":\"en-US\",\"potentialAction\":[{\"@type\":\"ReadAction\",\"target\":[\"https:\\\/\\\/www.autobuseslaunion.com\\\/en\\\/vitoria-airport\\\/\"]}]},{\"@type\":\"BreadcrumbList\",\"@id\":\"https:\\\/\\\/www.autobuseslaunion.com\\\/en\\\/vitoria-airport\\\/#breadcrumb\",\"itemListElement\":[{\"@type\":\"ListItem\",\"position\":1,\"name\":\"Portada\",\"item\":\"https:\\\/\\\/www.autobuseslaunion.com\\\/en\\\/\"},{\"@type\":\"ListItem\",\"position\":2,\"name\":\"Vitoria airport\"}]},{\"@type\":\"WebSite\",\"@id\":\"https:\\\/\\\/www.autobuseslaunion.com\\\/#website\",\"url\":\"https:\\\/\\\/www.autobuseslaunion.com\\\/\",\"name\":\"Autobuses la Uni\u00f3n\",\"description\":\"\",\"publisher\":{\"@id\":\"https:\\\/\\\/www.autobuseslaunion.com\\\/#organization\"},\"potentialAction\":[{\"@type\":\"SearchAction\",\"target\":{\"@type\":\"EntryPoint\",\"urlTemplate\":\"https:\\\/\\\/www.autobuseslaunion.com\\\/?s={search_term_string}\"},\"query-input\":{\"@type\":\"PropertyValueSpecification\",\"valueRequired\":true,\"valueName\":\"search_term_string\"}}],\"inLanguage\":\"en-US\"},{\"@type\":\"Organization\",\"@id\":\"https:\\\/\\\/www.autobuseslaunion.com\\\/#organization\",\"name\":\"Autobuses la Uni\u00f3n\",\"url\":\"https:\\\/\\\/www.autobuseslaunion.com\\\/\",\"logo\":{\"@type\":\"ImageObject\",\"inLanguage\":\"en-US\",\"@id\":\"https:\\\/\\\/www.autobuseslaunion.com\\\/#\\\/schema\\\/logo\\\/image\\\/\",\"url\":\"https:\\\/\\\/www.autobuseslaunion.com\\\/wp-content\\\/uploads\\\/2025\\\/04\\\/launion.png\",\"contentUrl\":\"https:\\\/\\\/www.autobuseslaunion.com\\\/wp-content\\\/uploads\\\/2025\\\/04\\\/launion.png\",\"width\":717,\"height\":276,\"caption\":\"Autobuses la Uni\u00f3n\"},\"image\":{\"@id\":\"https:\\\/\\\/www.autobuseslaunion.com\\\/#\\\/schema\\\/logo\\\/image\\\/\"},\"sameAs\":[\"https:\\\/\\\/www.facebook.com\\\/AutobusesLaUnion\",\"https:\\\/\\\/x.com\\\/BusesLaUnion\",\"https:\\\/\\\/www.instagram.com\\\/autobuseslaunion\\\/\"]}]}<\/script>\r\n<!-- \/ Yoast SEO plugin. -->","yoast_head_json":{"title":"Bono Bidaide | Autobuses La Uni\u00f3n","description":"Con los Bonos Bidaide de Autobuses La Uni\u00f3n es la mejor opci\u00f3n si viajas diariamente, de Lunes a Viernes con importantes descuentos.","robots":{"index":"index","follow":"follow","max-snippet":"max-snippet:-1","max-image-preview":"max-image-preview:large","max-video-preview":"max-video-preview:-1"},"canonical":"https:\/\/www.autobuseslaunion.com\/en\/vitoria-airport\/","og_locale":"en_US","og_type":"article","og_title":"Bono Bidaide | Autobuses La Uni\u00f3n","og_description":"Con los Bonos Bidaide de Autobuses La Uni\u00f3n es la mejor opci\u00f3n si viajas diariamente, de Lunes a Viernes con importantes descuentos.","og_url":"https:\/\/www.autobuseslaunion.com\/en\/vitoria-airport\/","og_site_name":"Autobuses la Uni\u00f3n","article_publisher":"https:\/\/www.facebook.com\/AutobusesLaUnion","article_modified_time":"2025-02-20T14:50:12+00:00","twitter_card":"summary_large_image","twitter_site":"@BusesLaUnion","twitter_misc":{"Est. reading time":"2 minutes"},"schema":{"@context":"https:\/\/schema.org","@graph":[{"@type":"WebPage","@id":"https:\/\/www.autobuseslaunion.com\/en\/vitoria-airport\/","url":"https:\/\/www.autobuseslaunion.com\/en\/vitoria-airport\/","name":"Bono Bidaide | Autobuses La Uni\u00f3n","isPartOf":{"@id":"https:\/\/www.autobuseslaunion.com\/#website"},"datePublished":"2021-07-02T11:52:22+00:00","dateModified":"2025-02-20T14:50:12+00:00","description":"Con los Bonos Bidaide de Autobuses La Uni\u00f3n es la mejor opci\u00f3n si viajas diariamente, de Lunes a Viernes con importantes descuentos.","breadcrumb":{"@id":"https:\/\/www.autobuseslaunion.com\/en\/vitoria-airport\/#breadcrumb"},"inLanguage":"en-US","potentialAction":[{"@type":"ReadAction","target":["https:\/\/www.autobuseslaunion.com\/en\/vitoria-airport\/"]}]},{"@type":"BreadcrumbList","@id":"https:\/\/www.autobuseslaunion.com\/en\/vitoria-airport\/#breadcrumb","itemListElement":[{"@type":"ListItem","position":1,"name":"Portada","item":"https:\/\/www.autobuseslaunion.com\/en\/"},{"@type":"ListItem","position":2,"name":"Vitoria airport"}]},{"@type":"WebSite","@id":"https:\/\/www.autobuseslaunion.com\/#website","url":"https:\/\/www.autobuseslaunion.com\/","name":"Autobuses la Uni\u00f3n","description":"","publisher":{"@id":"https:\/\/www.autobuseslaunion.com\/#organization"},"potentialAction":[{"@type":"SearchAction","target":{"@type":"EntryPoint","urlTemplate":"https:\/\/www.autobuseslaunion.com\/?s={search_term_string}"},"query-input":{"@type":"PropertyValueSpecification","valueRequired":true,"valueName":"search_term_string"}}],"inLanguage":"en-US"},{"@type":"Organization","@id":"https:\/\/www.autobuseslaunion.com\/#organization","name":"Autobuses la Uni\u00f3n","url":"https:\/\/www.autobuseslaunion.com\/","logo":{"@type":"ImageObject","inLanguage":"en-US","@id":"https:\/\/www.autobuseslaunion.com\/#\/schema\/logo\/image\/","url":"https:\/\/www.autobuseslaunion.com\/wp-content\/uploads\/2025\/04\/launion.png","contentUrl":"https:\/\/www.autobuseslaunion.com\/wp-content\/uploads\/2025\/04\/launion.png","width":717,"height":276,"caption":"Autobuses la Uni\u00f3n"},"image":{"@id":"https:\/\/www.autobuseslaunion.com\/#\/schema\/logo\/image\/"},"sameAs":["https:\/\/www.facebook.com\/AutobusesLaUnion","https:\/\/x.com\/BusesLaUnion","https:\/\/www.instagram.com\/autobuseslaunion\/"]}]}},"_links":{"self":[{"href":"https:\/\/www.autobuseslaunion.com\/en\/wp-json\/wp\/v2\/pages\/6371","targetHints":{"allow":["GET"]}}],"collection":[{"href":"https:\/\/www.autobuseslaunion.com\/en\/wp-json\/wp\/v2\/pages"}],"about":[{"href":"https:\/\/www.autobuseslaunion.com\/en\/wp-json\/wp\/v2\/types\/page"}],"author":[{"embeddable":true,"href":"https:\/\/www.autobuseslaunion.com\/en\/wp-json\/wp\/v2\/users\/1"}],"replies":[{"embeddable":true,"href":"https:\/\/www.autobuseslaunion.com\/en\/wp-json\/wp\/v2\/comments?post=6371"}],"version-history":[{"count":16,"href":"https:\/\/www.autobuseslaunion.com\/en\/wp-json\/wp\/v2\/pages\/6371\/revisions"}],"predecessor-version":[{"id":10071,"href":"https:\/\/www.autobuseslaunion.com\/en\/wp-json\/wp\/v2\/pages\/6371\/revisions\/10071"}],"wp:attachment":[{"href":"https:\/\/www.autobuseslaunion.com\/en\/wp-json\/wp\/v2\/media?parent=6371"}],"curies":[{"name":"wp","href":"https:\/\/api.w.org\/{rel}","templated":true}]}}