

{"id":5662,"date":"2020-09-17T09:21:16","date_gmt":"2020-09-17T09:21:16","guid":{"rendered":"https:\/\/www.autobuseslaunion.com\/?page_id=5662"},"modified":"2024-06-19T11:18:21","modified_gmt":"2024-06-19T11:18:21","slug":"nuevos-bonos-virtuales","status":"publish","type":"page","link":"https:\/\/www.autobuseslaunion.com\/en\/bonos-ofertas\/nuevos-bonos-virtuales\/","title":{"rendered":"Nuevos Bonos Virtuales"},"content":{"rendered":"<p>[vc_row][vc_column][title type=&#8221;h2&#8243;]Haz clic en los botones y consulta la informaci\u00f3n de cada uno de nuestros Bonos Virtuales[\/title][\/vc_column][\/vc_row][vc_row][vc_column width=&#8221;1\/3&#8243;][vc_single_image image=&#8221;5670&#8243; img_size=&#8221;full&#8221; onclick=&#8221;custom_link&#8221; link=&#8221;https:\/\/www.autobuseslaunion.com\/bonos-ofertas\/bono-virtual-60-viajes\/&#8221;][\/vc_column][vc_column width=&#8221;1\/3&#8243;][vc_single_image image=&#8221;5676&#8243; img_size=&#8221;full&#8221; onclick=&#8221;custom_link&#8221; link=&#8221;https:\/\/www.autobuseslaunion.com\/bonos-ofertas\/bono-virtual-bidaide\/&#8221;][\/vc_column][\/vc_row]<\/p>\n<p>[vc_row][vc_column][title type=&#8221;h2&#8243;]El bono virtual de 60 viajes o Bidaide lo puedes adquirir haciendo clic en el siguiente bot\u00f3n [\/title][vc_single_image image=&#8221;5407&#8243; img_size=&#8221;medium&#8221; onclick=&#8221;custom_link&#8221; img_link_target=&#8221;_blank&#8221; link=&#8221;https:\/\/launion-bono.autobusing.es\/&#8221;][vc_column_text]<\/p>\n","protected":false},"excerpt":{"rendered":"<p>[vc_row][vc_column][title type=&#8221;h2&#8243;]Haz clic en los botones y consulta la informaci\u00f3n de cada uno de nuestros Bonos Virtuales[\/title][\/vc_column][\/vc_row][vc_row][vc_column width=&#8221;1\/3&#8243;][vc_single_image image=&#8221;5670&#8243; img_size=&#8221;full&#8221; onclick=&#8221;custom_link&#8221; link=&#8221;https:\/\/www.autobuseslaunion.com\/bonos-ofertas\/bono-virtual-60-viajes\/&#8221;][\/vc_column][vc_column width=&#8221;1\/3&#8243;][vc_single_image image=&#8221;5676&#8243; img_size=&#8221;full&#8221; onclick=&#8221;custom_link&#8221; link=&#8221;https:\/\/www.autobuseslaunion.com\/bonos-ofertas\/bono-virtual-bidaide\/&#8221;][\/vc_column][\/vc_row] [vc_row][vc_column][title type=&#8221;h2&#8243;]El bono virtual de 60 viajes o Bidaide lo puedes adquirir haciendo clic en el siguiente bot\u00f3n [\/title][vc_single_image image=&#8221;5407&#8243; img_size=&#8221;medium&#8221; onclick=&#8221;custom_link&#8221; img_link_target=&#8221;_blank&#8221; link=&#8221;https:\/\/launion-bono.autobusing.es\/&#8221;][vc_column_text]<\/p>\n","protected":false},"author":1,"featured_media":0,"parent":602,"menu_order":0,"comment_status":"closed","ping_status":"closed","template":"","meta":{"footnotes":""},"class_list":["post-5662","page","type-page","status-publish","hentry"],"yoast_head":"<!-- This site is optimized with the Yoast SEO plugin v27.4 - https:\/\/yoast.com\/product\/yoast-seo-wordpress\/ -->\r\n<title>Nuevos Bonos Virtuales | Autobuses La Uni\u00f3n<\/title>\r\n<meta name=\"description\" content=\"Da de alta tu bono online sin necesidad de hacerlo presencialmente en taquilla y ll\u00e9valo en el m\u00f3vil sin tarjeta f\u00edsica adem\u00e1s de ahorrar en tus viajes.\" \/>\r\n<meta name=\"robots\" content=\"index, follow, max-snippet:-1, max-image-preview:large, max-video-preview:-1\" \/>\r\n<link rel=\"canonical\" href=\"https:\/\/www.autobuseslaunion.com\/bonos-ofertas\/nuevos-bonos-virtuales\/\" \/>\r\n<meta property=\"og:locale\" content=\"en_US\" \/>\r\n<meta property=\"og:type\" content=\"article\" \/>\r\n<meta property=\"og:title\" content=\"Nuevos Bonos Virtuales | Autobuses La Uni\u00f3n\" \/>\r\n<meta property=\"og:description\" content=\"Da de alta tu bono online sin necesidad de hacerlo presencialmente en taquilla y ll\u00e9valo en el m\u00f3vil sin tarjeta f\u00edsica adem\u00e1s de ahorrar en tus viajes.\" \/>\r\n<meta property=\"og:url\" content=\"https:\/\/www.autobuseslaunion.com\/bonos-ofertas\/nuevos-bonos-virtuales\/\" \/>\r\n<meta property=\"og:site_name\" content=\"Autobuses la Uni\u00f3n\" \/>\r\n<meta property=\"article:publisher\" content=\"https:\/\/www.facebook.com\/AutobusesLaUnion\" \/>\r\n<meta property=\"article:modified_time\" content=\"2024-06-19T11:18:21+00:00\" \/>\r\n<meta name=\"twitter:card\" content=\"summary_large_image\" \/>\r\n<meta name=\"twitter:site\" content=\"@BusesLaUnion\" \/>\r\n<meta name=\"twitter:label1\" content=\"Est. reading time\" \/>\n\t<meta name=\"twitter:data1\" content=\"1 minute\" \/>\r\n<script type=\"application\/ld+json\" class=\"yoast-schema-graph\">{\"@context\":\"https:\\\/\\\/schema.org\",\"@graph\":[{\"@type\":\"WebPage\",\"@id\":\"https:\\\/\\\/www.autobuseslaunion.com\\\/bonos-ofertas\\\/nuevos-bonos-virtuales\\\/\",\"url\":\"https:\\\/\\\/www.autobuseslaunion.com\\\/bonos-ofertas\\\/nuevos-bonos-virtuales\\\/\",\"name\":\"Nuevos Bonos Virtuales | Autobuses La Uni\u00f3n\",\"isPartOf\":{\"@id\":\"https:\\\/\\\/www.autobuseslaunion.com\\\/#website\"},\"datePublished\":\"2020-09-17T09:21:16+00:00\",\"dateModified\":\"2024-06-19T11:18:21+00:00\",\"description\":\"Da de alta tu bono online sin necesidad de hacerlo presencialmente en taquilla y ll\u00e9valo en el m\u00f3vil sin tarjeta f\u00edsica adem\u00e1s de ahorrar en tus viajes.\",\"breadcrumb\":{\"@id\":\"https:\\\/\\\/www.autobuseslaunion.com\\\/bonos-ofertas\\\/nuevos-bonos-virtuales\\\/#breadcrumb\"},\"inLanguage\":\"en-US\",\"potentialAction\":[{\"@type\":\"ReadAction\",\"target\":[\"https:\\\/\\\/www.autobuseslaunion.com\\\/bonos-ofertas\\\/nuevos-bonos-virtuales\\\/\"]}]},{\"@type\":\"BreadcrumbList\",\"@id\":\"https:\\\/\\\/www.autobuseslaunion.com\\\/bonos-ofertas\\\/nuevos-bonos-virtuales\\\/#breadcrumb\",\"itemListElement\":[{\"@type\":\"ListItem\",\"position\":1,\"name\":\"Portada\",\"item\":\"https:\\\/\\\/www.autobuseslaunion.com\\\/en\\\/\"},{\"@type\":\"ListItem\",\"position\":2,\"name\":\"Bonos y ofertas\",\"item\":\"https:\\\/\\\/www.autobuseslaunion.com\\\/bonos-ofertas\\\/\"},{\"@type\":\"ListItem\",\"position\":3,\"name\":\"Nuevos Bonos Virtuales\"}]},{\"@type\":\"WebSite\",\"@id\":\"https:\\\/\\\/www.autobuseslaunion.com\\\/#website\",\"url\":\"https:\\\/\\\/www.autobuseslaunion.com\\\/\",\"name\":\"Autobuses la Uni\u00f3n\",\"description\":\"\",\"publisher\":{\"@id\":\"https:\\\/\\\/www.autobuseslaunion.com\\\/#organization\"},\"potentialAction\":[{\"@type\":\"SearchAction\",\"target\":{\"@type\":\"EntryPoint\",\"urlTemplate\":\"https:\\\/\\\/www.autobuseslaunion.com\\\/?s={search_term_string}\"},\"query-input\":{\"@type\":\"PropertyValueSpecification\",\"valueRequired\":true,\"valueName\":\"search_term_string\"}}],\"inLanguage\":\"en-US\"},{\"@type\":\"Organization\",\"@id\":\"https:\\\/\\\/www.autobuseslaunion.com\\\/#organization\",\"name\":\"Autobuses la Uni\u00f3n\",\"url\":\"https:\\\/\\\/www.autobuseslaunion.com\\\/\",\"logo\":{\"@type\":\"ImageObject\",\"inLanguage\":\"en-US\",\"@id\":\"https:\\\/\\\/www.autobuseslaunion.com\\\/#\\\/schema\\\/logo\\\/image\\\/\",\"url\":\"https:\\\/\\\/www.autobuseslaunion.com\\\/wp-content\\\/uploads\\\/2025\\\/04\\\/launion.png\",\"contentUrl\":\"https:\\\/\\\/www.autobuseslaunion.com\\\/wp-content\\\/uploads\\\/2025\\\/04\\\/launion.png\",\"width\":717,\"height\":276,\"caption\":\"Autobuses la Uni\u00f3n\"},\"image\":{\"@id\":\"https:\\\/\\\/www.autobuseslaunion.com\\\/#\\\/schema\\\/logo\\\/image\\\/\"},\"sameAs\":[\"https:\\\/\\\/www.facebook.com\\\/AutobusesLaUnion\",\"https:\\\/\\\/x.com\\\/BusesLaUnion\",\"https:\\\/\\\/www.instagram.com\\\/autobuseslaunion\\\/\"]}]}<\/script>\r\n<!-- \/ Yoast SEO plugin. -->","yoast_head_json":{"title":"Nuevos Bonos Virtuales | Autobuses La Uni\u00f3n","description":"Da de alta tu bono online sin necesidad de hacerlo presencialmente en taquilla y ll\u00e9valo en el m\u00f3vil sin tarjeta f\u00edsica adem\u00e1s de ahorrar en tus viajes.","robots":{"index":"index","follow":"follow","max-snippet":"max-snippet:-1","max-image-preview":"max-image-preview:large","max-video-preview":"max-video-preview:-1"},"canonical":"https:\/\/www.autobuseslaunion.com\/bonos-ofertas\/nuevos-bonos-virtuales\/","og_locale":"en_US","og_type":"article","og_title":"Nuevos Bonos Virtuales | Autobuses La Uni\u00f3n","og_description":"Da de alta tu bono online sin necesidad de hacerlo presencialmente en taquilla y ll\u00e9valo en el m\u00f3vil sin tarjeta f\u00edsica adem\u00e1s de ahorrar en tus viajes.","og_url":"https:\/\/www.autobuseslaunion.com\/bonos-ofertas\/nuevos-bonos-virtuales\/","og_site_name":"Autobuses la Uni\u00f3n","article_publisher":"https:\/\/www.facebook.com\/AutobusesLaUnion","article_modified_time":"2024-06-19T11:18:21+00:00","twitter_card":"summary_large_image","twitter_site":"@BusesLaUnion","twitter_misc":{"Est. reading time":"1 minute"},"schema":{"@context":"https:\/\/schema.org","@graph":[{"@type":"WebPage","@id":"https:\/\/www.autobuseslaunion.com\/bonos-ofertas\/nuevos-bonos-virtuales\/","url":"https:\/\/www.autobuseslaunion.com\/bonos-ofertas\/nuevos-bonos-virtuales\/","name":"Nuevos Bonos Virtuales | Autobuses La Uni\u00f3n","isPartOf":{"@id":"https:\/\/www.autobuseslaunion.com\/#website"},"datePublished":"2020-09-17T09:21:16+00:00","dateModified":"2024-06-19T11:18:21+00:00","description":"Da de alta tu bono online sin necesidad de hacerlo presencialmente en taquilla y ll\u00e9valo en el m\u00f3vil sin tarjeta f\u00edsica adem\u00e1s de ahorrar en tus viajes.","breadcrumb":{"@id":"https:\/\/www.autobuseslaunion.com\/bonos-ofertas\/nuevos-bonos-virtuales\/#breadcrumb"},"inLanguage":"en-US","potentialAction":[{"@type":"ReadAction","target":["https:\/\/www.autobuseslaunion.com\/bonos-ofertas\/nuevos-bonos-virtuales\/"]}]},{"@type":"BreadcrumbList","@id":"https:\/\/www.autobuseslaunion.com\/bonos-ofertas\/nuevos-bonos-virtuales\/#breadcrumb","itemListElement":[{"@type":"ListItem","position":1,"name":"Portada","item":"https:\/\/www.autobuseslaunion.com\/en\/"},{"@type":"ListItem","position":2,"name":"Bonos y ofertas","item":"https:\/\/www.autobuseslaunion.com\/bonos-ofertas\/"},{"@type":"ListItem","position":3,"name":"Nuevos Bonos Virtuales"}]},{"@type":"WebSite","@id":"https:\/\/www.autobuseslaunion.com\/#website","url":"https:\/\/www.autobuseslaunion.com\/","name":"Autobuses la Uni\u00f3n","description":"","publisher":{"@id":"https:\/\/www.autobuseslaunion.com\/#organization"},"potentialAction":[{"@type":"SearchAction","target":{"@type":"EntryPoint","urlTemplate":"https:\/\/www.autobuseslaunion.com\/?s={search_term_string}"},"query-input":{"@type":"PropertyValueSpecification","valueRequired":true,"valueName":"search_term_string"}}],"inLanguage":"en-US"},{"@type":"Organization","@id":"https:\/\/www.autobuseslaunion.com\/#organization","name":"Autobuses la Uni\u00f3n","url":"https:\/\/www.autobuseslaunion.com\/","logo":{"@type":"ImageObject","inLanguage":"en-US","@id":"https:\/\/www.autobuseslaunion.com\/#\/schema\/logo\/image\/","url":"https:\/\/www.autobuseslaunion.com\/wp-content\/uploads\/2025\/04\/launion.png","contentUrl":"https:\/\/www.autobuseslaunion.com\/wp-content\/uploads\/2025\/04\/launion.png","width":717,"height":276,"caption":"Autobuses la Uni\u00f3n"},"image":{"@id":"https:\/\/www.autobuseslaunion.com\/#\/schema\/logo\/image\/"},"sameAs":["https:\/\/www.facebook.com\/AutobusesLaUnion","https:\/\/x.com\/BusesLaUnion","https:\/\/www.instagram.com\/autobuseslaunion\/"]}]}},"_links":{"self":[{"href":"https:\/\/www.autobuseslaunion.com\/en\/wp-json\/wp\/v2\/pages\/5662","targetHints":{"allow":["GET"]}}],"collection":[{"href":"https:\/\/www.autobuseslaunion.com\/en\/wp-json\/wp\/v2\/pages"}],"about":[{"href":"https:\/\/www.autobuseslaunion.com\/en\/wp-json\/wp\/v2\/types\/page"}],"author":[{"embeddable":true,"href":"https:\/\/www.autobuseslaunion.com\/en\/wp-json\/wp\/v2\/users\/1"}],"replies":[{"embeddable":true,"href":"https:\/\/www.autobuseslaunion.com\/en\/wp-json\/wp\/v2\/comments?post=5662"}],"version-history":[{"count":26,"href":"https:\/\/www.autobuseslaunion.com\/en\/wp-json\/wp\/v2\/pages\/5662\/revisions"}],"predecessor-version":[{"id":9355,"href":"https:\/\/www.autobuseslaunion.com\/en\/wp-json\/wp\/v2\/pages\/5662\/revisions\/9355"}],"up":[{"embeddable":true,"href":"https:\/\/www.autobuseslaunion.com\/en\/wp-json\/wp\/v2\/pages\/602"}],"wp:attachment":[{"href":"https:\/\/www.autobuseslaunion.com\/en\/wp-json\/wp\/v2\/media?parent=5662"}],"curies":[{"name":"wp","href":"https:\/\/api.w.org\/{rel}","templated":true}]}}