

{"id":5589,"date":"2020-09-10T15:18:28","date_gmt":"2020-09-10T15:18:28","guid":{"rendered":"https:\/\/www.autobuseslaunion.com\/?page_id=5589"},"modified":"2025-04-14T21:59:32","modified_gmt":"2025-04-14T21:59:32","slug":"bono-virtual-bidaide","status":"publish","type":"page","link":"https:\/\/www.autobuseslaunion.com\/en\/bonos-ofertas\/bono-virtual-bidaide\/","title":{"rendered":"Bono Virtual Bidaide"},"content":{"rendered":"<p>[vc_row][vc_column][title type=&#8221;h2&#8243;]BONO VIRTUAL BIDAIDE[\/title][vc_single_image image=&#8221;5407&#8243; img_size=&#8221;medium&#8221; onclick=&#8221;custom_link&#8221; img_link_target=&#8221;_blank&#8221; link=&#8221;https:\/\/launion-bono.autobusing.es\/&#8221;][vc_column_text]<strong>Bono Bidaide-Modalidad Virtual<\/strong><\/p>\n<p><a href=\"https:\/\/www.autobuseslaunion.com\/wp-content\/uploads\/2025\/04\/2025-tarifas-bonos-bidaide-y-60-viajes-2.pdf\" target=\"_blank\" rel=\"noopener\"><em>Tarifas bonos Bidaide y 60 viajes, primer semestre a\u00f1o 2025<\/em><\/a><\/p>\n<p><strong>EL BONO VIRTUAL BIDAIDE<\/strong>, lo puedes adquirir a trav\u00e9s de la p\u00e1gina web y APP <a href=\"https:\/\/launion-bono.autobusing.es\/.\">https:\/\/launion-bono.autobusing.es\/.<\/a><\/p>\n<p>V\u00e1lido para las l\u00edneas\/trayectos:<\/p>\n<ul>\n<li>A-3714 Bilbao&gt;Vitoria-Gasteiz por autopista.<\/li>\n<li>A-3717 Vitoria-Gasteiz&gt;Leioa\/UPV.<\/li>\n<li>A-3718 Margen Izquierda&gt;Vitoria-Gasteiz.<\/li>\n<li>A-3719 Margen Derecha&gt;Vitoria-Gasteiz.<\/li>\n<li>A-3711 Bilbao&gt;Otxandio&gt; Vitoria-Gasteiz<\/li>\n<li>A-3712 Bilbao&gt;Ubidea&gt; Vitoria-Gasteiz<\/li>\n<li>A-3713 Bilbao&gt;Murgia&gt; Vitoria-Gasteiz<\/li>\n<\/ul>\n<p>De manera digital y en tu tel\u00e9fono podr\u00e1s comprar y recargar tu bono, tambi\u00e9n canjear los billetes de los viajes a realizar para los d\u00edas y horas que te interesen. Se generar\u00e1 un QR del billete del viaje que mostrar\u00e1s al personal de conducci\u00f3n en el momento de embarcar en el autob\u00fas. No hace falta imprimir los billetes del viaje. Para realizar el viaje es obligatorio disponer del <strong>billete de viaje <\/strong>(una vez comprado el bono).<\/p>\n<p>Adem\u00e1s:<\/p>\n<ul>\n<li>No tiene un coste adicional para el viajero\/a<\/li>\n<li>Puedes dar de alta tus bonos on line, sin necesidad de hacerlo presencialmente en taquilla a trav\u00e9s de la p\u00e1gina web autobuseslaunion.com o APP<\/li>\n<li>Lleva tu bono en el m\u00f3vil, sin tarjeta f\u00edsica, accediendo a trav\u00e9s la url <a href=\"https:\/\/launion-bono.autobusing.es\/\">https:\/\/launion-bono.autobusing.es\/<\/a> o de la APP &#8220;launion-laburundesa&#8221; apartado Bono Virtual que puedes guardar en tu m\u00f3vil, una vez te hayas registrado y hayas obtenido tu usuario y contrase\u00f1a. Compra tus billetes para los d\u00edas, horas, trayecto&#8230; y gu\u00e1rdalos en tu m\u00f3vil. El d\u00eda del viaje, mostrar\u00e1s el QR a trav\u00e9s de tu m\u00f3vil al conductor\/a cuando embarques en el autob\u00fas. Se puede anular billetes hasta 5 minutos antes de la salida del autob\u00fas de la primera parada del trayecto. <em>***Excepto en las paradas a demanda (ver leyenda al pie de p\u00e1gina del PDF de horarios) que es necesario realizar el canje de billetes un m\u00ednimo de 30 minutos antes de la salida de la expedici\u00f3n de la parada de origen.***<\/em><\/li>\n<li>El sistema permite reservar los billetes para viajar hasta con un mes de antelaci\u00f3n a la fecha del viaje. El d\u00eda del viaje debes pinchar sobre tu billete y mostrar el QR al personal de conducci\u00f3n en el momento del embarque.<\/li>\n<li>En el momento de REGISTRASE, rellena todos los campos del registro incluida la fotograf\u00eda para poder finalizarlo correctamente. La fotograf\u00eda ser\u00e1 validada por la empresa en un plazo inferior a 24 horas ( sin la validaci\u00f3n no podr\u00e1s acceder a la compra del bono) en ese tiempo si te aplica el descuento de familia numerosa debes de enviar \u201dantes de comprar el bono\u201d una copia de tu DNI y el carnet de familia numerosa a la direcci\u00f3n de correo electr\u00f3nico bonovirtual@autobuseslaunion.com . Tambi\u00e9n, si eres menor de 31 a\u00f1os o mayor de 65 a\u00f1os deber\u00e1s enviar \u201dantes de comprar el bono\u201d la fotocopia de tu DNI al correo bonovirtual@autobuseslaunion.com.\u00a0\u00a0 En 24 horas tendr\u00e1s activos los descuentos, lo que se comunicar\u00e1 por correo electr\u00f3nico. Validada la fotograf\u00eda, y activos los descuentos adicionales que te correspondan, ya puedes comprar el bono.<\/li>\n<li>Estos bonos son personales e intransferibles, no pudi\u00e9ndose ceder para su utilizaci\u00f3n a ning\u00fan otro viajero\/a. La utilizaci\u00f3n fraudulenta de los mismos supondr\u00e1 la p\u00e9rdida total de su valor.<\/li>\n<li>Este bono le permite canjear dos billetes de viaje al d\u00eda de lunes a viernes laborables dentro del periodo contratado. Si no desea viajar en el horario seleccionado debe anular el billete para adquirir uno nuevo. Esta gesti\u00f3n se realiza a trav\u00e9s de la misma aplicaci\u00f3n de bono virtual y tiene un l\u00edmite de tiempo hasta cinco minutos antes de la salida de la expedici\u00f3n de la primera parada de su recorrido. Si se excede de este tiempo el sistema no permite la anulaci\u00f3n del billete, constando\u00a0 como un viaje consumido para ese d\u00eda. El l\u00edmite que permite el bono son dos viajes al d\u00eda (solo en d\u00edas laborables).<\/li>\n<li>En caso de inspecci\u00f3n por parte de personal de la compa\u00f1\u00eda, la persona viajera deber\u00e1 presentar el billete canjeado con el Bono\u00a0 y su DNI en vigor o visualizar la fotograf\u00eda del bono. Si no coincide el titular del bono con la persona viajera se considerar\u00e1 un t\u00edtulo no v\u00e1lido para realizar el viaje por lo que deber\u00e1 adquirir un nuevo billete con la tarifa del billete ocasional, afectando al titular del bono con la p\u00e9rdida del valor de su bono.<\/li>\n<\/ul>\n<p>Si deseas que te atendamos personalmente solic\u00edtalo a trav\u00e9s de la cuenta <a href=\"mailto:bonovirtual@autobuseslaunion.com\">bonovirtual@autobuseslaunion.com<\/a>, indicando tu tel\u00e9fono y franja horaria disponible, te\u00a0 llamaremos a la mayor brevedad.<\/p>\n<p>Disponemos de un documento que te indica los pasos a seguir para insertar tu FOTOGRAF\u00cdA en el portal de Bono virtual en el siguiente enlace <a href=\"https:\/\/www.autobuseslaunion.com\/wp-content\/uploads\/2024\/11\/2024-nov-operativa-bvirtual-2024-azaroa-bbirtuala.pdf\">&#8220;manual de subir foto&#8221;<\/a><\/p>\n<p>Dispones de otro documento que indica los pasos a seguir en las gestiones del bono virtual en el siguiente enlace <em>\u201c<\/em><a href=\"https:\/\/www.autobuseslaunion.com\/wp-content\/uploads\/2022\/02\/Manual_App_BonoVirtual.pdf\"><em>manual de gesti\u00f3n bono virtual<\/em><\/a><em>\u201d<\/em><\/p>\n<p><strong><em>Prestaciones:<\/em><\/strong><\/p>\n<p>Si viajas diariamente, de <strong><u>LUNES A VIERNES laborables,<\/u><\/strong> es el bono que te interesa, con importantes descuentos, hasta del 52% respecto al billete ocasional.<\/p>\n<p>Pasos a seguir antes de comprar un Bono Bidaide:<\/p>\n<ul>\n<li>Elije la l\u00ednea\/trayecto. Puedes hacerlo entre Bilbao-Vitoria\/Gasteiz, entre Margen Derecha-Vitoria\/Gasteiz o Margen Izquierda-Vitoria\/Gasteiz o Vitoria-Gasteiz&gt;Bilbao&gt;Leioa\/UPV. En estos casos cuando eliges entre uno de estos recorridos el bono te permite elegir entre los horarios de dichos trayectos. Tambi\u00e9n tienes la opci\u00f3n del Bono Multil\u00ednea, que te permite elegir entre todos los horarios de todas las l\u00edneas. Cada trayecto tiene un precio.\n<ul>\n<li><strong>A-3714 Bilbao &gt; Vitoria-Gasteiz &gt; Bilbao. <\/strong>Recorridos Bilbao Intermodal&gt;Vitoria-Gasteiz con paradas de lunes a viernes laborables en Estaci\u00f3n, Avenida Gasteiz y Universidad EHU\/UPV. A-3711 Bilbao&gt;Otxandio&gt; Vitoria-Gasteiz. A-3712 Bilbao&gt;Ubidea&gt; Vitoria-Gasteiz. A-3713 Bilbao&gt;Murgia&gt; Vitoria-Gasteiz.<\/li>\n<li><strong>A-3718 Gallarta &gt; Vitoria-Gasteiz &gt; Gallarta<\/strong>. Recorrido\u00a0 Margen Izquierda y cualquiera de las paradas realizadas en esta l\u00ednea y su destino Vitoria-Gasteiz, en un sentido y otro. Con el bono de esta l\u00ednea no se puede realizar el trayecto Bilbao&gt;Vitoria-Gasteiz en ambos sentidos.<\/li>\n<li><strong>A-3719 Algorta &gt;Vitoria-Gasteiz &gt; Algorta.<\/strong> Recorrido\u00a0 Margen Derecha y cualquiera de las paradas realizadas en esta l\u00ednea y su destino Vitoria-Gasteiz, en un sentido y otro. Con el bono de esta l\u00ednea no se puede realizar el trayecto Bilbao&gt;Vitoria-Gasteiz en ambos sentidos.<\/li>\n<li><strong>A-3716 Vitoria-Gasteiz&gt;Bilbao &gt; Leioa\/UPV. <\/strong>Si eliges esta l\u00ednea puedes escoger viajar entre todos los horarios de las expediciones de esta l\u00ednea y las paradas de Leioa, Deusto y Sarriko.<\/li>\n<li><strong>Multil\u00ednea<\/strong> es el bono que te permite viajar en cualquiera de los horarios de todas las l\u00edneas.<\/li>\n<\/ul>\n<\/li>\n<li>Puedes elegir en funci\u00f3n de tu edad, cada una tiene un precio\n<ul>\n<li><strong><u>Bono Bidaide Rojo<\/u><\/strong>, para personas en edades comprendidas entre los 31 a\u00f1os (inclusive) y los 64 a\u00f1os(inclusive)<\/li>\n<li><strong><u>Bono Bidaide Verde<\/u><\/strong>, para personas hasta los 30 a\u00f1os (inclusive) y personas a partir de los 65 a\u00f1os (inclusive)<\/li>\n<\/ul>\n<\/li>\n<li>Puedes elegir la periodicidad: cada una cubre un per\u00edodo y tiene un precio\n<ul>\n<li>Bono Bidaide Rojo o verde <strong><u>MENSUAL,<\/u><\/strong> con una caducidad mensual, mes natural.<\/li>\n<li>Bono Bidaide Rojo o Verde <strong><u>TRIMESTRAL,<\/u><\/strong> con una caducidad trimestral, trimestre estipulado.<\/li>\n<\/ul>\n<\/li>\n<li>Es nominativo, o personalizado. Solamente lo puede disfrutar el titular del bono. No se puede transferir.<\/li>\n<li>V\u00e1lido para viajar de LUNES A VIERNES laborables<\/li>\n<li>Previamente a su compra informarse en condiciones particulares: normas bonos Bidaide<\/li>\n<\/ul>\n<h3>Familias numerosas: Se aplicar\u00e1 a los bonos bidaide el descuento de FN del 20% o el 50%.<\/h3>\n<h4>Normas: Puede <a href=\"https:\/\/www.autobuseslaunion.com\/wp-content\/uploads\/2019\/07\/BIDAIDE-NORMAS-PARA-IMPRIMIR.pdf\">consultar las normas del Bono Bidaide<\/a><\/h4>\n<p>[\/vc_column_text][\/vc_column][\/vc_row]<\/p>\n","protected":false},"excerpt":{"rendered":"<p>[vc_row][vc_column][title type=&#8221;h2&#8243;]BONO VIRTUAL BIDAIDE[\/title][vc_single_image image=&#8221;5407&#8243; img_size=&#8221;medium&#8221; onclick=&#8221;custom_link&#8221; img_link_target=&#8221;_blank&#8221; link=&#8221;https:\/\/launion-bono.autobusing.es\/&#8221;][vc_column_text]Bono Bidaide-Modalidad Virtual Tarifas bonos Bidaide y 60 viajes, primer semestre a\u00f1o 2025 EL BONO VIRTUAL BIDAIDE, lo puedes adquirir a trav\u00e9s de la p\u00e1gina web y APP https:\/\/launion-bono.autobusing.es\/. V\u00e1lido para las l\u00edneas\/trayectos: A-3714 Bilbao&gt;Vitoria-Gasteiz por autopista. A-3717 Vitoria-Gasteiz&gt;Leioa\/UPV. A-3718 Margen Izquierda&gt;Vitoria-Gasteiz. A-3719 Margen Derecha&gt;Vitoria-Gasteiz. A-3711 Bilbao&gt;Otxandio&gt;<\/p>\n","protected":false},"author":1,"featured_media":0,"parent":602,"menu_order":0,"comment_status":"closed","ping_status":"closed","template":"","meta":{"footnotes":""},"class_list":["post-5589","page","type-page","status-publish","hentry"],"yoast_head":"<!-- This site is optimized with the Yoast SEO plugin v27.4 - https:\/\/yoast.com\/product\/yoast-seo-wordpress\/ -->\r\n<title>Bono Virtual Bidaide<\/title>\r\n<meta name=\"description\" content=\"Da de alta tu bono online sin necesidad de hacerlo presencialmente en taquilla y ll\u00e9valo en el m\u00f3vil sin tarjeta f\u00edsica adem\u00e1s de ahorrar en tus viajes.\" \/>\r\n<meta name=\"robots\" content=\"index, follow, max-snippet:-1, max-image-preview:large, max-video-preview:-1\" \/>\r\n<link rel=\"canonical\" href=\"https:\/\/www.autobuseslaunion.com\/bonos-ofertas\/bono-virtual-bidaide\/\" \/>\r\n<meta property=\"og:locale\" content=\"en_US\" \/>\r\n<meta property=\"og:type\" content=\"article\" \/>\r\n<meta property=\"og:title\" content=\"Bono Virtual Bidaide\" \/>\r\n<meta property=\"og:description\" content=\"Da de alta tu bono online sin necesidad de hacerlo presencialmente en taquilla y ll\u00e9valo en el m\u00f3vil sin tarjeta f\u00edsica adem\u00e1s de ahorrar en tus viajes.\" \/>\r\n<meta property=\"og:url\" content=\"https:\/\/www.autobuseslaunion.com\/bonos-ofertas\/bono-virtual-bidaide\/\" \/>\r\n<meta property=\"og:site_name\" content=\"Autobuses la Uni\u00f3n\" \/>\r\n<meta property=\"article:publisher\" content=\"https:\/\/www.facebook.com\/AutobusesLaUnion\" \/>\r\n<meta property=\"article:modified_time\" content=\"2025-04-14T21:59:32+00:00\" \/>\r\n<meta property=\"og:image\" content=\"https:\/\/www.autobuseslaunion.com\/wp-content\/uploads\/2020\/09\/Imagen-destacada-Bono-60-viajes.png\" \/>\r\n\t<meta property=\"og:image:width\" content=\"1200\" \/>\r\n\t<meta property=\"og:image:height\" content=\"628\" \/>\r\n\t<meta property=\"og:image:type\" content=\"image\/png\" \/>\r\n<meta name=\"twitter:card\" content=\"summary_large_image\" \/>\r\n<meta name=\"twitter:site\" content=\"@BusesLaUnion\" \/>\r\n<meta name=\"twitter:label1\" content=\"Est. reading time\" \/>\n\t<meta name=\"twitter:data1\" content=\"6 minutes\" \/>\r\n<script type=\"application\/ld+json\" class=\"yoast-schema-graph\">{\"@context\":\"https:\\\/\\\/schema.org\",\"@graph\":[{\"@type\":\"WebPage\",\"@id\":\"https:\\\/\\\/www.autobuseslaunion.com\\\/bonos-ofertas\\\/bono-virtual-bidaide\\\/\",\"url\":\"https:\\\/\\\/www.autobuseslaunion.com\\\/bonos-ofertas\\\/bono-virtual-bidaide\\\/\",\"name\":\"Bono Virtual Bidaide\",\"isPartOf\":{\"@id\":\"https:\\\/\\\/www.autobuseslaunion.com\\\/#website\"},\"datePublished\":\"2020-09-10T15:18:28+00:00\",\"dateModified\":\"2025-04-14T21:59:32+00:00\",\"description\":\"Da de alta tu bono online sin necesidad de hacerlo presencialmente en taquilla y ll\u00e9valo en el m\u00f3vil sin tarjeta f\u00edsica adem\u00e1s de ahorrar en tus viajes.\",\"breadcrumb\":{\"@id\":\"https:\\\/\\\/www.autobuseslaunion.com\\\/bonos-ofertas\\\/bono-virtual-bidaide\\\/#breadcrumb\"},\"inLanguage\":\"en-US\",\"potentialAction\":[{\"@type\":\"ReadAction\",\"target\":[\"https:\\\/\\\/www.autobuseslaunion.com\\\/bonos-ofertas\\\/bono-virtual-bidaide\\\/\"]}]},{\"@type\":\"BreadcrumbList\",\"@id\":\"https:\\\/\\\/www.autobuseslaunion.com\\\/bonos-ofertas\\\/bono-virtual-bidaide\\\/#breadcrumb\",\"itemListElement\":[{\"@type\":\"ListItem\",\"position\":1,\"name\":\"Portada\",\"item\":\"https:\\\/\\\/www.autobuseslaunion.com\\\/en\\\/\"},{\"@type\":\"ListItem\",\"position\":2,\"name\":\"Bonos y ofertas\",\"item\":\"https:\\\/\\\/www.autobuseslaunion.com\\\/bonos-ofertas\\\/\"},{\"@type\":\"ListItem\",\"position\":3,\"name\":\"Bono Virtual Bidaide\"}]},{\"@type\":\"WebSite\",\"@id\":\"https:\\\/\\\/www.autobuseslaunion.com\\\/#website\",\"url\":\"https:\\\/\\\/www.autobuseslaunion.com\\\/\",\"name\":\"Autobuses la Uni\u00f3n\",\"description\":\"\",\"publisher\":{\"@id\":\"https:\\\/\\\/www.autobuseslaunion.com\\\/#organization\"},\"potentialAction\":[{\"@type\":\"SearchAction\",\"target\":{\"@type\":\"EntryPoint\",\"urlTemplate\":\"https:\\\/\\\/www.autobuseslaunion.com\\\/?s={search_term_string}\"},\"query-input\":{\"@type\":\"PropertyValueSpecification\",\"valueRequired\":true,\"valueName\":\"search_term_string\"}}],\"inLanguage\":\"en-US\"},{\"@type\":\"Organization\",\"@id\":\"https:\\\/\\\/www.autobuseslaunion.com\\\/#organization\",\"name\":\"Autobuses la Uni\u00f3n\",\"url\":\"https:\\\/\\\/www.autobuseslaunion.com\\\/\",\"logo\":{\"@type\":\"ImageObject\",\"inLanguage\":\"en-US\",\"@id\":\"https:\\\/\\\/www.autobuseslaunion.com\\\/#\\\/schema\\\/logo\\\/image\\\/\",\"url\":\"https:\\\/\\\/www.autobuseslaunion.com\\\/wp-content\\\/uploads\\\/2025\\\/04\\\/launion.png\",\"contentUrl\":\"https:\\\/\\\/www.autobuseslaunion.com\\\/wp-content\\\/uploads\\\/2025\\\/04\\\/launion.png\",\"width\":717,\"height\":276,\"caption\":\"Autobuses la Uni\u00f3n\"},\"image\":{\"@id\":\"https:\\\/\\\/www.autobuseslaunion.com\\\/#\\\/schema\\\/logo\\\/image\\\/\"},\"sameAs\":[\"https:\\\/\\\/www.facebook.com\\\/AutobusesLaUnion\",\"https:\\\/\\\/x.com\\\/BusesLaUnion\",\"https:\\\/\\\/www.instagram.com\\\/autobuseslaunion\\\/\"]}]}<\/script>\r\n<!-- \/ Yoast SEO plugin. -->","yoast_head_json":{"title":"Bono Virtual Bidaide","description":"Da de alta tu bono online sin necesidad de hacerlo presencialmente en taquilla y ll\u00e9valo en el m\u00f3vil sin tarjeta f\u00edsica adem\u00e1s de ahorrar en tus viajes.","robots":{"index":"index","follow":"follow","max-snippet":"max-snippet:-1","max-image-preview":"max-image-preview:large","max-video-preview":"max-video-preview:-1"},"canonical":"https:\/\/www.autobuseslaunion.com\/bonos-ofertas\/bono-virtual-bidaide\/","og_locale":"en_US","og_type":"article","og_title":"Bono Virtual Bidaide","og_description":"Da de alta tu bono online sin necesidad de hacerlo presencialmente en taquilla y ll\u00e9valo en el m\u00f3vil sin tarjeta f\u00edsica adem\u00e1s de ahorrar en tus viajes.","og_url":"https:\/\/www.autobuseslaunion.com\/bonos-ofertas\/bono-virtual-bidaide\/","og_site_name":"Autobuses la Uni\u00f3n","article_publisher":"https:\/\/www.facebook.com\/AutobusesLaUnion","article_modified_time":"2025-04-14T21:59:32+00:00","og_image":[{"width":1200,"height":628,"url":"https:\/\/www.autobuseslaunion.com\/wp-content\/uploads\/2020\/09\/Imagen-destacada-Bono-60-viajes.png","type":"image\/png"}],"twitter_card":"summary_large_image","twitter_site":"@BusesLaUnion","twitter_misc":{"Est. reading time":"6 minutes"},"schema":{"@context":"https:\/\/schema.org","@graph":[{"@type":"WebPage","@id":"https:\/\/www.autobuseslaunion.com\/bonos-ofertas\/bono-virtual-bidaide\/","url":"https:\/\/www.autobuseslaunion.com\/bonos-ofertas\/bono-virtual-bidaide\/","name":"Bono Virtual Bidaide","isPartOf":{"@id":"https:\/\/www.autobuseslaunion.com\/#website"},"datePublished":"2020-09-10T15:18:28+00:00","dateModified":"2025-04-14T21:59:32+00:00","description":"Da de alta tu bono online sin necesidad de hacerlo presencialmente en taquilla y ll\u00e9valo en el m\u00f3vil sin tarjeta f\u00edsica adem\u00e1s de ahorrar en tus viajes.","breadcrumb":{"@id":"https:\/\/www.autobuseslaunion.com\/bonos-ofertas\/bono-virtual-bidaide\/#breadcrumb"},"inLanguage":"en-US","potentialAction":[{"@type":"ReadAction","target":["https:\/\/www.autobuseslaunion.com\/bonos-ofertas\/bono-virtual-bidaide\/"]}]},{"@type":"BreadcrumbList","@id":"https:\/\/www.autobuseslaunion.com\/bonos-ofertas\/bono-virtual-bidaide\/#breadcrumb","itemListElement":[{"@type":"ListItem","position":1,"name":"Portada","item":"https:\/\/www.autobuseslaunion.com\/en\/"},{"@type":"ListItem","position":2,"name":"Bonos y ofertas","item":"https:\/\/www.autobuseslaunion.com\/bonos-ofertas\/"},{"@type":"ListItem","position":3,"name":"Bono Virtual Bidaide"}]},{"@type":"WebSite","@id":"https:\/\/www.autobuseslaunion.com\/#website","url":"https:\/\/www.autobuseslaunion.com\/","name":"Autobuses la Uni\u00f3n","description":"","publisher":{"@id":"https:\/\/www.autobuseslaunion.com\/#organization"},"potentialAction":[{"@type":"SearchAction","target":{"@type":"EntryPoint","urlTemplate":"https:\/\/www.autobuseslaunion.com\/?s={search_term_string}"},"query-input":{"@type":"PropertyValueSpecification","valueRequired":true,"valueName":"search_term_string"}}],"inLanguage":"en-US"},{"@type":"Organization","@id":"https:\/\/www.autobuseslaunion.com\/#organization","name":"Autobuses la Uni\u00f3n","url":"https:\/\/www.autobuseslaunion.com\/","logo":{"@type":"ImageObject","inLanguage":"en-US","@id":"https:\/\/www.autobuseslaunion.com\/#\/schema\/logo\/image\/","url":"https:\/\/www.autobuseslaunion.com\/wp-content\/uploads\/2025\/04\/launion.png","contentUrl":"https:\/\/www.autobuseslaunion.com\/wp-content\/uploads\/2025\/04\/launion.png","width":717,"height":276,"caption":"Autobuses la Uni\u00f3n"},"image":{"@id":"https:\/\/www.autobuseslaunion.com\/#\/schema\/logo\/image\/"},"sameAs":["https:\/\/www.facebook.com\/AutobusesLaUnion","https:\/\/x.com\/BusesLaUnion","https:\/\/www.instagram.com\/autobuseslaunion\/"]}]}},"_links":{"self":[{"href":"https:\/\/www.autobuseslaunion.com\/en\/wp-json\/wp\/v2\/pages\/5589","targetHints":{"allow":["GET"]}}],"collection":[{"href":"https:\/\/www.autobuseslaunion.com\/en\/wp-json\/wp\/v2\/pages"}],"about":[{"href":"https:\/\/www.autobuseslaunion.com\/en\/wp-json\/wp\/v2\/types\/page"}],"author":[{"embeddable":true,"href":"https:\/\/www.autobuseslaunion.com\/en\/wp-json\/wp\/v2\/users\/1"}],"replies":[{"embeddable":true,"href":"https:\/\/www.autobuseslaunion.com\/en\/wp-json\/wp\/v2\/comments?post=5589"}],"version-history":[{"count":55,"href":"https:\/\/www.autobuseslaunion.com\/en\/wp-json\/wp\/v2\/pages\/5589\/revisions"}],"predecessor-version":[{"id":10218,"href":"https:\/\/www.autobuseslaunion.com\/en\/wp-json\/wp\/v2\/pages\/5589\/revisions\/10218"}],"up":[{"embeddable":true,"href":"https:\/\/www.autobuseslaunion.com\/en\/wp-json\/wp\/v2\/pages\/602"}],"wp:attachment":[{"href":"https:\/\/www.autobuseslaunion.com\/en\/wp-json\/wp\/v2\/media?parent=5589"}],"curies":[{"name":"wp","href":"https:\/\/api.w.org\/{rel}","templated":true}]}}