

{"id":5511,"date":"2020-09-03T10:11:16","date_gmt":"2020-09-03T10:11:16","guid":{"rendered":"https:\/\/www.autobuseslaunion.com\/?page_id=5511"},"modified":"2025-04-14T21:55:41","modified_gmt":"2025-04-14T21:55:41","slug":"bono-virtual-60-viajes","status":"publish","type":"page","link":"https:\/\/www.autobuseslaunion.com\/en\/bonos-ofertas\/bono-virtual-60-viajes\/","title":{"rendered":"Bono Virtual 60 viajes"},"content":{"rendered":"<p>[vc_row][vc_column][title type=&#8221;h2&#8243;]BONO VIRTUAL 60 VIAJES[\/title][vc_single_image image=&#8221;5407&#8243; img_size=&#8221;medium&#8221; onclick=&#8221;custom_link&#8221; img_link_target=&#8221;_blank&#8221; link=&#8221;https:\/\/launion-bono.autobusing.es\/&#8221;][vc_column_text]<b>Tarifas:<br \/>\n<\/b><\/p>\n<p><a href=\"https:\/\/www.autobuseslaunion.com\/wp-content\/uploads\/2025\/04\/2025-tarifas-bonos-bidaide-y-60-viajes-2.pdf\" target=\"_blank\" rel=\"noopener\"><em>Tarifas bonos Bidaide y 60 viajes, primer semestre a\u00f1o 2025<\/em><\/a><\/p>\n<p><strong>EL BONO VIRTUAL 60 viajes<\/strong> lo puedes adquirir a trav\u00e9s de la p\u00e1gina web <a href=\"https:\/\/www.autobuseslaunion.com\">www.autobuseslaunion.com<\/a>.<\/p>\n<p>V\u00e1lido para las l\u00edneas\/trayectos:<\/p>\n<ul>\n<li>A-3714 Bilbao&gt;Vitoria-Gasteiz por autopista.<\/li>\n<li>A-3717 Vitoria-Gasteiz&gt;Leioa\/UPV.<\/li>\n<li>A-3718 Margen Izquierda&gt;Vitoria-Gasteiz.<\/li>\n<li>A-3719 Margen Derecha&gt;Vitoria-Gasteiz.<\/li>\n<li>A-3711 Bilbao&gt;Otxandio&gt; Vitoria-Gasteiz<\/li>\n<li>A-3712 Bilbao&gt;Ubidea&gt; Vitoria-Gasteiz<\/li>\n<li>A-3713 Bilbao&gt;Murguia&gt; Vitoria-Gasteiz<\/li>\n<\/ul>\n<p>Podr\u00e1s comprar y recargar tu bono y realizar la compra de tus billetes para los d\u00edas y las\u00a0 horas que te interesen, y viajar con tu localizador en el tel\u00e9fono, no hace falta imprimirlos. Todos son ventajas.<\/p>\n<p>Adem\u00e1s:<\/p>\n<ol>\n<li>No tiene un coste adicional para el viajero<\/li>\n<li>Dar de alta a tus bonos on line, sin necesidad de hacerlo presencialmente en taquilla a trav\u00e9s de la p\u00e1gina web <a href=\"http:\/\/www.autobuseslaunion.com\">autobuseslaunion.com<\/a>.<\/li>\n<li>Llevar tu bono en el m\u00f3vil, sin tarjeta f\u00edsica, accediendo a trav\u00e9s la url <a href=\"https:\/\/launion-bono.autobusing.es\/\">https:\/\/launion-bono.autobusing.es\/<\/a> o de la APP Web Bono Virtual que puedes guardar en tu m\u00f3vil, una vez te hayas registrado y hayas obtenido tu usuario y contrase\u00f1a. Comprar tus billetes para los d\u00edas y horas y gu\u00e1rdalos para pinchar el d\u00eda que viajes, mostrando el QR a trav\u00e9s de t\u00fa m\u00f3vil al conductor cuando embarques en el autob\u00fas<\/li>\n<li>Comprar tus billetes para los d\u00edas y horas y gu\u00e1rdalos para pinchar el d\u00eda que viajes, mostrando el QR a trav\u00e9s de t\u00fa m\u00f3vil al conductor cuando embarques en el autob\u00fas. Poder anular y cambiar los billetes 15 minutos antes de la salida del autob\u00fas de la primera parada.<\/li>\n<li>Si te aplica el descuento de familia numerosa debes de enviar en el momento de \u201cRegistrar\u201d una copia de tu DNI y presentar el carnet de familia numerosa en cualquiera de las dos taquillas (Bilbao o Vitoria-Gasteiz).<\/li>\n<li>Si eres menor de 31 a\u00f1os deber\u00e1s enviar en el momento de registrarte en bono virtual la fotocopia de tu DNI al correo <a href=\"mailto:bonovirtual@autobuselaunion.com\">bonovirtual@autobuselaunion.com<\/a><\/li>\n<li>Esta opci\u00f3n es v\u00e1lida para todos los bonos bidaide de todas las l\u00edneas<\/li>\n<\/ol>\n<p>Si deseas que te atendamos personalmente solic\u00edtalo a trav\u00e9s de la cuenta <a href=\"mailto:bonovirtual@autobuseslaunion.com\">bonovirtual@autobuseslaunion.com<\/a>, indicando tu tel\u00e9fono y franja horaria disponible, te\u00a0 llamaremos en la mayor brevedad.<\/p>\n<p>Disponemos de un\u00a0 documento que te indica los pasos a seguir para insertar tu FOTOGRAFIA en la plataforma de bono virtual en el siguiente enlace <a href=\"https:\/\/www.autobuseslaunion.com\/wp-content\/uploads\/2024\/11\/2024-nov-operativa-bvirtual-2024-azaroa-bbirtuala.pdf\">\u00a0&#8220;manual de subir foto&#8221;<\/a><\/p>\n<p>Dispones de documento que te indica los pasos a seguir en el siguiente enlace <em>\u201c<\/em><a href=\"https:\/\/www.autobuseslaunion.com\/wp-content\/uploads\/2022\/02\/Manual_App_BonoVirtual.pdf\"><em>manual de gesti\u00f3n bono virtual<\/em><\/a><em>\u201d<\/em><\/p>\n<p>Las prestaciones de dicho bono son:<\/p>\n<ol>\n<li>Son v\u00e1lidos \u00fanicamente para los <u>d\u00edas laborables<\/u>, de lunes a viernes.<\/li>\n<li>Cada uno, en el momento de su compra, dispone de 60 viajes que ir\u00e1n consumi\u00e9ndose a medida que se vayan utilizando.<\/li>\n<li><u>Personalizado<\/u>, no se pueden transferir.<\/li>\n<li>El t\u00edtulo tiene una validez de <u>4 meses desde su fecha de compra<\/u>. En el caso de los bonos de 60 viajes adquiridos con la subvenci\u00f3n del 50% aplicada a partir del 1 de enero del 2025,\u00a0 y debido a que la subvenci\u00f3n finaliza el 30\/06\/2025, seg\u00fan el Acuerdo de Diputaci\u00f3n Foral de Bizkaia del 9 de Enero 2025, a partir de esta fecha no se podr\u00e1 disfrutar de los bonos adquiridos con esta subvenci\u00f3n. aunque no se tengan todos los viajes consumidos y\/o el periodo de validez sea inferior a los\u00a0 4 meses.<\/li>\n<li>Solo si <u>no<\/u> has consumido ning\u00fan viaje con cargo al bono podr\u00e1s anular la compra de su bono virtual. Si ya has consumido alg\u00fan viaje, la empresa no se hace cargo de la devoluci\u00f3n.<\/li>\n<li>Una vez se dispone de bono, las siguientes recargas las podr\u00e1 realizar directamente a trav\u00e9s de sus datos de usuario.<\/li>\n<\/ol>\n<p>[\/vc_column_text][\/vc_column][\/vc_row]<\/p>\n","protected":false},"excerpt":{"rendered":"<p>[vc_row][vc_column][title type=&#8221;h2&#8243;]BONO VIRTUAL 60 VIAJES[\/title][vc_single_image image=&#8221;5407&#8243; img_size=&#8221;medium&#8221; onclick=&#8221;custom_link&#8221; img_link_target=&#8221;_blank&#8221; link=&#8221;https:\/\/launion-bono.autobusing.es\/&#8221;][vc_column_text]Tarifas: Tarifas bonos Bidaide y 60 viajes, primer semestre a\u00f1o 2025 EL BONO VIRTUAL 60 viajes lo puedes adquirir a trav\u00e9s de la p\u00e1gina web www.autobuseslaunion.com. V\u00e1lido para las l\u00edneas\/trayectos: A-3714 Bilbao&gt;Vitoria-Gasteiz por autopista. A-3717 Vitoria-Gasteiz&gt;Leioa\/UPV. A-3718 Margen Izquierda&gt;Vitoria-Gasteiz. A-3719 Margen Derecha&gt;Vitoria-Gasteiz. A-3711 Bilbao&gt;Otxandio&gt; Vitoria-Gasteiz A-3712<\/p>\n","protected":false},"author":1,"featured_media":0,"parent":602,"menu_order":0,"comment_status":"closed","ping_status":"closed","template":"","meta":{"footnotes":""},"class_list":["post-5511","page","type-page","status-publish","hentry"],"yoast_head":"<!-- This site is optimized with the Yoast SEO plugin v27.4 - https:\/\/yoast.com\/product\/yoast-seo-wordpress\/ -->\r\n<title>Bono Virtual de 60 viajes | Autobuses La Uni\u00f3n<\/title>\r\n<meta name=\"description\" content=\"Da de alta tu bono online sin necesidad de hacerlo presencialmente en taquilla y ll\u00e9valo en el m\u00f3vil sin tarjeta f\u00edsica adem\u00e1s de ahorrar en tus viajes.\" \/>\r\n<meta name=\"robots\" content=\"index, follow, max-snippet:-1, max-image-preview:large, max-video-preview:-1\" \/>\r\n<link rel=\"canonical\" href=\"https:\/\/www.autobuseslaunion.com\/bonos-ofertas\/bono-virtual-60-viajes\/\" \/>\r\n<meta property=\"og:locale\" content=\"en_US\" \/>\r\n<meta property=\"og:type\" content=\"article\" \/>\r\n<meta property=\"og:title\" content=\"Bono Virtual de 60 viajes | Autobuses La Uni\u00f3n\" \/>\r\n<meta property=\"og:description\" content=\"Da de alta tu bono online sin necesidad de hacerlo presencialmente en taquilla y ll\u00e9valo en el m\u00f3vil sin tarjeta f\u00edsica adem\u00e1s de ahorrar en tus viajes.\" \/>\r\n<meta property=\"og:url\" content=\"https:\/\/www.autobuseslaunion.com\/bonos-ofertas\/bono-virtual-60-viajes\/\" \/>\r\n<meta property=\"og:site_name\" content=\"Autobuses la Uni\u00f3n\" \/>\r\n<meta property=\"article:publisher\" content=\"https:\/\/www.facebook.com\/AutobusesLaUnion\" \/>\r\n<meta property=\"article:modified_time\" content=\"2025-04-14T21:55:41+00:00\" \/>\r\n<meta property=\"og:image\" content=\"https:\/\/www.autobuseslaunion.com\/wp-content\/uploads\/2020\/09\/Imagen-destacada-Bono-60-viajes.png\" \/>\r\n\t<meta property=\"og:image:width\" content=\"1200\" \/>\r\n\t<meta property=\"og:image:height\" content=\"628\" \/>\r\n\t<meta property=\"og:image:type\" content=\"image\/png\" \/>\r\n<meta name=\"twitter:card\" content=\"summary_large_image\" \/>\r\n<meta name=\"twitter:site\" content=\"@BusesLaUnion\" \/>\r\n<meta name=\"twitter:label1\" content=\"Est. reading time\" \/>\n\t<meta name=\"twitter:data1\" content=\"3 minutes\" \/>\r\n<script type=\"application\/ld+json\" class=\"yoast-schema-graph\">{\"@context\":\"https:\\\/\\\/schema.org\",\"@graph\":[{\"@type\":\"WebPage\",\"@id\":\"https:\\\/\\\/www.autobuseslaunion.com\\\/bonos-ofertas\\\/bono-virtual-60-viajes\\\/\",\"url\":\"https:\\\/\\\/www.autobuseslaunion.com\\\/bonos-ofertas\\\/bono-virtual-60-viajes\\\/\",\"name\":\"Bono Virtual de 60 viajes | Autobuses La Uni\u00f3n\",\"isPartOf\":{\"@id\":\"https:\\\/\\\/www.autobuseslaunion.com\\\/#website\"},\"datePublished\":\"2020-09-03T10:11:16+00:00\",\"dateModified\":\"2025-04-14T21:55:41+00:00\",\"description\":\"Da de alta tu bono online sin necesidad de hacerlo presencialmente en taquilla y ll\u00e9valo en el m\u00f3vil sin tarjeta f\u00edsica adem\u00e1s de ahorrar en tus viajes.\",\"breadcrumb\":{\"@id\":\"https:\\\/\\\/www.autobuseslaunion.com\\\/bonos-ofertas\\\/bono-virtual-60-viajes\\\/#breadcrumb\"},\"inLanguage\":\"en-US\",\"potentialAction\":[{\"@type\":\"ReadAction\",\"target\":[\"https:\\\/\\\/www.autobuseslaunion.com\\\/bonos-ofertas\\\/bono-virtual-60-viajes\\\/\"]}]},{\"@type\":\"BreadcrumbList\",\"@id\":\"https:\\\/\\\/www.autobuseslaunion.com\\\/bonos-ofertas\\\/bono-virtual-60-viajes\\\/#breadcrumb\",\"itemListElement\":[{\"@type\":\"ListItem\",\"position\":1,\"name\":\"Portada\",\"item\":\"https:\\\/\\\/www.autobuseslaunion.com\\\/en\\\/\"},{\"@type\":\"ListItem\",\"position\":2,\"name\":\"Bonos y ofertas\",\"item\":\"https:\\\/\\\/www.autobuseslaunion.com\\\/bonos-ofertas\\\/\"},{\"@type\":\"ListItem\",\"position\":3,\"name\":\"Bono Virtual 60 viajes\"}]},{\"@type\":\"WebSite\",\"@id\":\"https:\\\/\\\/www.autobuseslaunion.com\\\/#website\",\"url\":\"https:\\\/\\\/www.autobuseslaunion.com\\\/\",\"name\":\"Autobuses la Uni\u00f3n\",\"description\":\"\",\"publisher\":{\"@id\":\"https:\\\/\\\/www.autobuseslaunion.com\\\/#organization\"},\"potentialAction\":[{\"@type\":\"SearchAction\",\"target\":{\"@type\":\"EntryPoint\",\"urlTemplate\":\"https:\\\/\\\/www.autobuseslaunion.com\\\/?s={search_term_string}\"},\"query-input\":{\"@type\":\"PropertyValueSpecification\",\"valueRequired\":true,\"valueName\":\"search_term_string\"}}],\"inLanguage\":\"en-US\"},{\"@type\":\"Organization\",\"@id\":\"https:\\\/\\\/www.autobuseslaunion.com\\\/#organization\",\"name\":\"Autobuses la Uni\u00f3n\",\"url\":\"https:\\\/\\\/www.autobuseslaunion.com\\\/\",\"logo\":{\"@type\":\"ImageObject\",\"inLanguage\":\"en-US\",\"@id\":\"https:\\\/\\\/www.autobuseslaunion.com\\\/#\\\/schema\\\/logo\\\/image\\\/\",\"url\":\"https:\\\/\\\/www.autobuseslaunion.com\\\/wp-content\\\/uploads\\\/2025\\\/04\\\/launion.png\",\"contentUrl\":\"https:\\\/\\\/www.autobuseslaunion.com\\\/wp-content\\\/uploads\\\/2025\\\/04\\\/launion.png\",\"width\":717,\"height\":276,\"caption\":\"Autobuses la Uni\u00f3n\"},\"image\":{\"@id\":\"https:\\\/\\\/www.autobuseslaunion.com\\\/#\\\/schema\\\/logo\\\/image\\\/\"},\"sameAs\":[\"https:\\\/\\\/www.facebook.com\\\/AutobusesLaUnion\",\"https:\\\/\\\/x.com\\\/BusesLaUnion\",\"https:\\\/\\\/www.instagram.com\\\/autobuseslaunion\\\/\"]}]}<\/script>\r\n<!-- \/ Yoast SEO plugin. -->","yoast_head_json":{"title":"Bono Virtual de 60 viajes | Autobuses La Uni\u00f3n","description":"Da de alta tu bono online sin necesidad de hacerlo presencialmente en taquilla y ll\u00e9valo en el m\u00f3vil sin tarjeta f\u00edsica adem\u00e1s de ahorrar en tus viajes.","robots":{"index":"index","follow":"follow","max-snippet":"max-snippet:-1","max-image-preview":"max-image-preview:large","max-video-preview":"max-video-preview:-1"},"canonical":"https:\/\/www.autobuseslaunion.com\/bonos-ofertas\/bono-virtual-60-viajes\/","og_locale":"en_US","og_type":"article","og_title":"Bono Virtual de 60 viajes | Autobuses La Uni\u00f3n","og_description":"Da de alta tu bono online sin necesidad de hacerlo presencialmente en taquilla y ll\u00e9valo en el m\u00f3vil sin tarjeta f\u00edsica adem\u00e1s de ahorrar en tus viajes.","og_url":"https:\/\/www.autobuseslaunion.com\/bonos-ofertas\/bono-virtual-60-viajes\/","og_site_name":"Autobuses la Uni\u00f3n","article_publisher":"https:\/\/www.facebook.com\/AutobusesLaUnion","article_modified_time":"2025-04-14T21:55:41+00:00","og_image":[{"width":1200,"height":628,"url":"https:\/\/www.autobuseslaunion.com\/wp-content\/uploads\/2020\/09\/Imagen-destacada-Bono-60-viajes.png","type":"image\/png"}],"twitter_card":"summary_large_image","twitter_site":"@BusesLaUnion","twitter_misc":{"Est. reading time":"3 minutes"},"schema":{"@context":"https:\/\/schema.org","@graph":[{"@type":"WebPage","@id":"https:\/\/www.autobuseslaunion.com\/bonos-ofertas\/bono-virtual-60-viajes\/","url":"https:\/\/www.autobuseslaunion.com\/bonos-ofertas\/bono-virtual-60-viajes\/","name":"Bono Virtual de 60 viajes | Autobuses La Uni\u00f3n","isPartOf":{"@id":"https:\/\/www.autobuseslaunion.com\/#website"},"datePublished":"2020-09-03T10:11:16+00:00","dateModified":"2025-04-14T21:55:41+00:00","description":"Da de alta tu bono online sin necesidad de hacerlo presencialmente en taquilla y ll\u00e9valo en el m\u00f3vil sin tarjeta f\u00edsica adem\u00e1s de ahorrar en tus viajes.","breadcrumb":{"@id":"https:\/\/www.autobuseslaunion.com\/bonos-ofertas\/bono-virtual-60-viajes\/#breadcrumb"},"inLanguage":"en-US","potentialAction":[{"@type":"ReadAction","target":["https:\/\/www.autobuseslaunion.com\/bonos-ofertas\/bono-virtual-60-viajes\/"]}]},{"@type":"BreadcrumbList","@id":"https:\/\/www.autobuseslaunion.com\/bonos-ofertas\/bono-virtual-60-viajes\/#breadcrumb","itemListElement":[{"@type":"ListItem","position":1,"name":"Portada","item":"https:\/\/www.autobuseslaunion.com\/en\/"},{"@type":"ListItem","position":2,"name":"Bonos y ofertas","item":"https:\/\/www.autobuseslaunion.com\/bonos-ofertas\/"},{"@type":"ListItem","position":3,"name":"Bono Virtual 60 viajes"}]},{"@type":"WebSite","@id":"https:\/\/www.autobuseslaunion.com\/#website","url":"https:\/\/www.autobuseslaunion.com\/","name":"Autobuses la Uni\u00f3n","description":"","publisher":{"@id":"https:\/\/www.autobuseslaunion.com\/#organization"},"potentialAction":[{"@type":"SearchAction","target":{"@type":"EntryPoint","urlTemplate":"https:\/\/www.autobuseslaunion.com\/?s={search_term_string}"},"query-input":{"@type":"PropertyValueSpecification","valueRequired":true,"valueName":"search_term_string"}}],"inLanguage":"en-US"},{"@type":"Organization","@id":"https:\/\/www.autobuseslaunion.com\/#organization","name":"Autobuses la Uni\u00f3n","url":"https:\/\/www.autobuseslaunion.com\/","logo":{"@type":"ImageObject","inLanguage":"en-US","@id":"https:\/\/www.autobuseslaunion.com\/#\/schema\/logo\/image\/","url":"https:\/\/www.autobuseslaunion.com\/wp-content\/uploads\/2025\/04\/launion.png","contentUrl":"https:\/\/www.autobuseslaunion.com\/wp-content\/uploads\/2025\/04\/launion.png","width":717,"height":276,"caption":"Autobuses la Uni\u00f3n"},"image":{"@id":"https:\/\/www.autobuseslaunion.com\/#\/schema\/logo\/image\/"},"sameAs":["https:\/\/www.facebook.com\/AutobusesLaUnion","https:\/\/x.com\/BusesLaUnion","https:\/\/www.instagram.com\/autobuseslaunion\/"]}]}},"_links":{"self":[{"href":"https:\/\/www.autobuseslaunion.com\/en\/wp-json\/wp\/v2\/pages\/5511","targetHints":{"allow":["GET"]}}],"collection":[{"href":"https:\/\/www.autobuseslaunion.com\/en\/wp-json\/wp\/v2\/pages"}],"about":[{"href":"https:\/\/www.autobuseslaunion.com\/en\/wp-json\/wp\/v2\/types\/page"}],"author":[{"embeddable":true,"href":"https:\/\/www.autobuseslaunion.com\/en\/wp-json\/wp\/v2\/users\/1"}],"replies":[{"embeddable":true,"href":"https:\/\/www.autobuseslaunion.com\/en\/wp-json\/wp\/v2\/comments?post=5511"}],"version-history":[{"count":47,"href":"https:\/\/www.autobuseslaunion.com\/en\/wp-json\/wp\/v2\/pages\/5511\/revisions"}],"predecessor-version":[{"id":10217,"href":"https:\/\/www.autobuseslaunion.com\/en\/wp-json\/wp\/v2\/pages\/5511\/revisions\/10217"}],"up":[{"embeddable":true,"href":"https:\/\/www.autobuseslaunion.com\/en\/wp-json\/wp\/v2\/pages\/602"}],"wp:attachment":[{"href":"https:\/\/www.autobuseslaunion.com\/en\/wp-json\/wp\/v2\/media?parent=5511"}],"curies":[{"name":"wp","href":"https:\/\/api.w.org\/{rel}","templated":true}]}}