

{"id":5397,"date":"2020-08-11T10:30:38","date_gmt":"2020-08-11T10:30:38","guid":{"rendered":"https:\/\/www.autobuseslaunion.com\/?page_id=5397"},"modified":"2021-10-14T15:30:10","modified_gmt":"2021-10-14T15:30:10","slug":"bono-virtual","status":"publish","type":"page","link":"https:\/\/www.autobuseslaunion.com\/en\/bonos-ofertas\/bono-virtual\/","title":{"rendered":"Bono Virtual 20 Viajes"},"content":{"rendered":"<p>[vc_row][vc_column][title type=&#8221;h2&#8243;]BONO VIRTUAL 20 VIAJES[\/title][vc_column_text]<span style=\"color: #ff0000;\"><strong>La venta de bonos de 20 viajes no esta operativa en la actualidad.<\/strong><\/span>[\/vc_column_text][vc_single_image image=&#8221;5407&#8243; img_size=&#8221;medium&#8221; onclick=&#8221;custom_link&#8221; img_link_target=&#8221;_blank&#8221; link=&#8221;https:\/\/launion-bono.autobusing.es\/&#8221;][vc_column_text]<strong>BONO VIRTUAL 20 VIAJES<\/strong><\/p>\n<p>Tarifas:\u00a0<a href=\"https:\/\/www.autobuseslaunion.com\/wp-content\/uploads\/2021\/08\/tarifas-21-22-bonos-bidaide-para-web-y-taquillas.pdf\" target=\"_blank\" rel=\"noopener\">https:\/\/www.autobuseslaunion.com\/wp-content\/uploads\/2021\/08\/tarifas-21-22-bonos-bidaide-para-web-y-taquillas.pdf<\/a><\/p>\n<p><strong>EL BONO VIRTUAL 20 viajes<\/strong> lo puedes adquirir a trav\u00e9s de la p\u00e1gina web <a href=\"https:\/\/www.autobuseslaunion.com\">www.autobuseslaunion.com<\/a>.<\/p>\n<p>V\u00e1lido para las l\u00edneas\/trayectos:<\/p>\n<ul>\n<li>A-3714 Bilbao&gt;Vitoria-Gasteiz por autopista.<\/li>\n<li>A-3717 Vitoria-Gasteiz&gt;Leioa\/UPV.<\/li>\n<li>A-3718 Margen Izquierda&gt;Vitoria-Gasteiz.<\/li>\n<li>A-3719 Margen Derecha&gt;Vitoria-Gasteiz.<\/li>\n<li>A-3711 Bilbao&gt;Otxandio&gt; Vitoria-Gasteiz<\/li>\n<li>A-3712 Bilbao&gt;Ubidea&gt; Vitoria-Gasteiz<\/li>\n<li>A-3713 Bilbao&gt;Murguia&gt; Vitoria-Gasteiz<\/li>\n<\/ul>\n<p>Podr\u00e1s comprar y recargar tu bono y realizar la compra de tus billetes para los d\u00edas y las\u00a0 horas que te interesen, y viajar con tu localizador en el tel\u00e9fono, no hace falta imprimirlos. Todos son ventajas.<\/p>\n<p>Adem\u00e1s:<\/p>\n<ol>\n<li>No tiene un coste adicional para el viajero<\/li>\n<li>Dar de alta a tus bonos on line, sin necesidad de hacerlo presencialmente en taquilla a trav\u00e9s de la p\u00e1gina web <a href=\"http:\/\/www.autobuseslaunion.com\">autobuseslaunion.com<\/a>.<\/li>\n<li>Llevar tu bono en el m\u00f3vil, sin tarjeta f\u00edsica, accediendo a trav\u00e9s del enlace que te hemos enviado por correo electr\u00f3nico una vez te has autenticado (paso 2 despu\u00e9s de recibir el ok a tu registro en bono virtual), que lo guardar\u00e1s en favoritos en el navegador de tu m\u00f3vil o dispositivo siempre que quieras acceder a tu bono virtual.<\/li>\n<li>Comprar tus billetes para los d\u00edas y horas y gu\u00e1rdalos para pinchar el d\u00eda que viajes, mostrando el QR a trav\u00e9s de t\u00fa m\u00f3vil al conductor cuando embarques en el autob\u00fas<\/li>\n<li>Si te aplica el descuento de familia numerosa debes de enviar en el momento de \u201cRegistrar\u201d una copia de tu DNI y presentar el carnet de familia numerosa en cualquiera de las dos taquillas (Bilbao o Vitoria-Gasteiz).<\/li>\n<li>Si eres menor de 31 a\u00f1os deber\u00e1s enviar en el momento de registrarte en bono virtual la fotocopia de tu DNI al correo <a href=\"mailto:bonovirtual@autobuselaunion.com\">bonovirtual@autobuselaunion.com<\/a><\/li>\n<li>Esta opci\u00f3n es v\u00e1lida para todos los bonos bidaide de todas las l\u00edneas<\/li>\n<\/ol>\n<p>Si deseas que te atendamos personalmente solic\u00edtalo a trav\u00e9s de la cuenta <a href=\"mailto:bonovirtual@autobuseslaunion.com\">bonovirtual@autobuseslaunion.com<\/a>, indicando tu tel\u00e9fono y franja horaria disponible, te\u00a0 llamaremos en la mayor brevedad. Dispones de documento que te indica los pasos a seguir en el siguiente enlace <em>\u201c<\/em><a href=\"https:\/\/www.autobuseslaunion.com\/wp-content\/uploads\/2021\/10\/Manual-Gestion-Bono-virtual.pdf\"><em>manual de gesti\u00f3n bono virtual<\/em><\/a><em>\u201d<\/em><\/p>\n<p>Las prestaciones de dicho bono son:<\/p>\n<ol>\n<li>Son v\u00e1lidos \u00fanicamente para los <u>d\u00edas laborables<\/u>, de lunes a viernes.<\/li>\n<li>Cada uno, en el momento de su compra, dispone de 20 viajes que ir\u00e1n consumi\u00e9ndose a medida que se vayan utilizando.<\/li>\n<li><u>Personalizado<\/u>, no se pueden transferir.<\/li>\n<li>El t\u00edtulo tiene una validez de <u>6 meses<\/u> desde su fecha de compra.<\/li>\n<li>Solo si no has consumido ning\u00fan viaje con cargo al bono podr\u00e1s anular la compra de su bono virtual. Si ya has consumido alg\u00fan viaje, la empresa no se hace cargo de la devoluci\u00f3n.<\/li>\n<li>Una vez se dispone de bono, las siguientes recargas las podr\u00e1 realizar directamente a trav\u00e9s de sus datos de usuario.<\/li>\n<\/ol>\n<p>[\/vc_column_text][\/vc_column][\/vc_row]<\/p>\n","protected":false},"excerpt":{"rendered":"<p>[vc_row][vc_column][title type=&#8221;h2&#8243;]BONO VIRTUAL 20 VIAJES[\/title][vc_column_text]La venta de bonos de 20 viajes no esta operativa en la actualidad.[\/vc_column_text][vc_single_image image=&#8221;5407&#8243; img_size=&#8221;medium&#8221; onclick=&#8221;custom_link&#8221; img_link_target=&#8221;_blank&#8221; link=&#8221;https:\/\/launion-bono.autobusing.es\/&#8221;][vc_column_text]BONO VIRTUAL 20 VIAJES Tarifas:\u00a0https:\/\/www.autobuseslaunion.com\/wp-content\/uploads\/2021\/08\/tarifas-21-22-bonos-bidaide-para-web-y-taquillas.pdf EL BONO VIRTUAL 20 viajes lo puedes adquirir a trav\u00e9s de la p\u00e1gina web www.autobuseslaunion.com. V\u00e1lido para las l\u00edneas\/trayectos: A-3714 Bilbao&gt;Vitoria-Gasteiz por autopista. A-3717 Vitoria-Gasteiz&gt;Leioa\/UPV. A-3718 Margen Izquierda&gt;Vitoria-Gasteiz. A-3719<\/p>\n","protected":false},"author":1,"featured_media":0,"parent":602,"menu_order":0,"comment_status":"closed","ping_status":"closed","template":"","meta":{"footnotes":""},"class_list":["post-5397","page","type-page","status-publish","hentry"],"yoast_head":"<!-- This site is optimized with the Yoast SEO plugin v27.4 - https:\/\/yoast.com\/product\/yoast-seo-wordpress\/ -->\r\n<title>Bono Virtual de 20 viajes | Autobuses La Uni\u00f3n<\/title>\r\n<meta name=\"description\" content=\"Da de alta tu bono online sin necesidad de hacerlo presencialmente en taquilla y ll\u00e9valo en el m\u00f3vil sin tarjeta f\u00edsica adem\u00e1s de ahorrar en tus viajes.\" \/>\r\n<meta name=\"robots\" content=\"index, follow, max-snippet:-1, max-image-preview:large, max-video-preview:-1\" \/>\r\n<link rel=\"canonical\" href=\"https:\/\/www.autobuseslaunion.com\/bonos-ofertas\/bono-virtual\/\" \/>\r\n<meta property=\"og:locale\" content=\"en_US\" \/>\r\n<meta property=\"og:type\" content=\"article\" \/>\r\n<meta property=\"og:title\" content=\"Bono Virtual de 20 viajes | Autobuses La Uni\u00f3n\" \/>\r\n<meta property=\"og:description\" content=\"Da de alta tu bono online sin necesidad de hacerlo presencialmente en taquilla y ll\u00e9valo en el m\u00f3vil sin tarjeta f\u00edsica adem\u00e1s de ahorrar en tus viajes.\" \/>\r\n<meta property=\"og:url\" content=\"https:\/\/www.autobuseslaunion.com\/bonos-ofertas\/bono-virtual\/\" \/>\r\n<meta property=\"og:site_name\" content=\"Autobuses la Uni\u00f3n\" \/>\r\n<meta property=\"article:publisher\" content=\"https:\/\/www.facebook.com\/AutobusesLaUnion\" \/>\r\n<meta property=\"article:modified_time\" content=\"2021-10-14T15:30:10+00:00\" \/>\r\n<meta property=\"og:image\" content=\"https:\/\/www.autobuseslaunion.com\/wp-content\/uploads\/2020\/08\/Promoci\u00f3n-Bono-Virtual-1024x683.png\" \/>\r\n\t<meta property=\"og:image:width\" content=\"1024\" \/>\r\n\t<meta property=\"og:image:height\" content=\"683\" \/>\r\n\t<meta property=\"og:image:type\" content=\"image\/png\" \/>\r\n<meta name=\"twitter:card\" content=\"summary_large_image\" \/>\r\n<meta name=\"twitter:site\" content=\"@BusesLaUnion\" \/>\r\n<meta name=\"twitter:label1\" content=\"Est. reading time\" \/>\n\t<meta name=\"twitter:data1\" content=\"3 minutes\" \/>\r\n<script type=\"application\/ld+json\" class=\"yoast-schema-graph\">{\"@context\":\"https:\\\/\\\/schema.org\",\"@graph\":[{\"@type\":\"WebPage\",\"@id\":\"https:\\\/\\\/www.autobuseslaunion.com\\\/bonos-ofertas\\\/bono-virtual\\\/\",\"url\":\"https:\\\/\\\/www.autobuseslaunion.com\\\/bonos-ofertas\\\/bono-virtual\\\/\",\"name\":\"Bono Virtual de 20 viajes | Autobuses La Uni\u00f3n\",\"isPartOf\":{\"@id\":\"https:\\\/\\\/www.autobuseslaunion.com\\\/#website\"},\"datePublished\":\"2020-08-11T10:30:38+00:00\",\"dateModified\":\"2021-10-14T15:30:10+00:00\",\"description\":\"Da de alta tu bono online sin necesidad de hacerlo presencialmente en taquilla y ll\u00e9valo en el m\u00f3vil sin tarjeta f\u00edsica adem\u00e1s de ahorrar en tus viajes.\",\"breadcrumb\":{\"@id\":\"https:\\\/\\\/www.autobuseslaunion.com\\\/bonos-ofertas\\\/bono-virtual\\\/#breadcrumb\"},\"inLanguage\":\"en-US\",\"potentialAction\":[{\"@type\":\"ReadAction\",\"target\":[\"https:\\\/\\\/www.autobuseslaunion.com\\\/bonos-ofertas\\\/bono-virtual\\\/\"]}]},{\"@type\":\"BreadcrumbList\",\"@id\":\"https:\\\/\\\/www.autobuseslaunion.com\\\/bonos-ofertas\\\/bono-virtual\\\/#breadcrumb\",\"itemListElement\":[{\"@type\":\"ListItem\",\"position\":1,\"name\":\"Portada\",\"item\":\"https:\\\/\\\/www.autobuseslaunion.com\\\/en\\\/\"},{\"@type\":\"ListItem\",\"position\":2,\"name\":\"Bonos y ofertas\",\"item\":\"https:\\\/\\\/www.autobuseslaunion.com\\\/bonos-ofertas\\\/\"},{\"@type\":\"ListItem\",\"position\":3,\"name\":\"Bono Virtual 20 Viajes\"}]},{\"@type\":\"WebSite\",\"@id\":\"https:\\\/\\\/www.autobuseslaunion.com\\\/#website\",\"url\":\"https:\\\/\\\/www.autobuseslaunion.com\\\/\",\"name\":\"Autobuses la Uni\u00f3n\",\"description\":\"\",\"publisher\":{\"@id\":\"https:\\\/\\\/www.autobuseslaunion.com\\\/#organization\"},\"potentialAction\":[{\"@type\":\"SearchAction\",\"target\":{\"@type\":\"EntryPoint\",\"urlTemplate\":\"https:\\\/\\\/www.autobuseslaunion.com\\\/?s={search_term_string}\"},\"query-input\":{\"@type\":\"PropertyValueSpecification\",\"valueRequired\":true,\"valueName\":\"search_term_string\"}}],\"inLanguage\":\"en-US\"},{\"@type\":\"Organization\",\"@id\":\"https:\\\/\\\/www.autobuseslaunion.com\\\/#organization\",\"name\":\"Autobuses la Uni\u00f3n\",\"url\":\"https:\\\/\\\/www.autobuseslaunion.com\\\/\",\"logo\":{\"@type\":\"ImageObject\",\"inLanguage\":\"en-US\",\"@id\":\"https:\\\/\\\/www.autobuseslaunion.com\\\/#\\\/schema\\\/logo\\\/image\\\/\",\"url\":\"https:\\\/\\\/www.autobuseslaunion.com\\\/wp-content\\\/uploads\\\/2025\\\/04\\\/launion.png\",\"contentUrl\":\"https:\\\/\\\/www.autobuseslaunion.com\\\/wp-content\\\/uploads\\\/2025\\\/04\\\/launion.png\",\"width\":717,\"height\":276,\"caption\":\"Autobuses la Uni\u00f3n\"},\"image\":{\"@id\":\"https:\\\/\\\/www.autobuseslaunion.com\\\/#\\\/schema\\\/logo\\\/image\\\/\"},\"sameAs\":[\"https:\\\/\\\/www.facebook.com\\\/AutobusesLaUnion\",\"https:\\\/\\\/x.com\\\/BusesLaUnion\",\"https:\\\/\\\/www.instagram.com\\\/autobuseslaunion\\\/\"]}]}<\/script>\r\n<!-- \/ Yoast SEO plugin. -->","yoast_head_json":{"title":"Bono Virtual de 20 viajes | Autobuses La Uni\u00f3n","description":"Da de alta tu bono online sin necesidad de hacerlo presencialmente en taquilla y ll\u00e9valo en el m\u00f3vil sin tarjeta f\u00edsica adem\u00e1s de ahorrar en tus viajes.","robots":{"index":"index","follow":"follow","max-snippet":"max-snippet:-1","max-image-preview":"max-image-preview:large","max-video-preview":"max-video-preview:-1"},"canonical":"https:\/\/www.autobuseslaunion.com\/bonos-ofertas\/bono-virtual\/","og_locale":"en_US","og_type":"article","og_title":"Bono Virtual de 20 viajes | Autobuses La Uni\u00f3n","og_description":"Da de alta tu bono online sin necesidad de hacerlo presencialmente en taquilla y ll\u00e9valo en el m\u00f3vil sin tarjeta f\u00edsica adem\u00e1s de ahorrar en tus viajes.","og_url":"https:\/\/www.autobuseslaunion.com\/bonos-ofertas\/bono-virtual\/","og_site_name":"Autobuses la Uni\u00f3n","article_publisher":"https:\/\/www.facebook.com\/AutobusesLaUnion","article_modified_time":"2021-10-14T15:30:10+00:00","og_image":[{"width":1024,"height":683,"url":"https:\/\/www.autobuseslaunion.com\/wp-content\/uploads\/2020\/08\/Promoci\u00f3n-Bono-Virtual-1024x683.png","type":"image\/png"}],"twitter_card":"summary_large_image","twitter_site":"@BusesLaUnion","twitter_misc":{"Est. reading time":"3 minutes"},"schema":{"@context":"https:\/\/schema.org","@graph":[{"@type":"WebPage","@id":"https:\/\/www.autobuseslaunion.com\/bonos-ofertas\/bono-virtual\/","url":"https:\/\/www.autobuseslaunion.com\/bonos-ofertas\/bono-virtual\/","name":"Bono Virtual de 20 viajes | Autobuses La Uni\u00f3n","isPartOf":{"@id":"https:\/\/www.autobuseslaunion.com\/#website"},"datePublished":"2020-08-11T10:30:38+00:00","dateModified":"2021-10-14T15:30:10+00:00","description":"Da de alta tu bono online sin necesidad de hacerlo presencialmente en taquilla y ll\u00e9valo en el m\u00f3vil sin tarjeta f\u00edsica adem\u00e1s de ahorrar en tus viajes.","breadcrumb":{"@id":"https:\/\/www.autobuseslaunion.com\/bonos-ofertas\/bono-virtual\/#breadcrumb"},"inLanguage":"en-US","potentialAction":[{"@type":"ReadAction","target":["https:\/\/www.autobuseslaunion.com\/bonos-ofertas\/bono-virtual\/"]}]},{"@type":"BreadcrumbList","@id":"https:\/\/www.autobuseslaunion.com\/bonos-ofertas\/bono-virtual\/#breadcrumb","itemListElement":[{"@type":"ListItem","position":1,"name":"Portada","item":"https:\/\/www.autobuseslaunion.com\/en\/"},{"@type":"ListItem","position":2,"name":"Bonos y ofertas","item":"https:\/\/www.autobuseslaunion.com\/bonos-ofertas\/"},{"@type":"ListItem","position":3,"name":"Bono Virtual 20 Viajes"}]},{"@type":"WebSite","@id":"https:\/\/www.autobuseslaunion.com\/#website","url":"https:\/\/www.autobuseslaunion.com\/","name":"Autobuses la Uni\u00f3n","description":"","publisher":{"@id":"https:\/\/www.autobuseslaunion.com\/#organization"},"potentialAction":[{"@type":"SearchAction","target":{"@type":"EntryPoint","urlTemplate":"https:\/\/www.autobuseslaunion.com\/?s={search_term_string}"},"query-input":{"@type":"PropertyValueSpecification","valueRequired":true,"valueName":"search_term_string"}}],"inLanguage":"en-US"},{"@type":"Organization","@id":"https:\/\/www.autobuseslaunion.com\/#organization","name":"Autobuses la Uni\u00f3n","url":"https:\/\/www.autobuseslaunion.com\/","logo":{"@type":"ImageObject","inLanguage":"en-US","@id":"https:\/\/www.autobuseslaunion.com\/#\/schema\/logo\/image\/","url":"https:\/\/www.autobuseslaunion.com\/wp-content\/uploads\/2025\/04\/launion.png","contentUrl":"https:\/\/www.autobuseslaunion.com\/wp-content\/uploads\/2025\/04\/launion.png","width":717,"height":276,"caption":"Autobuses la Uni\u00f3n"},"image":{"@id":"https:\/\/www.autobuseslaunion.com\/#\/schema\/logo\/image\/"},"sameAs":["https:\/\/www.facebook.com\/AutobusesLaUnion","https:\/\/x.com\/BusesLaUnion","https:\/\/www.instagram.com\/autobuseslaunion\/"]}]}},"_links":{"self":[{"href":"https:\/\/www.autobuseslaunion.com\/en\/wp-json\/wp\/v2\/pages\/5397","targetHints":{"allow":["GET"]}}],"collection":[{"href":"https:\/\/www.autobuseslaunion.com\/en\/wp-json\/wp\/v2\/pages"}],"about":[{"href":"https:\/\/www.autobuseslaunion.com\/en\/wp-json\/wp\/v2\/types\/page"}],"author":[{"embeddable":true,"href":"https:\/\/www.autobuseslaunion.com\/en\/wp-json\/wp\/v2\/users\/1"}],"replies":[{"embeddable":true,"href":"https:\/\/www.autobuseslaunion.com\/en\/wp-json\/wp\/v2\/comments?post=5397"}],"version-history":[{"count":14,"href":"https:\/\/www.autobuseslaunion.com\/en\/wp-json\/wp\/v2\/pages\/5397\/revisions"}],"predecessor-version":[{"id":6556,"href":"https:\/\/www.autobuseslaunion.com\/en\/wp-json\/wp\/v2\/pages\/5397\/revisions\/6556"}],"up":[{"embeddable":true,"href":"https:\/\/www.autobuseslaunion.com\/en\/wp-json\/wp\/v2\/pages\/602"}],"wp:attachment":[{"href":"https:\/\/www.autobuseslaunion.com\/en\/wp-json\/wp\/v2\/media?parent=5397"}],"curies":[{"name":"wp","href":"https:\/\/api.w.org\/{rel}","templated":true}]}}