

{"id":3298,"date":"2019-01-11T13:49:13","date_gmt":"2019-01-11T13:49:13","guid":{"rendered":"http:\/\/www.autobuseslaunion.com\/vitoria-gasteiz-to-durango-and-miranda\/l18\/"},"modified":"2022-04-19T11:55:51","modified_gmt":"2022-04-19T11:55:51","slug":"l18","status":"publish","type":"page","link":"https:\/\/www.autobuseslaunion.com\/en\/vitoria-gasteiz-to-durango-and-miranda\/l18\/","title":{"rendered":"L-18 Vitoria-Gasteiz>Durango"},"content":{"rendered":"<p>[vc_row][vc_column][title type=&#8221;h2&#8243;]Diagram of bus-stops[\/title][vc_row_inner][vc_column_inner width=&#8221;1\/2&#8243;][vc_column_text el_class=&#8221;tabla-linea&#8221;]<em>Working days Monday to Fridays<\/em><\/p>\n<table>\n<tbody>\n<tr>\n<th>L\u00ednea 18<\/th>\n<th>Durango to Vitoria-Gasteiz<\/th>\n<\/tr>\n<tr>\n<td class=\"origen\">Origin<\/td>\n<td>DURANGO-landako n\u00ba7<\/td>\n<\/tr>\n<tr>\n<td rowspan=\"21\"><\/td>\n<td>IURRETA-Maspe,74<\/td>\n<\/tr>\n<tr>\n<td>IZURTZA-Eleizalde-front\u00f3n BI 623<\/td>\n<\/tr>\n<tr>\n<td>IZURTZA-Ortuzar-BI 623,2<\/td>\n<\/tr>\n<tr>\n<td>MA\u00d1ARIA<\/td>\n<\/tr>\n<tr>\n<td>MA\u00d1ARIA, Aldabarrena<\/td>\n<\/tr>\n<tr>\n<td>URKIOLA-Puerto-BI 623<\/td>\n<\/tr>\n<tr>\n<td>URKIOLA-Church<\/td>\n<\/tr>\n<tr>\n<td>AMAITERMIN-BI 623<\/td>\n<\/tr>\n<tr>\n<td>OTXANDIO-Anteparaluzeta<\/td>\n<\/tr>\n<tr>\n<td>OTXANDIO-Hospital n\u00ba1<\/td>\n<\/tr>\n<tr>\n<td>LEGUTIO- Santa Engracia n\u00ba2<\/td>\n<\/tr>\n<tr>\n<td>Poligono Industrial GOJAIN- San Blas n\u00ba2<\/td>\n<\/tr>\n<tr>\n<td>URBINA- Urbina Entitatea, 8<\/td>\n<\/tr>\n<tr>\n<td>LUKO-3A 4016<\/td>\n<\/tr>\n<tr>\n<td>DURANA- Bergara n\u00ba9<\/td>\n<\/tr>\n<tr>\n<td>VITORIA\/GASTEIZ -Portal Gamarra 17<\/td>\n<\/tr>\n<tr>\n<td>VITORIA\/GASTEIZ -Zaramaga, 17<\/td>\n<\/tr>\n<tr>\n<td>VITORIA\/GASTEIZ -Bus station<\/td>\n<\/tr>\n<tr>\n<td>VITORIA\/GASTEIZ-Bastiturri, avenida gasteiz 45<\/td>\n<\/tr>\n<tr>\n<td>VITORIA-GASTEIZ Court House (Juzgados)- Avenida Gasteiz 19<\/td>\n<\/tr>\n<tr>\n<td>VITORIA\/GASTEIZ-University-Jardines de la libertad\/Aguirre Miram\u00f3n<\/td>\n<\/tr>\n<\/tbody>\n<\/table>\n<p>[\/vc_column_text][\/vc_column_inner][vc_column_inner width=&#8221;1\/2&#8243;][vc_column_text el_class=&#8221;tabla-linea&#8221;]<em>Working days Monday to Fridays<\/em><\/p>\n<table>\n<tbody>\n<tr>\n<th>L\u00ednea 18<\/th>\n<th>Vitoria-Gasteiz to Durango<\/th>\n<\/tr>\n<tr>\n<td class=\"origen\">Origin<\/td>\n<td>VITORIA\/GASTEIZ-University-Parque Maria de Maestu, c\/Alava<\/td>\n<\/tr>\n<tr>\n<td rowspan=\"21\"><\/td>\n<td>VITORIA-GASTEIZ Court House (Juzgados)- Avenida Gasteiz 18<\/td>\n<\/tr>\n<tr>\n<td>VITORIA\/GASTEIZ-avenida gasteiz\/ bastiturri<\/td>\n<\/tr>\n<tr>\n<td>VITORIA\/GASTEIZ -Bus station<\/td>\n<\/tr>\n<tr>\n<td>VITORIA\/GASTEIZ -Boulevard<\/td>\n<\/tr>\n<tr>\n<td>VITORIA\/GASTEIZ -Portal Gamarra 46<\/td>\n<\/tr>\n<tr>\n<td>DURANA- Bergara n\u00ba7<\/td>\n<\/tr>\n<tr>\n<td>LUKO-A 4016 3-1<\/td>\n<\/tr>\n<tr>\n<td>URBINA- Urbina Entitatea, 15<\/td>\n<\/tr>\n<tr>\n<td>Poligono Industrial GOJAIN- San Blas<\/td>\n<\/tr>\n<tr>\n<td>LEGUTIO- Santa Engracia n\u00ba2<\/td>\n<\/tr>\n<tr>\n<td>OTXANDIO-Hospital n\u00ba1<\/td>\n<\/tr>\n<tr>\n<td>OTXANDIO-Anteparaluzeta<\/td>\n<\/tr>\n<tr>\n<td>AMAITERMIN-barrio Urikiola n\u00ba12<\/td>\n<\/tr>\n<tr>\n<td>URKIOLA-Church<\/td>\n<\/tr>\n<tr>\n<td>URKIOLA-Barrio Urkiola , 1B<\/td>\n<\/tr>\n<tr>\n<td>MA\u00d1ARIA<\/td>\n<\/tr>\n<tr>\n<td>MA\u00d1ARIA, Aldabarrena<\/td>\n<\/tr>\n<tr>\n<td>IZURTZA-Ortuzar-BI 623,43<\/td>\n<\/tr>\n<tr>\n<td>IZURTZA-Eleizalde-front\u00f3n BI 623<\/td>\n<\/tr>\n<tr>\n<td>IURRETA-Maspe 6<\/td>\n<\/tr>\n<tr>\n<td>DURANGO-Landako<\/td>\n<\/tr>\n<\/tbody>\n<\/table>\n<p>[\/vc_column_text][\/vc_column_inner][\/vc_row_inner][vc_column_text]*Transit times are approximate *consult timetables<\/p>\n<p>This route has its own regulations. <em><b>\u201c regulation of scheduled transport services of passengers on main roads property of the Autonomous Regional Government of Alava\u201d<\/b><\/em>[\/vc_column_text][title type=&#8221;h2&#8243;]Timetables[\/title][vc_column_text el_class=&#8221;descarga-horarios&#8221;]<\/p>\n<table>\n<tbody>\n<tr>\n<th>Routes<\/th>\n<th>Company<\/th>\n<th>Timetables<\/th>\n<\/tr>\n<tr>\n<td>L-18 Vitoria-Gasteiz&gt;Durango<\/td>\n<td>La Uni\u00f3n, S.A<\/td>\n<td><a class=\"download\" href=\"https:\/\/www.autobuseslaunion.com\/wp-content\/uploads\/2022\/04\/L-18.pdf\" target=\"_blank\" rel=\"noopener\">PDF<\/a><\/td>\n<\/tr>\n<\/tbody>\n<\/table>\n<p>[\/vc_column_text][title type=&#8221;h2&#8243;]Book the BAT card[\/title][vc_row_inner][vc_column_inner width=&#8221;1\/2&#8243;][vc_btn title=&#8221;Login&#8221; style=&#8221;classic&#8221; color=&#8221;primary&#8221; align=&#8221;center&#8221; el_class=&#8221;cta-button&#8221; link=&#8221;url:https%3A%2F%2Fregular.autobusing.com%2Fbat_tarjeta%2Flogin%3Fempresa%3Dlaunion||target:%20_blank|&#8221;][\/vc_column_inner][vc_column_inner width=&#8221;1\/2&#8243;][vc_btn title=&#8221;Registration&#8221; style=&#8221;classic&#8221; color=&#8221;primary&#8221; align=&#8221;center&#8221; el_class=&#8221;cta-button&#8221; link=&#8221;url:https%3A%2F%2Fregular.autobusing.com%2Fbat_tarjeta%2Fregistro%3F_eid%3DBAhpBg%253D%253D%250A||target:%20_blank|&#8221;][\/vc_column_inner][\/vc_row_inner][title type=&#8221;h2&#8243;]Transport passes and forms of payment:[\/title][vc_column_text]<\/p>\n<ul>\n<li>Valid transport passes are the Bat Card and the occasional ticket. The Bat card can be bought at the offices of Euskotren in Calle Sancho el Sabio or topped-up in Euskotren machines. There is one in the bus station of Vitoria\/Gasteiz.<\/li>\n<li>The occasional ticket can be bought on the bus itself. Payment in cash. Amounts above 20 euros are not admitted.<\/li>\n<li>Children under five travel free of charge. They must have a ticket (which the driver will issue showing zero fare). Likewise, persons accompanying passengers with visual disability or reduced mobility who require personal assistance travel free. Transporting minors <em><strong>See article 10 of the Regulations<\/strong><\/em><\/li>\n<li>Accesibility: the operating company will be obliged to comply with regulations on accessibility on public transport. See article 7 of the Regulations<\/li>\n<li>A refund of the fare will only be given when the service has been suspended before the actual start. <em><strong>See article 9 of the Regulations.<\/strong><\/em><\/li>\n<li>Transporting groups. Groups of ten or more persons who wish to travel on regular bus routes where there is no advance sale of tickets must notify the company providing the service at least one week beforehand. <strong>See article 11 of the Regulations. <\/strong><\/li>\n<li>Packages and baggage. See article 12 of the Regulations.<\/li>\n<li>Transport of pushchairs and prams. Pushchairs and prams must go in the baggage compartment. No charge will be demanded of passengers for transporting pushchairs or prams. See article 13 of the Regulations.<\/li>\n<li>Transporting bicycles. Upon notification to the successful carrier company made the day before the date you wish to travel and the conditions of the vehicle, it will be permitted for the corresponding trajectory. Bicycles can only be transported in the baggage compartment. Only one bicycle will be permitted per passenger. This transport is free. <em><strong>See article 14 of the Regulations.<\/strong><\/em><\/li>\n<li>Animals on the bus. Only guide dogs and assistance dogs that have authorisation for these functions from approved centres will be allowed on the bus. For other animals consult article 15 of the Regulations<\/li>\n<\/ul>\n<p>[\/vc_column_text][vc_btn title=&#8221;Otra informaci\u00f3n \u00fatil para el viajero&#8221; style=&#8221;classic&#8221; color=&#8221;primary&#8221; align=&#8221;center&#8221; el_class=&#8221;cta-button&#8221; link=&#8221;url:http%3A%2F%2Fwww.autobuseslaunion.com%2Fwp-content%2Fuploads%2F2018%2F08%2FReglamento-de-Servicios-DFA.pdf|||&#8221;][\/vc_column][\/vc_row]<\/p>\n","protected":false},"excerpt":{"rendered":"<p>[vc_row][vc_column][title type=&#8221;h2&#8243;]Diagram of bus-stops[\/title][vc_row_inner][vc_column_inner width=&#8221;1\/2&#8243;][vc_column_text el_class=&#8221;tabla-linea&#8221;]Working days Monday to Fridays L\u00ednea 18 Durango to Vitoria-Gasteiz Origin DURANGO-landako n\u00ba7 IURRETA-Maspe,74 IZURTZA-Eleizalde-front\u00f3n BI 623 IZURTZA-Ortuzar-BI 623,2 MA\u00d1ARIA MA\u00d1ARIA, Aldabarrena URKIOLA-Puerto-BI 623 URKIOLA-Church AMAITERMIN-BI 623 OTXANDIO-Anteparaluzeta OTXANDIO-Hospital n\u00ba1 LEGUTIO- Santa Engracia n\u00ba2 Poligono Industrial GOJAIN- San Blas n\u00ba2 URBINA- Urbina Entitatea, 8 LUKO-3A 4016 DURANA- Bergara n\u00ba9 VITORIA\/GASTEIZ<\/p>\n","protected":false},"author":1,"featured_media":0,"parent":3257,"menu_order":0,"comment_status":"closed","ping_status":"closed","template":"","meta":{"footnotes":""},"class_list":["post-3298","page","type-page","status-publish","hentry"],"yoast_head":"<!-- This site is optimized with the Yoast SEO plugin v27.3 - https:\/\/yoast.com\/product\/yoast-seo-wordpress\/ -->\r\n<title>L-18 Vitoria-Gasteiz&gt;Durango<\/title>\r\n<meta name=\"robots\" content=\"index, follow, max-snippet:-1, max-image-preview:large, max-video-preview:-1\" \/>\r\n<link rel=\"canonical\" href=\"https:\/\/www.autobuseslaunion.com\/en\/vitoria-gasteiz-to-durango-and-miranda\/l18\/\" \/>\r\n<meta property=\"og:locale\" content=\"en_US\" \/>\r\n<meta property=\"og:type\" content=\"article\" \/>\r\n<meta property=\"og:title\" content=\"L-18 Vitoria-Gasteiz&gt;Durango\" \/>\r\n<meta property=\"og:description\" content=\"[vc_row][vc_column][title type=&#8221;h2&#8243;]Diagram of bus-stops[\/title][vc_row_inner][vc_column_inner width=&#8221;1\/2&#8243;][vc_column_text el_class=&#8221;tabla-linea&#8221;]Working days Monday to Fridays L\u00ednea 18 Durango to Vitoria-Gasteiz Origin DURANGO-landako n\u00ba7 IURRETA-Maspe,74 IZURTZA-Eleizalde-front\u00f3n BI 623 IZURTZA-Ortuzar-BI 623,2 MA\u00d1ARIA MA\u00d1ARIA, Aldabarrena URKIOLA-Puerto-BI 623 URKIOLA-Church AMAITERMIN-BI 623 OTXANDIO-Anteparaluzeta OTXANDIO-Hospital n\u00ba1 LEGUTIO- Santa Engracia n\u00ba2 Poligono Industrial GOJAIN- San Blas n\u00ba2 URBINA- Urbina Entitatea, 8 LUKO-3A 4016 DURANA- Bergara n\u00ba9 VITORIA\/GASTEIZ\" \/>\r\n<meta property=\"og:url\" content=\"https:\/\/www.autobuseslaunion.com\/en\/vitoria-gasteiz-to-durango-and-miranda\/l18\/\" \/>\r\n<meta property=\"og:site_name\" content=\"Autobuses la Uni\u00f3n\" \/>\r\n<meta property=\"article:publisher\" content=\"https:\/\/www.facebook.com\/AutobusesLaUnion\" \/>\r\n<meta property=\"article:modified_time\" content=\"2022-04-19T11:55:51+00:00\" \/>\r\n<meta name=\"twitter:card\" content=\"summary_large_image\" \/>\r\n<meta name=\"twitter:site\" content=\"@BusesLaUnion\" \/>\r\n<meta name=\"twitter:label1\" content=\"Est. reading time\" \/>\n\t<meta name=\"twitter:data1\" content=\"4 minutes\" \/>\r\n<script type=\"application\/ld+json\" class=\"yoast-schema-graph\">{\"@context\":\"https:\\\/\\\/schema.org\",\"@graph\":[{\"@type\":\"WebPage\",\"@id\":\"https:\\\/\\\/www.autobuseslaunion.com\\\/en\\\/vitoria-gasteiz-to-durango-and-miranda\\\/l18\\\/\",\"url\":\"https:\\\/\\\/www.autobuseslaunion.com\\\/en\\\/vitoria-gasteiz-to-durango-and-miranda\\\/l18\\\/\",\"name\":\"L-18 Vitoria-Gasteiz>Durango\",\"isPartOf\":{\"@id\":\"https:\\\/\\\/www.autobuseslaunion.com\\\/#website\"},\"datePublished\":\"2019-01-11T13:49:13+00:00\",\"dateModified\":\"2022-04-19T11:55:51+00:00\",\"breadcrumb\":{\"@id\":\"https:\\\/\\\/www.autobuseslaunion.com\\\/en\\\/vitoria-gasteiz-to-durango-and-miranda\\\/l18\\\/#breadcrumb\"},\"inLanguage\":\"en-US\",\"potentialAction\":[{\"@type\":\"ReadAction\",\"target\":[\"https:\\\/\\\/www.autobuseslaunion.com\\\/en\\\/vitoria-gasteiz-to-durango-and-miranda\\\/l18\\\/\"]}]},{\"@type\":\"BreadcrumbList\",\"@id\":\"https:\\\/\\\/www.autobuseslaunion.com\\\/en\\\/vitoria-gasteiz-to-durango-and-miranda\\\/l18\\\/#breadcrumb\",\"itemListElement\":[{\"@type\":\"ListItem\",\"position\":1,\"name\":\"Portada\",\"item\":\"https:\\\/\\\/www.autobuseslaunion.com\\\/en\\\/\"},{\"@type\":\"ListItem\",\"position\":2,\"name\":\"C-01 Vitoria-Gasteiz to Durango and Miranda\",\"item\":\"https:\\\/\\\/www.autobuseslaunion.com\\\/en\\\/vitoria-gasteiz-to-durango-and-miranda\\\/\"},{\"@type\":\"ListItem\",\"position\":3,\"name\":\"L-18 Vitoria-Gasteiz>Durango\"}]},{\"@type\":\"WebSite\",\"@id\":\"https:\\\/\\\/www.autobuseslaunion.com\\\/#website\",\"url\":\"https:\\\/\\\/www.autobuseslaunion.com\\\/\",\"name\":\"Autobuses la Uni\u00f3n\",\"description\":\"\",\"publisher\":{\"@id\":\"https:\\\/\\\/www.autobuseslaunion.com\\\/#organization\"},\"potentialAction\":[{\"@type\":\"SearchAction\",\"target\":{\"@type\":\"EntryPoint\",\"urlTemplate\":\"https:\\\/\\\/www.autobuseslaunion.com\\\/?s={search_term_string}\"},\"query-input\":{\"@type\":\"PropertyValueSpecification\",\"valueRequired\":true,\"valueName\":\"search_term_string\"}}],\"inLanguage\":\"en-US\"},{\"@type\":\"Organization\",\"@id\":\"https:\\\/\\\/www.autobuseslaunion.com\\\/#organization\",\"name\":\"Autobuses la Uni\u00f3n\",\"url\":\"https:\\\/\\\/www.autobuseslaunion.com\\\/\",\"logo\":{\"@type\":\"ImageObject\",\"inLanguage\":\"en-US\",\"@id\":\"https:\\\/\\\/www.autobuseslaunion.com\\\/#\\\/schema\\\/logo\\\/image\\\/\",\"url\":\"https:\\\/\\\/www.autobuseslaunion.com\\\/wp-content\\\/uploads\\\/2025\\\/04\\\/launion.png\",\"contentUrl\":\"https:\\\/\\\/www.autobuseslaunion.com\\\/wp-content\\\/uploads\\\/2025\\\/04\\\/launion.png\",\"width\":717,\"height\":276,\"caption\":\"Autobuses la Uni\u00f3n\"},\"image\":{\"@id\":\"https:\\\/\\\/www.autobuseslaunion.com\\\/#\\\/schema\\\/logo\\\/image\\\/\"},\"sameAs\":[\"https:\\\/\\\/www.facebook.com\\\/AutobusesLaUnion\",\"https:\\\/\\\/x.com\\\/BusesLaUnion\",\"https:\\\/\\\/www.instagram.com\\\/autobuseslaunion\\\/\"]}]}<\/script>\r\n<!-- \/ Yoast SEO plugin. -->","yoast_head_json":{"title":"L-18 Vitoria-Gasteiz>Durango","robots":{"index":"index","follow":"follow","max-snippet":"max-snippet:-1","max-image-preview":"max-image-preview:large","max-video-preview":"max-video-preview:-1"},"canonical":"https:\/\/www.autobuseslaunion.com\/en\/vitoria-gasteiz-to-durango-and-miranda\/l18\/","og_locale":"en_US","og_type":"article","og_title":"L-18 Vitoria-Gasteiz>Durango","og_description":"[vc_row][vc_column][title type=&#8221;h2&#8243;]Diagram of bus-stops[\/title][vc_row_inner][vc_column_inner width=&#8221;1\/2&#8243;][vc_column_text el_class=&#8221;tabla-linea&#8221;]Working days Monday to Fridays L\u00ednea 18 Durango to Vitoria-Gasteiz Origin DURANGO-landako n\u00ba7 IURRETA-Maspe,74 IZURTZA-Eleizalde-front\u00f3n BI 623 IZURTZA-Ortuzar-BI 623,2 MA\u00d1ARIA MA\u00d1ARIA, Aldabarrena URKIOLA-Puerto-BI 623 URKIOLA-Church AMAITERMIN-BI 623 OTXANDIO-Anteparaluzeta OTXANDIO-Hospital n\u00ba1 LEGUTIO- Santa Engracia n\u00ba2 Poligono Industrial GOJAIN- San Blas n\u00ba2 URBINA- Urbina Entitatea, 8 LUKO-3A 4016 DURANA- Bergara n\u00ba9 VITORIA\/GASTEIZ","og_url":"https:\/\/www.autobuseslaunion.com\/en\/vitoria-gasteiz-to-durango-and-miranda\/l18\/","og_site_name":"Autobuses la Uni\u00f3n","article_publisher":"https:\/\/www.facebook.com\/AutobusesLaUnion","article_modified_time":"2022-04-19T11:55:51+00:00","twitter_card":"summary_large_image","twitter_site":"@BusesLaUnion","twitter_misc":{"Est. reading time":"4 minutes"},"schema":{"@context":"https:\/\/schema.org","@graph":[{"@type":"WebPage","@id":"https:\/\/www.autobuseslaunion.com\/en\/vitoria-gasteiz-to-durango-and-miranda\/l18\/","url":"https:\/\/www.autobuseslaunion.com\/en\/vitoria-gasteiz-to-durango-and-miranda\/l18\/","name":"L-18 Vitoria-Gasteiz>Durango","isPartOf":{"@id":"https:\/\/www.autobuseslaunion.com\/#website"},"datePublished":"2019-01-11T13:49:13+00:00","dateModified":"2022-04-19T11:55:51+00:00","breadcrumb":{"@id":"https:\/\/www.autobuseslaunion.com\/en\/vitoria-gasteiz-to-durango-and-miranda\/l18\/#breadcrumb"},"inLanguage":"en-US","potentialAction":[{"@type":"ReadAction","target":["https:\/\/www.autobuseslaunion.com\/en\/vitoria-gasteiz-to-durango-and-miranda\/l18\/"]}]},{"@type":"BreadcrumbList","@id":"https:\/\/www.autobuseslaunion.com\/en\/vitoria-gasteiz-to-durango-and-miranda\/l18\/#breadcrumb","itemListElement":[{"@type":"ListItem","position":1,"name":"Portada","item":"https:\/\/www.autobuseslaunion.com\/en\/"},{"@type":"ListItem","position":2,"name":"C-01 Vitoria-Gasteiz to Durango and Miranda","item":"https:\/\/www.autobuseslaunion.com\/en\/vitoria-gasteiz-to-durango-and-miranda\/"},{"@type":"ListItem","position":3,"name":"L-18 Vitoria-Gasteiz>Durango"}]},{"@type":"WebSite","@id":"https:\/\/www.autobuseslaunion.com\/#website","url":"https:\/\/www.autobuseslaunion.com\/","name":"Autobuses la Uni\u00f3n","description":"","publisher":{"@id":"https:\/\/www.autobuseslaunion.com\/#organization"},"potentialAction":[{"@type":"SearchAction","target":{"@type":"EntryPoint","urlTemplate":"https:\/\/www.autobuseslaunion.com\/?s={search_term_string}"},"query-input":{"@type":"PropertyValueSpecification","valueRequired":true,"valueName":"search_term_string"}}],"inLanguage":"en-US"},{"@type":"Organization","@id":"https:\/\/www.autobuseslaunion.com\/#organization","name":"Autobuses la Uni\u00f3n","url":"https:\/\/www.autobuseslaunion.com\/","logo":{"@type":"ImageObject","inLanguage":"en-US","@id":"https:\/\/www.autobuseslaunion.com\/#\/schema\/logo\/image\/","url":"https:\/\/www.autobuseslaunion.com\/wp-content\/uploads\/2025\/04\/launion.png","contentUrl":"https:\/\/www.autobuseslaunion.com\/wp-content\/uploads\/2025\/04\/launion.png","width":717,"height":276,"caption":"Autobuses la Uni\u00f3n"},"image":{"@id":"https:\/\/www.autobuseslaunion.com\/#\/schema\/logo\/image\/"},"sameAs":["https:\/\/www.facebook.com\/AutobusesLaUnion","https:\/\/x.com\/BusesLaUnion","https:\/\/www.instagram.com\/autobuseslaunion\/"]}]}},"_links":{"self":[{"href":"https:\/\/www.autobuseslaunion.com\/en\/wp-json\/wp\/v2\/pages\/3298","targetHints":{"allow":["GET"]}}],"collection":[{"href":"https:\/\/www.autobuseslaunion.com\/en\/wp-json\/wp\/v2\/pages"}],"about":[{"href":"https:\/\/www.autobuseslaunion.com\/en\/wp-json\/wp\/v2\/types\/page"}],"author":[{"embeddable":true,"href":"https:\/\/www.autobuseslaunion.com\/en\/wp-json\/wp\/v2\/users\/1"}],"replies":[{"embeddable":true,"href":"https:\/\/www.autobuseslaunion.com\/en\/wp-json\/wp\/v2\/comments?post=3298"}],"version-history":[{"count":5,"href":"https:\/\/www.autobuseslaunion.com\/en\/wp-json\/wp\/v2\/pages\/3298\/revisions"}],"predecessor-version":[{"id":6929,"href":"https:\/\/www.autobuseslaunion.com\/en\/wp-json\/wp\/v2\/pages\/3298\/revisions\/6929"}],"up":[{"embeddable":true,"href":"https:\/\/www.autobuseslaunion.com\/en\/wp-json\/wp\/v2\/pages\/3257"}],"wp:attachment":[{"href":"https:\/\/www.autobuseslaunion.com\/en\/wp-json\/wp\/v2\/media?parent=3298"}],"curies":[{"name":"wp","href":"https:\/\/api.w.org\/{rel}","templated":true}]}}