

{"id":1755,"date":"2018-07-06T09:01:04","date_gmt":"2018-07-06T09:01:04","guid":{"rendered":"http:\/\/www.autobuseslaunion.com\/bilbao-vitoria-gasteiz\/"},"modified":"2018-11-30T07:17:49","modified_gmt":"2018-11-30T07:17:49","slug":"bilbao-vitoria-gasteiz","status":"publish","type":"page","link":"https:\/\/www.autobuseslaunion.com\/en\/bilbao-vitoria-gasteiz\/","title":{"rendered":"Bilbao and margins > Vitoria-Gasteiz"},"content":{"rendered":"<p>[vc_row][vc_column][title type=&#8221;h2&#8243;]Bilbao \/ Vitoria &#8211; Gasteiz[\/title][\/vc_column][\/vc_row][vc_row equal_height=&#8221;yes&#8221; bg_color=&#8221;#e5e5e5&#8243;][vc_column width=&#8221;1\/2&#8243; css=&#8221;.vc_custom_1540476482933{margin-top: 0px !important;margin-right: 0px !important;margin-bottom: 0px !important;margin-left: 0px !important;border-top-width: 0px !important;border-right-width: 0px !important;border-bottom-width: 0px !important;border-left-width: 0px !important;padding-top: 0px !important;padding-right: 0px !important;padding-bottom: 0px !important;padding-left: 0px !important;}&#8221;][vc_single_image image=&#8221;2668&#8243; img_size=&#8221;full&#8221; css=&#8221;.vc_custom_1542706757292{margin-bottom: 0px !important;}&#8221;][\/vc_column][vc_column width=&#8221;1\/2&#8243; css=&#8221;.vc_custom_1542706121804{padding-top: 30px !important;}&#8221; el_class=&#8221;correccion-margen&#8221;][title type=&#8221;h5&#8243;]A\/3714 BILBAO &gt; VITORIA-GASTEIZ by highway[\/title][vc_btn title=&#8221;More information&#8221; color=&#8221;primary&#8221; link=&#8221;url:http%3A%2F%2Fwww.autobuseslaunion.com%2Fen%2Fbilbao-vitoria-gasteiz%2Fa-3714-bilbo-bilbao-to-vitoria-gasteiz%2F|||&#8221;][title type=&#8221;h5&#8243;]A\/3719 RIGHT BANK to VITORIA-GASTEIZ[\/title][vc_btn title=&#8221;More information&#8221; color=&#8221;primary&#8221; link=&#8221;url:http%3A%2F%2Fwww.autobuseslaunion.com%2Fen%2Fa-3719%2F|||&#8221;][title type=&#8221;h5&#8243;]A\/3718 LEFT BANK to VITORIA-GASTEIZ[\/title][vc_btn title=&#8221;More information&#8221; color=&#8221;primary&#8221; link=&#8221;url:http%3A%2F%2Fwww.autobuseslaunion.com%2Fen%2Fa-3718-left-bank-of-the-nervion-river-to-vitoria-gasteiz%2F|||&#8221;][title type=&#8221;h5&#8243;]A\/3716 LEIOA UPV-EHU &gt; BILBAO &gt; VITORIA-GASTEIZ[\/title][vc_btn title=&#8221;More information&#8221; color=&#8221;primary&#8221; link=&#8221;url:http%3A%2F%2Fwww.autobuseslaunion.com%2Fen%2Fa-3716%2F|||&#8221;][\/vc_column][\/vc_row][vc_row top_margin=&#8221;50&#8243; bottom_margin=&#8221;20&#8243;][vc_column width=&#8221;1\/2&#8243; css=&#8221;.vc_custom_1540476582988{margin-top: 0px !important;margin-right: 0px !important;margin-bottom: 0px !important;margin-left: 0px !important;border-top-width: 0px !important;border-right-width: 0px !important;border-bottom-width: 0px !important;border-left-width: 0px !important;padding-top: 0px !important;padding-right: 0px !important;padding-bottom: 0px !important;padding-left: 0px !important;}&#8221;][vc_single_image image=&#8221;2450&#8243; img_size=&#8221;large&#8221;][\/vc_column][vc_column width=&#8221;1\/2&#8243; el_class=&#8221;correccion-margen&#8221;][title type=&#8221;h5&#8243;]A\/3711 BILBAO &gt; OTXANDIO &gt; VITORIA-GASTEIZ[\/title][vc_btn title=&#8221;More information&#8221; color=&#8221;primary&#8221; link=&#8221;url:http%3A%2F%2Fwww.autobuseslaunion.com%2Fen%2Fbilbao-vitoria-gasteiz%2Fa-3711%2F|||&#8221;][title type=&#8221;h5&#8243;]A\/3712 BILBAO to VITORIA-GASTEIZ via UBIDE[\/title][vc_btn title=&#8221;More information&#8221; color=&#8221;primary&#8221; link=&#8221;url:http%3A%2F%2Fwww.autobuseslaunion.com%2Fen%2Fbilbao-vitoria-gasteiz%2Fa-3712%2F|||&#8221;][title type=&#8221;h5&#8243;]A\/3713 BILBAO to VITORIA-GASTEIZ via MURGIA[\/title][vc_btn title=&#8221;More information&#8221; color=&#8221;primary&#8221; link=&#8221;url:http%3A%2F%2Fwww.autobuseslaunion.com%2Fen%2Fbilbao-vitoria-gasteiz%2Fa-3713%2F|||&#8221; css=&#8221;.vc_custom_1542708928248{margin-bottom: 0px !important;}&#8221;][\/vc_column][\/vc_row]<\/p>\n","protected":false},"excerpt":{"rendered":"<p>[vc_row][vc_column][title type=&#8221;h2&#8243;]Bilbao \/ Vitoria &#8211; Gasteiz[\/title][\/vc_column][\/vc_row][vc_row equal_height=&#8221;yes&#8221; bg_color=&#8221;#e5e5e5&#8243;][vc_column width=&#8221;1\/2&#8243; css=&#8221;.vc_custom_1540476482933{margin-top: 0px !important;margin-right: 0px !important;margin-bottom: 0px !important;margin-left: 0px !important;border-top-width: 0px !important;border-right-width: 0px !important;border-bottom-width: 0px !important;border-left-width: 0px !important;padding-top: 0px !important;padding-right: 0px !important;padding-bottom: 0px !important;padding-left: 0px !important;}&#8221;][vc_single_image image=&#8221;2668&#8243; img_size=&#8221;full&#8221; css=&#8221;.vc_custom_1542706757292{margin-bottom: 0px !important;}&#8221;][\/vc_column][vc_column width=&#8221;1\/2&#8243; css=&#8221;.vc_custom_1542706121804{padding-top: 30px !important;}&#8221; el_class=&#8221;correccion-margen&#8221;][title type=&#8221;h5&#8243;]A\/3714 BILBAO &gt; VITORIA-GASTEIZ by highway[\/title][vc_btn title=&#8221;More information&#8221; color=&#8221;primary&#8221; link=&#8221;url:http%3A%2F%2Fwww.autobuseslaunion.com%2Fen%2Fbilbao-vitoria-gasteiz%2Fa-3714-bilbo-bilbao-to-vitoria-gasteiz%2F|||&#8221;][title type=&#8221;h5&#8243;]A\/3719<\/p>\n","protected":false},"author":1,"featured_media":0,"parent":0,"menu_order":0,"comment_status":"closed","ping_status":"closed","template":"","meta":{"footnotes":""},"class_list":["post-1755","page","type-page","status-publish","hentry"],"yoast_head":"<!-- This site is optimized with the Yoast SEO plugin v27.4 - https:\/\/yoast.com\/product\/yoast-seo-wordpress\/ -->\r\n<title>Autobus entre Bilbao y Vitoria-Gasteiz | Autobuses La Uni\u00f3n<\/title>\r\n<meta name=\"description\" content=\"Viaja en autob\u00fas entre Bilbao-Vitoria-Gasteiz en autob\u00fas con el mejor horario y m\u00e1s frecuencia durante todo el a\u00f1o. Conoce las distintas rutas\" \/>\r\n<meta name=\"robots\" content=\"index, follow, max-snippet:-1, max-image-preview:large, max-video-preview:-1\" \/>\r\n<link rel=\"canonical\" href=\"https:\/\/www.autobuseslaunion.com\/en\/bilbao-vitoria-gasteiz\/\" \/>\r\n<meta property=\"og:locale\" content=\"en_US\" \/>\r\n<meta property=\"og:type\" content=\"article\" \/>\r\n<meta property=\"og:title\" content=\"Autobus entre Bilbao y Vitoria-Gasteiz | Autobuses La Uni\u00f3n\" \/>\r\n<meta property=\"og:description\" content=\"Viaja en autob\u00fas entre Bilbao-Vitoria-Gasteiz en autob\u00fas con el mejor horario y m\u00e1s frecuencia durante todo el a\u00f1o. Conoce las distintas rutas\" \/>\r\n<meta property=\"og:url\" content=\"https:\/\/www.autobuseslaunion.com\/en\/bilbao-vitoria-gasteiz\/\" \/>\r\n<meta property=\"og:site_name\" content=\"Autobuses la Uni\u00f3n\" \/>\r\n<meta property=\"article:publisher\" content=\"https:\/\/www.facebook.com\/AutobusesLaUnion\" \/>\r\n<meta property=\"article:modified_time\" content=\"2018-11-30T07:17:49+00:00\" \/>\r\n<meta name=\"twitter:card\" content=\"summary_large_image\" \/>\r\n<meta name=\"twitter:site\" content=\"@BusesLaUnion\" \/>\r\n<meta name=\"twitter:label1\" content=\"Est. reading time\" \/>\n\t<meta name=\"twitter:data1\" content=\"2 minutes\" \/>\r\n<script type=\"application\/ld+json\" class=\"yoast-schema-graph\">{\"@context\":\"https:\\\/\\\/schema.org\",\"@graph\":[{\"@type\":\"WebPage\",\"@id\":\"https:\\\/\\\/www.autobuseslaunion.com\\\/en\\\/bilbao-vitoria-gasteiz\\\/\",\"url\":\"https:\\\/\\\/www.autobuseslaunion.com\\\/en\\\/bilbao-vitoria-gasteiz\\\/\",\"name\":\"Autobus entre Bilbao y Vitoria-Gasteiz | Autobuses La Uni\u00f3n\",\"isPartOf\":{\"@id\":\"https:\\\/\\\/www.autobuseslaunion.com\\\/#website\"},\"datePublished\":\"2018-07-06T09:01:04+00:00\",\"dateModified\":\"2018-11-30T07:17:49+00:00\",\"description\":\"Viaja en autob\u00fas entre Bilbao-Vitoria-Gasteiz en autob\u00fas con el mejor horario y m\u00e1s frecuencia durante todo el a\u00f1o. Conoce las distintas rutas\",\"breadcrumb\":{\"@id\":\"https:\\\/\\\/www.autobuseslaunion.com\\\/en\\\/bilbao-vitoria-gasteiz\\\/#breadcrumb\"},\"inLanguage\":\"en-US\",\"potentialAction\":[{\"@type\":\"ReadAction\",\"target\":[\"https:\\\/\\\/www.autobuseslaunion.com\\\/en\\\/bilbao-vitoria-gasteiz\\\/\"]}]},{\"@type\":\"BreadcrumbList\",\"@id\":\"https:\\\/\\\/www.autobuseslaunion.com\\\/en\\\/bilbao-vitoria-gasteiz\\\/#breadcrumb\",\"itemListElement\":[{\"@type\":\"ListItem\",\"position\":1,\"name\":\"Portada\",\"item\":\"https:\\\/\\\/www.autobuseslaunion.com\\\/en\\\/\"},{\"@type\":\"ListItem\",\"position\":2,\"name\":\"Bilbao and margins > Vitoria-Gasteiz\"}]},{\"@type\":\"WebSite\",\"@id\":\"https:\\\/\\\/www.autobuseslaunion.com\\\/#website\",\"url\":\"https:\\\/\\\/www.autobuseslaunion.com\\\/\",\"name\":\"Autobuses la Uni\u00f3n\",\"description\":\"\",\"publisher\":{\"@id\":\"https:\\\/\\\/www.autobuseslaunion.com\\\/#organization\"},\"potentialAction\":[{\"@type\":\"SearchAction\",\"target\":{\"@type\":\"EntryPoint\",\"urlTemplate\":\"https:\\\/\\\/www.autobuseslaunion.com\\\/?s={search_term_string}\"},\"query-input\":{\"@type\":\"PropertyValueSpecification\",\"valueRequired\":true,\"valueName\":\"search_term_string\"}}],\"inLanguage\":\"en-US\"},{\"@type\":\"Organization\",\"@id\":\"https:\\\/\\\/www.autobuseslaunion.com\\\/#organization\",\"name\":\"Autobuses la Uni\u00f3n\",\"url\":\"https:\\\/\\\/www.autobuseslaunion.com\\\/\",\"logo\":{\"@type\":\"ImageObject\",\"inLanguage\":\"en-US\",\"@id\":\"https:\\\/\\\/www.autobuseslaunion.com\\\/#\\\/schema\\\/logo\\\/image\\\/\",\"url\":\"https:\\\/\\\/www.autobuseslaunion.com\\\/wp-content\\\/uploads\\\/2025\\\/04\\\/launion.png\",\"contentUrl\":\"https:\\\/\\\/www.autobuseslaunion.com\\\/wp-content\\\/uploads\\\/2025\\\/04\\\/launion.png\",\"width\":717,\"height\":276,\"caption\":\"Autobuses la Uni\u00f3n\"},\"image\":{\"@id\":\"https:\\\/\\\/www.autobuseslaunion.com\\\/#\\\/schema\\\/logo\\\/image\\\/\"},\"sameAs\":[\"https:\\\/\\\/www.facebook.com\\\/AutobusesLaUnion\",\"https:\\\/\\\/x.com\\\/BusesLaUnion\",\"https:\\\/\\\/www.instagram.com\\\/autobuseslaunion\\\/\"]}]}<\/script>\r\n<!-- \/ Yoast SEO plugin. -->","yoast_head_json":{"title":"Autobus entre Bilbao y Vitoria-Gasteiz | Autobuses La Uni\u00f3n","description":"Viaja en autob\u00fas entre Bilbao-Vitoria-Gasteiz en autob\u00fas con el mejor horario y m\u00e1s frecuencia durante todo el a\u00f1o. Conoce las distintas rutas","robots":{"index":"index","follow":"follow","max-snippet":"max-snippet:-1","max-image-preview":"max-image-preview:large","max-video-preview":"max-video-preview:-1"},"canonical":"https:\/\/www.autobuseslaunion.com\/en\/bilbao-vitoria-gasteiz\/","og_locale":"en_US","og_type":"article","og_title":"Autobus entre Bilbao y Vitoria-Gasteiz | Autobuses La Uni\u00f3n","og_description":"Viaja en autob\u00fas entre Bilbao-Vitoria-Gasteiz en autob\u00fas con el mejor horario y m\u00e1s frecuencia durante todo el a\u00f1o. Conoce las distintas rutas","og_url":"https:\/\/www.autobuseslaunion.com\/en\/bilbao-vitoria-gasteiz\/","og_site_name":"Autobuses la Uni\u00f3n","article_publisher":"https:\/\/www.facebook.com\/AutobusesLaUnion","article_modified_time":"2018-11-30T07:17:49+00:00","twitter_card":"summary_large_image","twitter_site":"@BusesLaUnion","twitter_misc":{"Est. reading time":"2 minutes"},"schema":{"@context":"https:\/\/schema.org","@graph":[{"@type":"WebPage","@id":"https:\/\/www.autobuseslaunion.com\/en\/bilbao-vitoria-gasteiz\/","url":"https:\/\/www.autobuseslaunion.com\/en\/bilbao-vitoria-gasteiz\/","name":"Autobus entre Bilbao y Vitoria-Gasteiz | Autobuses La Uni\u00f3n","isPartOf":{"@id":"https:\/\/www.autobuseslaunion.com\/#website"},"datePublished":"2018-07-06T09:01:04+00:00","dateModified":"2018-11-30T07:17:49+00:00","description":"Viaja en autob\u00fas entre Bilbao-Vitoria-Gasteiz en autob\u00fas con el mejor horario y m\u00e1s frecuencia durante todo el a\u00f1o. Conoce las distintas rutas","breadcrumb":{"@id":"https:\/\/www.autobuseslaunion.com\/en\/bilbao-vitoria-gasteiz\/#breadcrumb"},"inLanguage":"en-US","potentialAction":[{"@type":"ReadAction","target":["https:\/\/www.autobuseslaunion.com\/en\/bilbao-vitoria-gasteiz\/"]}]},{"@type":"BreadcrumbList","@id":"https:\/\/www.autobuseslaunion.com\/en\/bilbao-vitoria-gasteiz\/#breadcrumb","itemListElement":[{"@type":"ListItem","position":1,"name":"Portada","item":"https:\/\/www.autobuseslaunion.com\/en\/"},{"@type":"ListItem","position":2,"name":"Bilbao and margins > Vitoria-Gasteiz"}]},{"@type":"WebSite","@id":"https:\/\/www.autobuseslaunion.com\/#website","url":"https:\/\/www.autobuseslaunion.com\/","name":"Autobuses la Uni\u00f3n","description":"","publisher":{"@id":"https:\/\/www.autobuseslaunion.com\/#organization"},"potentialAction":[{"@type":"SearchAction","target":{"@type":"EntryPoint","urlTemplate":"https:\/\/www.autobuseslaunion.com\/?s={search_term_string}"},"query-input":{"@type":"PropertyValueSpecification","valueRequired":true,"valueName":"search_term_string"}}],"inLanguage":"en-US"},{"@type":"Organization","@id":"https:\/\/www.autobuseslaunion.com\/#organization","name":"Autobuses la Uni\u00f3n","url":"https:\/\/www.autobuseslaunion.com\/","logo":{"@type":"ImageObject","inLanguage":"en-US","@id":"https:\/\/www.autobuseslaunion.com\/#\/schema\/logo\/image\/","url":"https:\/\/www.autobuseslaunion.com\/wp-content\/uploads\/2025\/04\/launion.png","contentUrl":"https:\/\/www.autobuseslaunion.com\/wp-content\/uploads\/2025\/04\/launion.png","width":717,"height":276,"caption":"Autobuses la Uni\u00f3n"},"image":{"@id":"https:\/\/www.autobuseslaunion.com\/#\/schema\/logo\/image\/"},"sameAs":["https:\/\/www.facebook.com\/AutobusesLaUnion","https:\/\/x.com\/BusesLaUnion","https:\/\/www.instagram.com\/autobuseslaunion\/"]}]}},"_links":{"self":[{"href":"https:\/\/www.autobuseslaunion.com\/en\/wp-json\/wp\/v2\/pages\/1755","targetHints":{"allow":["GET"]}}],"collection":[{"href":"https:\/\/www.autobuseslaunion.com\/en\/wp-json\/wp\/v2\/pages"}],"about":[{"href":"https:\/\/www.autobuseslaunion.com\/en\/wp-json\/wp\/v2\/types\/page"}],"author":[{"embeddable":true,"href":"https:\/\/www.autobuseslaunion.com\/en\/wp-json\/wp\/v2\/users\/1"}],"replies":[{"embeddable":true,"href":"https:\/\/www.autobuseslaunion.com\/en\/wp-json\/wp\/v2\/comments?post=1755"}],"version-history":[{"count":13,"href":"https:\/\/www.autobuseslaunion.com\/en\/wp-json\/wp\/v2\/pages\/1755\/revisions"}],"predecessor-version":[{"id":2768,"href":"https:\/\/www.autobuseslaunion.com\/en\/wp-json\/wp\/v2\/pages\/1755\/revisions\/2768"}],"wp:attachment":[{"href":"https:\/\/www.autobuseslaunion.com\/en\/wp-json\/wp\/v2\/media?parent=1755"}],"curies":[{"name":"wp","href":"https:\/\/api.w.org\/{rel}","templated":true}]}}