

{"id":1514,"date":"2018-08-07T09:35:57","date_gmt":"2018-08-07T09:35:57","guid":{"rendered":"http:\/\/www.autobuseslaunion.com\/oficinas-centrales-la-union\/"},"modified":"2018-12-03T10:43:56","modified_gmt":"2018-12-03T10:43:56","slug":"where-do-we-operate-from","status":"publish","type":"page","link":"https:\/\/www.autobuseslaunion.com\/en\/where-do-we-operate-from\/","title":{"rendered":"Where do we operate from?"},"content":{"rendered":"<p>[vc_row][vc_column width=&#8221;1\/2&#8243;][vc_column_text]<strong>BILBAO TERMIBUS<\/strong><br \/>\nGurtubai kalea, 4<br \/>\n48013 \u2013 Bilbao<br \/>\nTlf:94 427 11 11[\/vc_column_text][\/vc_column][vc_column width=&#8221;1\/2&#8243;][vc_gmaps link=&#8221;#E-8_JTNDaWZyYW1lJTIwc3JjJTNEJTIyaHR0cHMlM0ElMkYlMkZ3d3cuZ29vZ2xlLmNvbSUyRm1hcHMlMkZlbWJlZCUzRnBiJTNEJTIxMW0xOCUyMTFtMTIlMjExbTMlMjExZDI5MDUuNTMzMjE3NzU4MjA5JTIxMmQtMi45NTE5Mzc1ODM2NTQ2NzklMjEzZDQzLjI2MTIwMzc3OTEzNjc2NCUyMTJtMyUyMTFmMCUyMTJmMCUyMTNmMCUyMTNtMiUyMTFpMTAyNCUyMTJpNzY4JTIxNGYxMy4xJTIxM20zJTIxMW0yJTIxMXMweGQ0ZTUwMzBlODUxMjg2ZCUyNTNBMHhhODZhMGEzMmU2OTZiOTEzJTIxMnNUZXJtaWJ1cyUyMTVlMCUyMTNtMiUyMTFzZXMlMjEyc2VzJTIxNHYxNTQzODMyOTA4Nzg0JTIyJTIwd2lkdGglM0QlMjI2MDAlMjIlMjBoZWlnaHQlM0QlMjI0NTAlMjIlMjBmcmFtZWJvcmRlciUzRCUyMjAlMjIlMjBzdHlsZSUzRCUyMmJvcmRlciUzQTAlMjIlMjBhbGxvd2Z1bGxzY3JlZW4lM0UlM0MlMkZpZnJhbWUlM0U=&#8221; size=&#8221;200&#8243;][\/vc_column][\/vc_row][vc_row][vc_column width=&#8221;1\/2&#8243;][vc_column_text]<strong>VITORIA &#8211; GASTEIZ \/ ESTACI\u00d3N DE AUTOBUSES<\/strong><br \/>\nPza. Euskaltzaindia<br \/>\n01010 \u2013 Vitoria-Gasteiz<br \/>\nTlf: 945 264626[\/vc_column_text][\/vc_column][vc_column width=&#8221;1\/2&#8243;][vc_gmaps link=&#8221;#E-8_JTNDaWZyYW1lJTIwc3JjJTNEJTIyaHR0cHMlM0ElMkYlMkZ3d3cuZ29vZ2xlLmNvbSUyRm1hcHMlMkZlbWJlZCUzRnBiJTNEJTIxMW0xOCUyMTFtMTIlMjExbTMlMjExZDI5MjQuNjUwNDM5OTU3MjAwNCUyMTJkLTIuNjg2NTk1NzgzNjYxODg4JTIxM2Q0Mi44NTkxMTM2NzkxNTY3NSUyMTJtMyUyMTFmMCUyMTJmMCUyMTNmMCUyMTNtMiUyMTFpMTAyNCUyMTJpNzY4JTIxNGYxMy4xJTIxM20zJTIxMW0yJTIxMXMweGQ0ZmMyM2JiMTllM2YwMyUyNTNBMHgzNGQwNDNhYzhlMTBlYWI5JTIxMnNFc3RhY2klMjVDMyUyNUIzbiUyQmRlJTJCQXV0b2J1c2VzJTJCZGUlMkJWaXRvcmlhJTIxNWUwJTIxM20yJTIxMXNlcyUyMTJzZXMlMjE0djE1NDM4MzI5Mzg1ODMlMjIlMjB3aWR0aCUzRCUyMjYwMCUyMiUyMGhlaWdodCUzRCUyMjQ1MCUyMiUyMGZyYW1lYm9yZGVyJTNEJTIyMCUyMiUyMHN0eWxlJTNEJTIyYm9yZGVyJTNBMCUyMiUyMGFsbG93ZnVsbHNjcmVlbiUzRSUzQyUyRmlmcmFtZSUzRQ==&#8221; size=&#8221;200&#8243;][\/vc_column][\/vc_row][vc_row][vc_column width=&#8221;1\/2&#8243;][vc_column_text]<strong>PAMPLONA \/ ESTACI\u00d3N DE AUTOBUSES<\/strong><br \/>\nC\/ Yanguas y Miranda, 2<br \/>\n31003 \u2013 Pamplona<br \/>\nTlf: 948 22 17 66[\/vc_column_text][\/vc_column][vc_column width=&#8221;1\/2&#8243;][vc_gmaps link=&#8221;#E-8_JTNDaWZyYW1lJTIwc3JjJTNEJTIyaHR0cHMlM0ElMkYlMkZ3d3cuZ29vZ2xlLmNvbSUyRm1hcHMlMkZlbWJlZCUzRnBiJTNEJTIxMW0xOCUyMTFtMTIlMjExbTMlMjExZDI5MjYuODk3Mjk4OTkyNTIzNyUyMTJkLTEuNjQ3NTg4NDgzNjYyNzY1JTIxM2Q0Mi44MTE2NTYyNzkxNTkyNyUyMTJtMyUyMTFmMCUyMTJmMCUyMTNmMCUyMTNtMiUyMTFpMTAyNCUyMTJpNzY4JTIxNGYxMy4xJTIxM20zJTIxMW0yJTIxMXMweGQ1MDkyNTdiOGQzN2JlOSUyNTNBMHg1ZTgxNWRkZjZkMWNjMTIyJTIxMnNFc3RhY2klMjVDMyUyNUIzbiUyQmRlJTJCQXV0b2J1c2VzJTJCZGUlMkJQYW1wbG9uYSUyQiUyOE5VRVZBJTI5JTIxNWUwJTIxM20yJTIxMXNlcyUyMTJzZXMlMjE0djE1NDM4MzI5NzA2NDclMjIlMjB3aWR0aCUzRCUyMjYwMCUyMiUyMGhlaWdodCUzRCUyMjQ1MCUyMiUyMGZyYW1lYm9yZGVyJTNEJTIyMCUyMiUyMHN0eWxlJTNEJTIyYm9yZGVyJTNBMCUyMiUyMGFsbG93ZnVsbHNjcmVlbiUzRSUzQyUyRmlmcmFtZSUzRQ==&#8221; size=&#8221;200&#8243;][\/vc_column][\/vc_row][vc_row][vc_column width=&#8221;1\/2&#8243;][vc_column_text]<strong>JACA \/ ESTACI\u00d3N DE AUTOBUSES<\/strong><br \/>\nAvda. de la Jacetania, s\/n<br \/>\n22700 \u2013 Jaca (Huesca)<br \/>\nTlf: 974 36 25 38[\/vc_column_text][\/vc_column][vc_column width=&#8221;1\/2&#8243;][vc_gmaps link=&#8221;#E-8_JTNDaWZyYW1lJTIwc3JjJTNEJTIyaHR0cHMlM0ElMkYlMkZ3d3cuZ29vZ2xlLmNvbSUyRm1hcHMlMkZlbWJlZCUzRnBiJTNEJTIxMW0xOCUyMTFtMTIlMjExbTMlMjExZDI5MzguMjQ5MTE5NDAzNTkzJTIxMmQtMC41NTIzNzIxODM2NjcwNDY0JTIxM2Q0Mi41NzEyMzQ1NzkxNzMyNSUyMTJtMyUyMTFmMCUyMTJmMCUyMTNmMCUyMTNtMiUyMTFpMTAyNCUyMTJpNzY4JTIxNGYxMy4xJTIxM20zJTIxMW0yJTIxMXMweGQ1NzgwZWIwZmEwZTQxOSUyNTNBMHhhYThkZTRhNzljZTBkNWJhJTIxMnNFc3RhY2klMjVDMyUyNUIzbiUyQmRlJTJCQXV0b2J1c2VzJTJCZGUlMkJKYWNhJTIxNWUwJTIxM20yJTIxMXNlcyUyMTJzZXMlMjE0djE1NDM4MzMwMzU3NjQlMjIlMjB3aWR0aCUzRCUyMjYwMCUyMiUyMGhlaWdodCUzRCUyMjQ1MCUyMiUyMGZyYW1lYm9yZGVyJTNEJTIyMCUyMiUyMHN0eWxlJTNEJTIyYm9yZGVyJTNBMCUyMiUyMGFsbG93ZnVsbHNjcmVlbiUzRSUzQyUyRmlmcmFtZSUzRQ==&#8221; size=&#8221;200&#8243;][\/vc_column][\/vc_row][vc_row][vc_column width=&#8221;1\/2&#8243;][vc_column_text]<strong>SAN SEBASTI\u00c1N \/ ESTACI\u00d3N DE AUTOBUSES<\/strong><br \/>\nFederico Garc\u00eda Lorca pasealekua, 1<br \/>\n20012 \u2013 Donostia\/San Sebasti\u00e1n[\/vc_column_text][\/vc_column][vc_column width=&#8221;1\/2&#8243;][vc_gmaps link=&#8221;#E-8_JTNDaWZyYW1lJTIwc3JjJTNEJTIyaHR0cHMlM0ElMkYlMkZ3d3cuZ29vZ2xlLmNvbSUyRm1hcHMlMkZlbWJlZCUzRnBiJTNEJTIxMW0xOCUyMTFtMTIlMjExbTMlMjExZDI5MDIuOTA0Mzk0MDI1MDM4NSUyMTJkLTEuOTc5NDYyNTgzNjUzNjcxNyUyMTNkNDMuMzE2MjYwNzc5MTM0MjA0JTIxMm0zJTIxMWYwJTIxMmYwJTIxM2YwJTIxM20yJTIxMWkxMDI0JTIxMmk3NjglMjE0ZjEzLjElMjEzbTMlMjExbTIlMjExczB4ZDUxYTU1OWViMGVhNmMzJTI1M0EweGI1YWI2NTRiY2M1MTM5MDElMjEyc0VzdGFjaSUyNUMzJTI1QjNuJTJCZGUlMkJBdXRvYnVzZXMlMkJkZSUyQlNhbiUyQlNlYmFzdGlhbiUyMTVlMCUyMTNtMiUyMTFzZXMlMjEyc2VzJTIxNHYxNTQzODMzMTA2MzQ5JTIyJTIwd2lkdGglM0QlMjI2MDAlMjIlMjBoZWlnaHQlM0QlMjI0NTAlMjIlMjBmcmFtZWJvcmRlciUzRCUyMjAlMjIlMjBzdHlsZSUzRCUyMmJvcmRlciUzQTAlMjIlMjBhbGxvd2Z1bGxzY3JlZW4lM0UlM0MlMkZpZnJhbWUlM0U=&#8221; size=&#8221;200&#8243;][\/vc_column][\/vc_row]<\/p>\n","protected":false},"excerpt":{"rendered":"<p>[vc_row][vc_column width=&#8221;1\/2&#8243;][vc_column_text]BILBAO TERMIBUS Gurtubai kalea, 4 48013 \u2013 Bilbao Tlf:94 427 11 11[\/vc_column_text][\/vc_column][vc_column width=&#8221;1\/2&#8243;][vc_gmaps link=&#8221;#E-8_JTNDaWZyYW1lJTIwc3JjJTNEJTIyaHR0cHMlM0ElMkYlMkZ3d3cuZ29vZ2xlLmNvbSUyRm1hcHMlMkZlbWJlZCUzRnBiJTNEJTIxMW0xOCUyMTFtMTIlMjExbTMlMjExZDI5MDUuNTMzMjE3NzU4MjA5JTIxMmQtMi45NTE5Mzc1ODM2NTQ2NzklMjEzZDQzLjI2MTIwMzc3OTEzNjc2NCUyMTJtMyUyMTFmMCUyMTJmMCUyMTNmMCUyMTNtMiUyMTFpMTAyNCUyMTJpNzY4JTIxNGYxMy4xJTIxM20zJTIxMW0yJTIxMXMweGQ0ZTUwMzBlODUxMjg2ZCUyNTNBMHhhODZhMGEzMmU2OTZiOTEzJTIxMnNUZXJtaWJ1cyUyMTVlMCUyMTNtMiUyMTFzZXMlMjEyc2VzJTIxNHYxNTQzODMyOTA4Nzg0JTIyJTIwd2lkdGglM0QlMjI2MDAlMjIlMjBoZWlnaHQlM0QlMjI0NTAlMjIlMjBmcmFtZWJvcmRlciUzRCUyMjAlMjIlMjBzdHlsZSUzRCUyMmJvcmRlciUzQTAlMjIlMjBhbGxvd2Z1bGxzY3JlZW4lM0UlM0MlMkZpZnJhbWUlM0U=&#8221; size=&#8221;200&#8243;][\/vc_column][\/vc_row][vc_row][vc_column width=&#8221;1\/2&#8243;][vc_column_text]VITORIA &#8211; GASTEIZ \/ ESTACI\u00d3N DE AUTOBUSES Pza. Euskaltzaindia 01010 \u2013 Vitoria-Gasteiz Tlf: 945 264626[\/vc_column_text][\/vc_column][vc_column width=&#8221;1\/2&#8243;][vc_gmaps link=&#8221;#E-8_JTNDaWZyYW1lJTIwc3JjJTNEJTIyaHR0cHMlM0ElMkYlMkZ3d3cuZ29vZ2xlLmNvbSUyRm1hcHMlMkZlbWJlZCUzRnBiJTNEJTIxMW0xOCUyMTFtMTIlMjExbTMlMjExZDI5MjQuNjUwNDM5OTU3MjAwNCUyMTJkLTIuNjg2NTk1NzgzNjYxODg4JTIxM2Q0Mi44NTkxMTM2NzkxNTY3NSUyMTJtMyUyMTFmMCUyMTJmMCUyMTNmMCUyMTNtMiUyMTFpMTAyNCUyMTJpNzY4JTIxNGYxMy4xJTIxM20zJTIxMW0yJTIxMXMweGQ0ZmMyM2JiMTllM2YwMyUyNTNBMHgzNGQwNDNhYzhlMTBlYWI5JTIxMnNFc3RhY2klMjVDMyUyNUIzbiUyQmRlJTJCQXV0b2J1c2VzJTJCZGUlMkJWaXRvcmlhJTIxNWUwJTIxM20yJTIxMXNlcyUyMTJzZXMlMjE0djE1NDM4MzI5Mzg1ODMlMjIlMjB3aWR0aCUzRCUyMjYwMCUyMiUyMGhlaWdodCUzRCUyMjQ1MCUyMiUyMGZyYW1lYm9yZGVyJTNEJTIyMCUyMiUyMHN0eWxlJTNEJTIyYm9yZGVyJTNBMCUyMiUyMGFsbG93ZnVsbHNjcmVlbiUzRSUzQyUyRmlmcmFtZSUzRQ==&#8221; size=&#8221;200&#8243;][\/vc_column][\/vc_row][vc_row][vc_column width=&#8221;1\/2&#8243;][vc_column_text]PAMPLONA \/ ESTACI\u00d3N DE AUTOBUSES C\/ Yanguas y Miranda, 2 31003 \u2013 Pamplona Tlf: 948 22 17 66[\/vc_column_text][\/vc_column][vc_column width=&#8221;1\/2&#8243;][vc_gmaps link=&#8221;#E-8_JTNDaWZyYW1lJTIwc3JjJTNEJTIyaHR0cHMlM0ElMkYlMkZ3d3cuZ29vZ2xlLmNvbSUyRm1hcHMlMkZlbWJlZCUzRnBiJTNEJTIxMW0xOCUyMTFtMTIlMjExbTMlMjExZDI5MjYuODk3Mjk4OTkyNTIzNyUyMTJkLTEuNjQ3NTg4NDgzNjYyNzY1JTIxM2Q0Mi44MTE2NTYyNzkxNTkyNyUyMTJtMyUyMTFmMCUyMTJmMCUyMTNmMCUyMTNtMiUyMTFpMTAyNCUyMTJpNzY4JTIxNGYxMy4xJTIxM20zJTIxMW0yJTIxMXMweGQ1MDkyNTdiOGQzN2JlOSUyNTNBMHg1ZTgxNWRkZjZkMWNjMTIyJTIxMnNFc3RhY2klMjVDMyUyNUIzbiUyQmRlJTJCQXV0b2J1c2VzJTJCZGUlMkJQYW1wbG9uYSUyQiUyOE5VRVZBJTI5JTIxNWUwJTIxM20yJTIxMXNlcyUyMTJzZXMlMjE0djE1NDM4MzI5NzA2NDclMjIlMjB3aWR0aCUzRCUyMjYwMCUyMiUyMGhlaWdodCUzRCUyMjQ1MCUyMiUyMGZyYW1lYm9yZGVyJTNEJTIyMCUyMiUyMHN0eWxlJTNEJTIyYm9yZGVyJTNBMCUyMiUyMGFsbG93ZnVsbHNjcmVlbiUzRSUzQyUyRmlmcmFtZSUzRQ==&#8221; size=&#8221;200&#8243;][\/vc_column][\/vc_row][vc_row][vc_column<\/p>\n","protected":false},"author":1,"featured_media":0,"parent":0,"menu_order":0,"comment_status":"closed","ping_status":"closed","template":"","meta":{"footnotes":""},"class_list":["post-1514","page","type-page","status-publish","hentry"],"yoast_head":"<!-- This site is optimized with the Yoast SEO plugin v27.4 - https:\/\/yoast.com\/product\/yoast-seo-wordpress\/ -->\r\n<title>Oficinas centrales Autobuses La Uni\u00f3n | Autobuses La Uni\u00f3n<\/title>\r\n<meta name=\"description\" content=\"Conoce las oficinas centrales de Autobuses La Uni\u00f3n en Bilbao, Vitoria-Gasteiz y Pamplona.\" \/>\r\n<meta name=\"robots\" content=\"index, follow, max-snippet:-1, max-image-preview:large, max-video-preview:-1\" \/>\r\n<link rel=\"canonical\" href=\"https:\/\/www.autobuseslaunion.com\/en\/where-do-we-operate-from\/\" \/>\r\n<meta property=\"og:locale\" content=\"en_US\" \/>\r\n<meta property=\"og:type\" content=\"article\" \/>\r\n<meta property=\"og:title\" content=\"Oficinas centrales Autobuses La Uni\u00f3n | Autobuses La Uni\u00f3n\" \/>\r\n<meta property=\"og:description\" content=\"Conoce las oficinas centrales de Autobuses La Uni\u00f3n en Bilbao, Vitoria-Gasteiz y Pamplona.\" \/>\r\n<meta property=\"og:url\" content=\"https:\/\/www.autobuseslaunion.com\/en\/where-do-we-operate-from\/\" \/>\r\n<meta property=\"og:site_name\" content=\"Autobuses la Uni\u00f3n\" \/>\r\n<meta property=\"article:publisher\" content=\"https:\/\/www.facebook.com\/AutobusesLaUnion\" \/>\r\n<meta property=\"article:modified_time\" content=\"2018-12-03T10:43:56+00:00\" \/>\r\n<meta name=\"twitter:card\" content=\"summary_large_image\" \/>\r\n<meta name=\"twitter:site\" content=\"@BusesLaUnion\" \/>\r\n<meta name=\"twitter:label1\" content=\"Est. reading time\" \/>\n\t<meta name=\"twitter:data1\" content=\"2 minutes\" \/>\r\n<script type=\"application\/ld+json\" class=\"yoast-schema-graph\">{\"@context\":\"https:\\\/\\\/schema.org\",\"@graph\":[{\"@type\":\"WebPage\",\"@id\":\"https:\\\/\\\/www.autobuseslaunion.com\\\/en\\\/where-do-we-operate-from\\\/\",\"url\":\"https:\\\/\\\/www.autobuseslaunion.com\\\/en\\\/where-do-we-operate-from\\\/\",\"name\":\"Oficinas centrales Autobuses La Uni\u00f3n | Autobuses La Uni\u00f3n\",\"isPartOf\":{\"@id\":\"https:\\\/\\\/www.autobuseslaunion.com\\\/#website\"},\"datePublished\":\"2018-08-07T09:35:57+00:00\",\"dateModified\":\"2018-12-03T10:43:56+00:00\",\"description\":\"Conoce las oficinas centrales de Autobuses La Uni\u00f3n en Bilbao, Vitoria-Gasteiz y Pamplona.\",\"breadcrumb\":{\"@id\":\"https:\\\/\\\/www.autobuseslaunion.com\\\/en\\\/where-do-we-operate-from\\\/#breadcrumb\"},\"inLanguage\":\"en-US\",\"potentialAction\":[{\"@type\":\"ReadAction\",\"target\":[\"https:\\\/\\\/www.autobuseslaunion.com\\\/en\\\/where-do-we-operate-from\\\/\"]}]},{\"@type\":\"BreadcrumbList\",\"@id\":\"https:\\\/\\\/www.autobuseslaunion.com\\\/en\\\/where-do-we-operate-from\\\/#breadcrumb\",\"itemListElement\":[{\"@type\":\"ListItem\",\"position\":1,\"name\":\"Portada\",\"item\":\"https:\\\/\\\/www.autobuseslaunion.com\\\/en\\\/\"},{\"@type\":\"ListItem\",\"position\":2,\"name\":\"Where do we operate from?\"}]},{\"@type\":\"WebSite\",\"@id\":\"https:\\\/\\\/www.autobuseslaunion.com\\\/#website\",\"url\":\"https:\\\/\\\/www.autobuseslaunion.com\\\/\",\"name\":\"Autobuses la Uni\u00f3n\",\"description\":\"\",\"publisher\":{\"@id\":\"https:\\\/\\\/www.autobuseslaunion.com\\\/#organization\"},\"potentialAction\":[{\"@type\":\"SearchAction\",\"target\":{\"@type\":\"EntryPoint\",\"urlTemplate\":\"https:\\\/\\\/www.autobuseslaunion.com\\\/?s={search_term_string}\"},\"query-input\":{\"@type\":\"PropertyValueSpecification\",\"valueRequired\":true,\"valueName\":\"search_term_string\"}}],\"inLanguage\":\"en-US\"},{\"@type\":\"Organization\",\"@id\":\"https:\\\/\\\/www.autobuseslaunion.com\\\/#organization\",\"name\":\"Autobuses la Uni\u00f3n\",\"url\":\"https:\\\/\\\/www.autobuseslaunion.com\\\/\",\"logo\":{\"@type\":\"ImageObject\",\"inLanguage\":\"en-US\",\"@id\":\"https:\\\/\\\/www.autobuseslaunion.com\\\/#\\\/schema\\\/logo\\\/image\\\/\",\"url\":\"https:\\\/\\\/www.autobuseslaunion.com\\\/wp-content\\\/uploads\\\/2025\\\/04\\\/launion.png\",\"contentUrl\":\"https:\\\/\\\/www.autobuseslaunion.com\\\/wp-content\\\/uploads\\\/2025\\\/04\\\/launion.png\",\"width\":717,\"height\":276,\"caption\":\"Autobuses la Uni\u00f3n\"},\"image\":{\"@id\":\"https:\\\/\\\/www.autobuseslaunion.com\\\/#\\\/schema\\\/logo\\\/image\\\/\"},\"sameAs\":[\"https:\\\/\\\/www.facebook.com\\\/AutobusesLaUnion\",\"https:\\\/\\\/x.com\\\/BusesLaUnion\",\"https:\\\/\\\/www.instagram.com\\\/autobuseslaunion\\\/\"]}]}<\/script>\r\n<!-- \/ Yoast SEO plugin. -->","yoast_head_json":{"title":"Oficinas centrales Autobuses La Uni\u00f3n | Autobuses La Uni\u00f3n","description":"Conoce las oficinas centrales de Autobuses La Uni\u00f3n en Bilbao, Vitoria-Gasteiz y Pamplona.","robots":{"index":"index","follow":"follow","max-snippet":"max-snippet:-1","max-image-preview":"max-image-preview:large","max-video-preview":"max-video-preview:-1"},"canonical":"https:\/\/www.autobuseslaunion.com\/en\/where-do-we-operate-from\/","og_locale":"en_US","og_type":"article","og_title":"Oficinas centrales Autobuses La Uni\u00f3n | Autobuses La Uni\u00f3n","og_description":"Conoce las oficinas centrales de Autobuses La Uni\u00f3n en Bilbao, Vitoria-Gasteiz y Pamplona.","og_url":"https:\/\/www.autobuseslaunion.com\/en\/where-do-we-operate-from\/","og_site_name":"Autobuses la Uni\u00f3n","article_publisher":"https:\/\/www.facebook.com\/AutobusesLaUnion","article_modified_time":"2018-12-03T10:43:56+00:00","twitter_card":"summary_large_image","twitter_site":"@BusesLaUnion","twitter_misc":{"Est. reading time":"2 minutes"},"schema":{"@context":"https:\/\/schema.org","@graph":[{"@type":"WebPage","@id":"https:\/\/www.autobuseslaunion.com\/en\/where-do-we-operate-from\/","url":"https:\/\/www.autobuseslaunion.com\/en\/where-do-we-operate-from\/","name":"Oficinas centrales Autobuses La Uni\u00f3n | Autobuses La Uni\u00f3n","isPartOf":{"@id":"https:\/\/www.autobuseslaunion.com\/#website"},"datePublished":"2018-08-07T09:35:57+00:00","dateModified":"2018-12-03T10:43:56+00:00","description":"Conoce las oficinas centrales de Autobuses La Uni\u00f3n en Bilbao, Vitoria-Gasteiz y Pamplona.","breadcrumb":{"@id":"https:\/\/www.autobuseslaunion.com\/en\/where-do-we-operate-from\/#breadcrumb"},"inLanguage":"en-US","potentialAction":[{"@type":"ReadAction","target":["https:\/\/www.autobuseslaunion.com\/en\/where-do-we-operate-from\/"]}]},{"@type":"BreadcrumbList","@id":"https:\/\/www.autobuseslaunion.com\/en\/where-do-we-operate-from\/#breadcrumb","itemListElement":[{"@type":"ListItem","position":1,"name":"Portada","item":"https:\/\/www.autobuseslaunion.com\/en\/"},{"@type":"ListItem","position":2,"name":"Where do we operate from?"}]},{"@type":"WebSite","@id":"https:\/\/www.autobuseslaunion.com\/#website","url":"https:\/\/www.autobuseslaunion.com\/","name":"Autobuses la Uni\u00f3n","description":"","publisher":{"@id":"https:\/\/www.autobuseslaunion.com\/#organization"},"potentialAction":[{"@type":"SearchAction","target":{"@type":"EntryPoint","urlTemplate":"https:\/\/www.autobuseslaunion.com\/?s={search_term_string}"},"query-input":{"@type":"PropertyValueSpecification","valueRequired":true,"valueName":"search_term_string"}}],"inLanguage":"en-US"},{"@type":"Organization","@id":"https:\/\/www.autobuseslaunion.com\/#organization","name":"Autobuses la Uni\u00f3n","url":"https:\/\/www.autobuseslaunion.com\/","logo":{"@type":"ImageObject","inLanguage":"en-US","@id":"https:\/\/www.autobuseslaunion.com\/#\/schema\/logo\/image\/","url":"https:\/\/www.autobuseslaunion.com\/wp-content\/uploads\/2025\/04\/launion.png","contentUrl":"https:\/\/www.autobuseslaunion.com\/wp-content\/uploads\/2025\/04\/launion.png","width":717,"height":276,"caption":"Autobuses la Uni\u00f3n"},"image":{"@id":"https:\/\/www.autobuseslaunion.com\/#\/schema\/logo\/image\/"},"sameAs":["https:\/\/www.facebook.com\/AutobusesLaUnion","https:\/\/x.com\/BusesLaUnion","https:\/\/www.instagram.com\/autobuseslaunion\/"]}]}},"_links":{"self":[{"href":"https:\/\/www.autobuseslaunion.com\/en\/wp-json\/wp\/v2\/pages\/1514","targetHints":{"allow":["GET"]}}],"collection":[{"href":"https:\/\/www.autobuseslaunion.com\/en\/wp-json\/wp\/v2\/pages"}],"about":[{"href":"https:\/\/www.autobuseslaunion.com\/en\/wp-json\/wp\/v2\/types\/page"}],"author":[{"embeddable":true,"href":"https:\/\/www.autobuseslaunion.com\/en\/wp-json\/wp\/v2\/users\/1"}],"replies":[{"embeddable":true,"href":"https:\/\/www.autobuseslaunion.com\/en\/wp-json\/wp\/v2\/comments?post=1514"}],"version-history":[{"count":5,"href":"https:\/\/www.autobuseslaunion.com\/en\/wp-json\/wp\/v2\/pages\/1514\/revisions"}],"predecessor-version":[{"id":2883,"href":"https:\/\/www.autobuseslaunion.com\/en\/wp-json\/wp\/v2\/pages\/1514\/revisions\/2883"}],"wp:attachment":[{"href":"https:\/\/www.autobuseslaunion.com\/en\/wp-json\/wp\/v2\/media?parent=1514"}],"curies":[{"name":"wp","href":"https:\/\/api.w.org\/{rel}","templated":true}]}}